{"id":9019,"date":"2018-04-29T12:34:17","date_gmt":"2018-04-29T12:34:17","guid":{"rendered":"http:\/\/orbitaports.com\/gate-ccr\/"},"modified":"2024-08-19T15:02:27","modified_gmt":"2024-08-19T15:02:27","slug":"gate-ccr","status":"publish","type":"page","link":"https:\/\/tmeicports.com\/es\/soluciones\/gate-suite\/gate-ccr\/","title":{"rendered":"Gate CCR"},"content":{"rendered":"<p>[vc_row content_placement=\u00bbtop\u00bb el_class=\u00bbbot-marg\u00bb][vc_column width=\u00bb1\/6&#8243;][\/vc_column][vc_column width=\u00bb2\/3&#8243;][vc_custom_heading text=\u00bbAutomatizaci\u00f3n por OCR para unas puertas r\u00e1pidas y eficientes\u00bb font_container=\u00bbtag:h2|text_align:center\u00bb google_fonts=\u00bbfont_family:Montserrat%3A100%2C100italic%2C200%2C200italic%2C300%2C300italic%2Cregular%2Citalic%2C500%2C500italic%2C600%2C600italic%2C700%2C700italic%2C800%2C800italic%2C900%2C900italic|font_style:700%20bold%20regular%3A700%3Anormal\u00bb css=\u00bb.vc_custom_1526994882915{margin-top: -10px !important;}\u00bb][vc_column_text]<\/p>\n<p style=\"text-align: center;\">El sistema TMEIC GateCCR permite a los usuarios identificar autom\u00e1ticamente los contenedores ISO durante su transporte en cami\u00f3n a trav\u00e9s de un punto de acceso controlado. El sistema incluye tambi\u00e9n un lector de placas de matr\u00edcula de camiones, captura de im\u00e1genes est\u00e1ticas y v\u00eddeos para el control de los da\u00f1os e identificaci\u00f3n \u00f3ptica de etiquetas de mercanc\u00edas peligrosas con el m\u00f3dulo adicional TMEIC GateIMDG.<\/p>\n<p>[\/vc_column_text][\/vc_column][vc_column width=\u00bb1\/6&#8243;][\/vc_column][\/vc_row][vc_row full_width=\u00bbstretch_row_content_no_spaces\u00bb parallax=\u00bbcontent-moving\u00bb overlay_bg=\u00bbyes\u00bb css=\u00bb.vc_custom_1723124769656{border-right-width: 30px !important;border-left-width: 30px !important;padding-top: 60px !important;padding-bottom: 100px !important;background-image: url(https:\/\/tmeicports.com\/wp-content\/uploads\/2018\/04\/gate-suite_gate-ccr-01.jpg?id=9679) !important;background-position: center;background-repeat: no-repeat !important;background-size: cover !important;border-left-color: #ffffff !important;border-left-style: solid !important;border-right-color: #ffffff !important;border-right-style: solid !important;}\u00bb overlay_color=\u00bbrgba(12,12,12,0.31)\u00bb el_class=\u00bbbot-pad\u00bb][vc_column align=\u00bbtext-lg-center\u00bb][vc_custom_heading text=\u00bbUna completa automatizaci\u00f3n en puertas\u00bb font_container=\u00bbtag:h2|font_size:50px|text_align:center|color:%23ffffff\u00bb google_fonts=\u00bbfont_family:Poppins%3Aregular|font_style:700%20bold%20regular%3A700%3Anormal\u00bb css=\u00bb.vc_custom_1528282244712{margin-top: 0px !important;}\u00bb]<style>.ra_button_69e62c56cd928 i{color:#ffffff;}.ra_button_69e62c56cd928{background-color:rgba(55,72,229,0.89);color:rgba(255,255,255,0.69);border-color:rgba(55,72,229,0.89) !important;}.ra_button_69e62c56cd928:focus,.ra_button_69e62c56cd928:hover{background-color:#3748e5;border-color:#3748e5!important;}<\/style><a href=\"https:\/\/www.youtube.com\/watch?v=N0Z_YxXKEoQ\" class=\"btn btn-solid circle border-thin text-uppercase ra_button_69e62c56cd928 lightbox-link\" data-type=\"video\">\n\t\t\t\t<span>\n\tPlay<i class=\"fa fa-play-circle\"><\/i>\t<\/span>\n<\/a>\n[\/vc_column][\/vc_row][vc_row el_class=\u00bbbot-marg\u00bb][vc_column width=\u00bb1\/6&#8243;][\/vc_column][vc_column width=\u00bb2\/3&#8243;][vc_column_text]Gracias al uso de la \u00faltima tecnolog\u00eda en c\u00e1maras IP, sensores de megap\u00edxeles y un sofisticado procesamiento por medio de redes neuronales y otras tecnolog\u00edas de visi\u00f3n, GateCCR ofrece un alto grado de precisi\u00f3n y fiabilidad en la verificaci\u00f3n de c\u00f3digos ISO y la obtenci\u00f3n de im\u00e1genes de da\u00f1os.<\/p>\n<p>El software de Reconocimiento \u00d3ptico de Caracteres (OCR) est\u00e1 dise\u00f1ado para integrarse con el Sistema Operativo de la Terminal (TOS) y otros sistemas de control de terminales. Las lecturas de c\u00f3digos ISO, im\u00e1genes y otros datos pueden transmitirse en tiempo real desde el registro de acceso de cada puerta a trav\u00e9s de los protocolos de comunicaciones m\u00e1s frecuentes, como SQL y WebServices. La interfaz XML de TMEIC facilita una integraci\u00f3n a\u00fan mayor.[\/vc_column_text][\/vc_column][vc_column width=\u00bb1\/6&#8243;][\/vc_column][\/vc_row][vc_row el_class=\u00bbbot-marg\u00bb][vc_column]<div id=\"ra_carousel_69e62c56cdf0d\" class=\"carousel-container carousel-nav-style1 nav-dark ra_carousel_69e62c56cdf0d\" data-flickity-options='{\"cellAlign\":\"center\",\"contain\":true,\"groupCells\":true,\"pageDots\":true,\"pauseAutoPlayOnHover\":false}'>\n\n\t\n\t<div class=\"row carousel-items \">\n\t[vc_single_image image=\u00bb8487&#8243; img_size=\u00bbfull\u00bb][vc_single_image image=\u00bb8488&#8243; img_size=\u00bbfull\u00bb][vc_single_image image=\u00bb8489&#8243; img_size=\u00bbfull\u00bb alignment=\u00bbcenter\u00bb][vc_single_image image=\u00bb8490&#8243; img_size=\u00bbfull\u00bb alignment=\u00bbcenter\u00bb][vc_single_image image=\u00bb8492&#8243; img_size=\u00bbfull\u00bb alignment=\u00bbcenter\u00bb]\t<\/div>\n\n\t\n<\/div>[\/vc_column][\/vc_row][vc_row el_class=\u00bbbot-marg\u00bb][vc_column width=\u00bb1\/6&#8243;][\/vc_column][vc_column width=\u00bb2\/3&#8243;][vc_custom_heading text=\u00bbFunciones adicionales\u00bb font_container=\u00bbtag:h3|text_align:left\u00bb use_theme_fonts=\u00bbyes\u00bb][vc_column_text]Como complemento opcional de GateCCR, el m\u00f3dulo GateIMDG identifica las etiquetas y r\u00f3tulos de mercanc\u00edas peligrosas colocados en el contenedor. GateIMDG es capaz de detectar e identificar contenedores con m\u00faltiples etiquetas e indicar la clase y subclase IMDG a la que pertenece cada etiqueta. Aunque las mercanc\u00edas peligrosas suelen colocarse en la parte trasera, GateIMDG puede detectar tambi\u00e9n las etiquetas en ambos laterales del contenedor.[\/vc_column_text][\/vc_column][vc_column width=\u00bb1\/6&#8243;][\/vc_column][\/vc_row][vc_row full_width=\u00bbstretch_row_content_no_spaces\u00bb][vc_column width=\u00bb1\/2&#8243; css=\u00bb.vc_custom_1525700424720{background-color: #b7b7b7 !important;}\u00bb el_class=\u00bbbacklink\u00bb][vc_custom_heading text=\u00bbVolver a Soluciones\u00bb font_container=\u00bbtag:h3|text_align:center|color:%23ffffff\u00bb use_theme_fonts=\u00bbyes\u00bb link=\u00bburl:https%3A%2F%2Ftmeicports.com%2Fes%2Fsoluciones%2F|||\u00bb el_class=\u00bbbott-padder\u00bb][\/vc_column][vc_column width=\u00bb1\/2&#8243; css=\u00bb.vc_custom_1525700442697{background-color: #c1c1c1 !important;}\u00bb el_class=\u00bbbacklink\u00bb][vc_custom_heading text=\u00bbVolver a Gate Suite\u00bb font_container=\u00bbtag:h3|text_align:center|color:%23ffffff\u00bb use_theme_fonts=\u00bbyes\u00bb link=\u00bburl:https%3A%2F%2Ftmeicports.com%2Fes%2Fsoluciones%2Fgate-suite%2F|||\u00bb el_class=\u00bbbott-padder\u00bb][\/vc_column][\/vc_row]<\/p>\n","protected":false},"excerpt":{"rendered":"<p>[vc_row content_placement=\u00bbtop\u00bb el_class=\u00bbbot-marg\u00bb][vc_column width=\u00bb1\/6&#8243;][\/vc_column][vc_column width=\u00bb2\/3&#8243;][vc_custom_heading text=\u00bbAutomatizaci\u00f3n por OCR para unas puertas r\u00e1pidas y eficientes\u00bb font_container=\u00bbtag:h2|text_align:center\u00bb google_fonts=\u00bbfont_family:Montserrat%3A100%2C100italic%2C200%2C200italic%2C300%2C300italic%2Cregular%2Citalic%2C500%2C500italic%2C600%2C600italic%2C700%2C700italic%2C800%2C800italic%2C900%2C900italic|font_style:700%20bold%20regular%3A700%3Anormal\u00bb css=\u00bb.vc_custom_1526994882915{margin-top: -10px !important;}\u00bb][vc_column_text] El sistema TMEIC GateCCR permite a los usuarios identificar autom\u00e1ticamente los contenedores ISO durante su transporte en cami\u00f3n a trav\u00e9s de un punto de acceso controlado. El sistema incluye tambi\u00e9n un lector de placas de matr\u00edcula [&#8230;]<\/p>\n","protected":false},"author":1,"featured_media":0,"parent":9031,"menu_order":0,"comment_status":"closed","ping_status":"closed","template":"","meta":{"footnotes":""},"_links":{"self":[{"href":"https:\/\/tmeicports.com\/es\/wp-json\/wp\/v2\/pages\/9019"}],"collection":[{"href":"https:\/\/tmeicports.com\/es\/wp-json\/wp\/v2\/pages"}],"about":[{"href":"https:\/\/tmeicports.com\/es\/wp-json\/wp\/v2\/types\/page"}],"author":[{"embeddable":true,"href":"https:\/\/tmeicports.com\/es\/wp-json\/wp\/v2\/users\/1"}],"replies":[{"embeddable":true,"href":"https:\/\/tmeicports.com\/es\/wp-json\/wp\/v2\/comments?post=9019"}],"version-history":[{"count":10,"href":"https:\/\/tmeicports.com\/es\/wp-json\/wp\/v2\/pages\/9019\/revisions"}],"predecessor-version":[{"id":11736,"href":"https:\/\/tmeicports.com\/es\/wp-json\/wp\/v2\/pages\/9019\/revisions\/11736"}],"up":[{"embeddable":true,"href":"https:\/\/tmeicports.com\/es\/wp-json\/wp\/v2\/pages\/9031"}],"wp:attachment":[{"href":"https:\/\/tmeicports.com\/es\/wp-json\/wp\/v2\/media?parent=9019"}],"curies":[{"name":"wp","href":"https:\/\/api.w.org\/{rel}","templated":true}]}}