{"id":9024,"date":"2018-05-17T13:38:09","date_gmt":"2018-05-17T13:38:09","guid":{"rendered":"http:\/\/orbitaports.com\/?page_id=9024"},"modified":"2024-08-19T14:57:12","modified_gmt":"2024-08-19T14:57:12","slug":"soluciones","status":"publish","type":"page","link":"https:\/\/tmeicports.com\/es\/soluciones\/","title":{"rendered":"Soluciones"},"content":{"rendered":"<p>[vc_row][vc_column offset=\u00bbvc_hidden-xs\u00bb]<div id=\"ra_tooltiped_image_69e617ab3e97d\" class=\"img-maps ra_tooltiped_image_69e617ab3e97d\">\n\n\t<figure><img loading=\"lazy\" decoding=\"async\" width=\"1367\" height=\"671\" src=\"https:\/\/tmeicports.com\/wp-content\/uploads\/2018\/04\/00.-ProductsSolutions-30x15.jpg\" class=\"attachment-full size-full progressive__img progressive--not-loaded\" alt=\"\" data-rjs=\"https:\/\/tmeicports.com\/wp-content\/uploads\/2018\/04\/00.-ProductsSolutions.jpg\" srcset=\"\" sizes=\"(max-width: 1367px) 100vw, 1367px\" data-progressive=\"https:\/\/tmeicports.com\/wp-content\/uploads\/2018\/04\/00.-ProductsSolutions.jpg\" \/><\/figure>\n\t<div class=\"contents\">\n\t\t<style>.ra_pointer_tooltip_69e617ab81dd0{top:35.5% !important;right:auto !important;bottom:auto !important;left:11.5% !important;}<\/style>\n<div id=\"ra_pointer_tooltip_69e617ab81dd0\" class=\"info-box ra_pointer_tooltip_69e617ab81dd0\">\n\t<div class=\"info-box-contents\">\n\t  \t\n\t  <h3><a href=\"https:\/\/tmeicports.com\/es\/soluciones\/gate-suite\/\">Gate Suite<\/a><\/h3>\t  <p>Una completa automatizaci\u00f3n en puertas<\/p>\n\n\t<\/div>\n<\/div><!-- \/.info-box --><style>.ra_pointer_tooltip_69e617ab821cf{top:64% !important;right:auto !important;bottom:auto !important;left:23.7% !important;}<\/style>\n<div id=\"ra_pointer_tooltip_69e617ab821cf\" class=\"info-box ra_pointer_tooltip_69e617ab821cf\">\n\t<div class=\"info-box-contents\">\n\t  \t\n\t  <h3><a href=\"https:\/\/tmeicports.com\/es\/soluciones\/yard-suite\/\">Yard Suite<\/a><\/h3>\t  <p>Trazabilidad y prevenci\u00f3n para las gr\u00faas de patio<\/p>\n\n\t<\/div>\n<\/div><!-- \/.info-box --><style>.ra_pointer_tooltip_69e617ab8249e{top:20% !important;right:auto !important;bottom:auto !important;left:72.7% !important;}<\/style>\n<div id=\"ra_pointer_tooltip_69e617ab8249e\" class=\"info-box ra_pointer_tooltip_69e617ab8249e\">\n\t<div class=\"info-box-contents\">\n\t  \t\n\t  <h3><a href=\"https:\/\/tmeicports.com\/es\/soluciones\/soluciones-de-gestion\/\">Management Solutions<\/a><\/h3>\t  <p>An\u00e1lisis de rendimiento v\u00eda web<\/p>\n\n\t<\/div>\n<\/div><!-- \/.info-box --><style>.ra_pointer_tooltip_69e617ab8273b{top:44% !important;right:auto !important;bottom:auto !important;left:81.5% !important;}<\/style>\n<div id=\"ra_pointer_tooltip_69e617ab8273b\" class=\"info-box ra_pointer_tooltip_69e617ab8273b\">\n\t<div class=\"info-box-contents\">\n\t  \t\n\t  <h3><a href=\"https:\/\/tmeicports.com\/es\/soluciones\/crane-suite\/\">Crane Suite<\/a><\/h3>\t  <p>Identificaci\u00f3n y seguimiento de la operativa en gr\u00faas STS<\/p>\n\n\t<\/div>\n<\/div><!-- \/.info-box --><style>.ra_pointer_tooltip_69e617ab829c0{top:56.5% !important;right:auto !important;bottom:auto !important;left:65% !important;}<\/style>\n<div id=\"ra_pointer_tooltip_69e617ab829c0\" class=\"info-box ra_pointer_tooltip_69e617ab829c0\">\n\t<div class=\"info-box-contents\">\n\t  \t\n\t  <h3><a href=\"https:\/\/tmeicports.com\/es\/soluciones\/rail-suite\/\">Rail Suite<\/a><\/h3>\t  <p>Identificaci\u00f3n de contenedores en el tren<\/p>\n\n\t<\/div>\n<\/div><!-- \/.info-box -->\t<\/div><!-- \/.contents -->\n\n<\/div><!-- \/.img-maps -->[\/vc_column][\/vc_row][vc_row][vc_column offset=\u00bbvc_hidden-lg vc_hidden-md vc_hidden-sm\u00bb]<div id=\"ra_tooltiped_image_69e617ab82c0b\" class=\"img-maps ra_tooltiped_image_69e617ab82c0b\">\n\n\t<figure><img loading=\"lazy\" decoding=\"async\" width=\"1367\" height=\"671\" src=\"https:\/\/tmeicports.com\/wp-content\/uploads\/2018\/04\/00.-ProductsSolutions-30x15.jpg\" class=\"attachment-full size-full progressive__img progressive--not-loaded\" alt=\"\" data-rjs=\"https:\/\/tmeicports.com\/wp-content\/uploads\/2018\/04\/00.-ProductsSolutions.jpg\" srcset=\"\" sizes=\"(max-width: 1367px) 100vw, 1367px\" data-progressive=\"https:\/\/tmeicports.com\/wp-content\/uploads\/2018\/04\/00.-ProductsSolutions.jpg\" \/><\/figure>\n\t<div class=\"contents\">\n\t\t<style>.ra_pointer_tooltip_69e617abb2b00{top:35.5% !important;right:auto !important;bottom:auto !important;left:13% !important;}<\/style>\n<div id=\"ra_pointer_tooltip_69e617abb2b00\" class=\"info-box ra_pointer_tooltip_69e617abb2b00\">\n\t<div class=\"info-box-contents\">\n\t  \t\n\t  <h3><a href=\"https:\/\/orbitaports.com\/es\/soluciones\/gate-suite\/\">Gate Suite<\/a><\/h3>\t  <p>Una completa automatizaci\u00f3n en puertas<\/p>\n\n\t<\/div>\n<\/div><!-- \/.info-box --><style>.ra_pointer_tooltip_69e617abb2e6f{top:64% !important;right:auto !important;bottom:auto !important;left:24.5% !important;}<\/style>\n<div id=\"ra_pointer_tooltip_69e617abb2e6f\" class=\"info-box ra_pointer_tooltip_69e617abb2e6f\">\n\t<div class=\"info-box-contents\">\n\t  \t\n\t  <h3><a href=\"https:\/\/orbitaports.com\/es\/soluciones\/yard-suite\/\">Yard Suite<\/a><\/h3>\t  <p>Trazabilidad y prevenci\u00f3n para las gr\u00faas de patio<\/p>\n\n\t<\/div>\n<\/div><!-- \/.info-box --><style>.ra_pointer_tooltip_69e617abb3146{top:20% !important;right:auto !important;bottom:auto !important;left:70.7% !important;}<\/style>\n<div id=\"ra_pointer_tooltip_69e617abb3146\" class=\"info-box ra_pointer_tooltip_69e617abb3146\">\n\t<div class=\"info-box-contents\">\n\t  \t\n\t  <h3><a href=\"https:\/\/orbitaports.com\/es\/soluciones\/soluciones-de-gestion\/\">Management Solutions<\/a><\/h3>\t  <p>An\u00e1lisis de rendimiento v\u00eda web<\/p>\n\n\t<\/div>\n<\/div><!-- \/.info-box --><style>.ra_pointer_tooltip_69e617abb33e2{top:44% !important;right:auto !important;bottom:auto !important;left:79% !important;}<\/style>\n<div id=\"ra_pointer_tooltip_69e617abb33e2\" class=\"info-box ra_pointer_tooltip_69e617abb33e2\">\n\t<div class=\"info-box-contents\">\n\t  \t\n\t  <h3><a href=\"https:\/\/orbitaports.com\/es\/soluciones\/crane-suite\/\">Crane Suite<\/a><\/h3>\t  <p>Identificaci\u00f3n y seguimiento de la operativa en gr\u00faas STS<\/p>\n\n\t<\/div>\n<\/div><!-- \/.info-box --><style>.ra_pointer_tooltip_69e617abb3678{top:56.5% !important;right:auto !important;bottom:auto !important;left:63.5% !important;}<\/style>\n<div id=\"ra_pointer_tooltip_69e617abb3678\" class=\"info-box ra_pointer_tooltip_69e617abb3678\">\n\t<div class=\"info-box-contents\">\n\t  \t\n\t  <h3><a href=\"https:\/\/orbitaports.com\/es\/soluciones\/rail-suite\/\">Rail Suite<\/a><\/h3>\t  <p>Identificaci\u00f3n de contenedores en el tren<\/p>\n\n\t<\/div>\n<\/div><!-- \/.info-box -->\t<\/div><!-- \/.contents -->\n\n<\/div><!-- \/.img-maps -->[\/vc_column][\/vc_row][vc_row css=\u00bb.vc_custom_1525878090625{padding-top: 60px !important;padding-bottom: 30px !important;}\u00bb][vc_column width=\u00bb1\/3&#8243; el_class=\u00bbbot_pad\u00bb]<style>.ra_flipbox_69e617abb4562 .flipbox-head{background-image:url(https:\/\/tmeicports.com\/wp-content\/uploads\/2018\/05\/gate-suite_gate-ccr-04.jpg);background-color:#e8e8e8;}.ra_flipbox_69e617abb4562 .flipbox-foot{background-color:#c1c1c1;}<\/style><div class=\"flipbox ra_flipbox_69e617abb4562\" data-hover3d=\"true\">\n\t<div class=\"flipbox-container\" data-stacking-factor=\"0.5\">\n\t\t<div id=\"ra_flipbox_section_69e617abb3d41\" class=\"flipbox-head\"><p>[vc_empty_space height=\u00bb360px\u00bb]<\/p>\n<\/div><div id=\"ra_flipbox_section_69e617abb3e07\" class=\"flipbox-foot\"><p>[vc_row_inner css=\u00bb.vc_custom_1495730729738{padding-top: 20px !important;}\u00bb][vc_column_inner align=\u00bbtext-center\u00bb offset=\u00bbvc_col-xs-12&#8243;][vc_custom_heading text=\u00bbGate Suite\u00bb font_container=\u00bbtag:h2|text_align:center\u00bb use_theme_fonts=\u00bbyes\u00bb link=\u00bburl:https%3A%2F%2Ftmeicports.com%2Fes%2Fsoluciones%2Fgate-suite%2F|||\u00bb][vc_column_text]El rango de productos modulares de GateSuite automatiza el seguimiento y trazabilidad de contenedores y camiones en las puertas de acceso a las instalaciones.[\/vc_column_text]<style>.ra_button_69e617abb4005{color:#ffffff;border-color:#ffffff !important;}.ra_button_69e617abb4005.btn-underlined:after,.ra_button_69e617abb4005.btn-underlined:before{border-color:#ffffff;}.ra_button_69e617abb4005:focus,.ra_button_69e617abb4005:hover{color:#ffffff;}<\/style><a href=\"https:\/\/tmeicports.com\/es\/soluciones\/gate-suite\/\" class=\"btn btn-underlined border-thin text-uppercase ra_button_69e617abb4005\" >\n\t\t\t\t<span>\n\tVer soluci\u00f3n\t<\/span>\n<\/a>\n[\/vc_column_inner][\/vc_row_inner]<\/p>\n<\/div>\t<\/div>\n<\/div>[\/vc_column][vc_column width=\u00bb1\/3&#8243; el_class=\u00bbbot_pad\u00bb]<style>.ra_flipbox_69e617abb520c .flipbox-head{background-image:url(https:\/\/tmeicports.com\/wp-content\/uploads\/2018\/05\/crane-suite.jpg);background-color:#e8e8e8;}.ra_flipbox_69e617abb520c .flipbox-foot{background-color:#c1c1c1;}<\/style><div class=\"flipbox ra_flipbox_69e617abb520c\" data-hover3d=\"true\">\n\t<div class=\"flipbox-container\" data-stacking-factor=\"0.5\">\n\t\t<div id=\"ra_flipbox_section_69e617abb4e1b\" class=\"flipbox-head\"><p>[vc_empty_space height=\u00bb360px\u00bb]<\/p>\n<\/div><div id=\"ra_flipbox_section_69e617abb4e95\" class=\"flipbox-foot\"><p>[vc_row_inner css=\u00bb.vc_custom_1495730729738{padding-top: 20px !important;}\u00bb][vc_column_inner align=\u00bbtext-center\u00bb offset=\u00bbvc_col-xs-12&#8243;][vc_custom_heading text=\u00bbCrane Suite\u00bb font_container=\u00bbtag:h2|text_align:center\u00bb use_theme_fonts=\u00bbyes\u00bb link=\u00bburl:https%3A%2F%2Ftmeicports.com%2Fes%2Fsoluciones%2Fcrane-suite%2F|||\u00bb][vc_column_text]CraneSuite mejora los procesos en el muelle. Estos sistemas incrementan el rendimiento de los procesos de carga y descarga sin ning\u00fan impacto sobre la operativa del puerto o la terminal.[\/vc_column_text]<style>.ra_button_69e617abb500f{color:#ffffff;border-color:#ffffff !important;}.ra_button_69e617abb500f.btn-underlined:after,.ra_button_69e617abb500f.btn-underlined:before{border-color:#ffffff;}.ra_button_69e617abb500f:focus,.ra_button_69e617abb500f:hover{color:#ffffff;}<\/style><a href=\"https:\/\/tmeicports.com\/es\/soluciones\/crane-suite\/\" class=\"btn btn-underlined border-thin text-uppercase ra_button_69e617abb500f\" >\n\t\t\t\t<span>\n\tVer soluci\u00f3n\t<\/span>\n<\/a>\n[\/vc_column_inner][\/vc_row_inner]<\/p>\n<\/div>\t<\/div>\n<\/div>[\/vc_column][vc_column width=\u00bb1\/3&#8243;]<style>.ra_flipbox_69e617abb5be5 .flipbox-head{background-image:url(https:\/\/tmeicports.com\/wp-content\/uploads\/2018\/05\/yard-suite-2.jpg);background-color:#e8e8e8;}.ra_flipbox_69e617abb5be5 .flipbox-foot{background-color:#c1c1c1;}<\/style><div class=\"flipbox ra_flipbox_69e617abb5be5\" data-hover3d=\"true\">\n\t<div class=\"flipbox-container\" data-stacking-factor=\"0.5\">\n\t\t<div id=\"ra_flipbox_section_69e617abb580e\" class=\"flipbox-head\"><p>[vc_empty_space height=\u00bb360px\u00bb]<\/p>\n<\/div><div id=\"ra_flipbox_section_69e617abb5886\" class=\"flipbox-foot\"><p>[vc_row_inner css=\u00bb.vc_custom_1495730729738{padding-top: 20px !important;}\u00bb][vc_column_inner align=\u00bbtext-center\u00bb offset=\u00bbvc_col-xs-12&#8243;][vc_custom_heading text=\u00bbYard Suite\u00bb font_container=\u00bbtag:h2|text_align:center\u00bb use_theme_fonts=\u00bbyes\u00bb link=\u00bburl:https%3A%2F%2Ftmeicports.com%2Fes%2Fsoluciones%2Fyard-suite%2F|||\u00bb][vc_column_text]M\u00faltiples herramientas que permiten varias funcionalidades en relaci\u00f3n a seguimiento de activos y posicionamiento, control por video de las instalaciones, cobertura inal\u00e1mbrica o sistemas RFID, entre otros.[\/vc_column_text]<style>.ra_button_69e617abb59e9{color:#ffffff;border-color:#ffffff !important;}.ra_button_69e617abb59e9.btn-underlined:after,.ra_button_69e617abb59e9.btn-underlined:before{border-color:#ffffff;}.ra_button_69e617abb59e9:focus,.ra_button_69e617abb59e9:hover{color:#ffffff;}<\/style><a href=\"https:\/\/tmeicports.com\/_solutions\/yard-suite\/\" class=\"btn btn-underlined border-thin text-uppercase ra_button_69e617abb59e9\" >\n\t\t\t\t<span>\n\tVer soluci\u00f3n\t<\/span>\n<\/a>\n[\/vc_column_inner][\/vc_row_inner]<\/p>\n<\/div>\t<\/div>\n<\/div>[\/vc_column][\/vc_row][vc_row][vc_column width=\u00bb1\/3&#8243; el_class=\u00bbbot_pad\u00bb]<style>.ra_flipbox_69e617abb64f8 .flipbox-head{background-image:url(https:\/\/tmeicports.com\/wp-content\/uploads\/2018\/05\/rail-suite_rail-ccr_01.jpg);background-color:#e8e8e8;}.ra_flipbox_69e617abb64f8 .flipbox-foot{background-color:#c1c1c1;}<\/style><div class=\"flipbox ra_flipbox_69e617abb64f8\" data-hover3d=\"true\">\n\t<div class=\"flipbox-container\" data-stacking-factor=\"0.5\">\n\t\t<div id=\"ra_flipbox_section_69e617abb6138\" class=\"flipbox-head\"><p>[vc_empty_space height=\u00bb360px\u00bb]<\/p>\n<\/div><div id=\"ra_flipbox_section_69e617abb61ad\" class=\"flipbox-foot\"><p>[vc_row_inner css=\u00bb.vc_custom_1495730729738{padding-top: 20px !important;}\u00bb][vc_column_inner align=\u00bbtext-center\u00bb offset=\u00bbvc_col-xs-12&#8243;][vc_custom_heading text=\u00bbRail Suite\u00bb font_container=\u00bbtag:h2|text_align:center\u00bb use_theme_fonts=\u00bbyes\u00bb link=\u00bburl:https%3A%2F%2Ftmeicports.com%2Fes%2Fsoluciones%2Frail-suite%2F|||\u00bb][vc_column_text]Los productos RailSuite aportan datos relevantes en cuanto a contenedores transportados en tren dentro de puertos o terminales.[\/vc_column_text]<style>.ra_button_69e617abb6315{color:#ffffff;border-color:#ffffff !important;}.ra_button_69e617abb6315.btn-underlined:after,.ra_button_69e617abb6315.btn-underlined:before{border-color:#ffffff;}.ra_button_69e617abb6315:focus,.ra_button_69e617abb6315:hover{color:#ffffff;}<\/style><a href=\"https:\/\/tmeicports.com\/es\/soluciones\/rail-suite\/\" class=\"btn btn-underlined border-thin text-uppercase ra_button_69e617abb6315\" >\n\t\t\t\t<span>\n\tVer soluci\u00f3n\t<\/span>\n<\/a>\n[\/vc_column_inner][\/vc_row_inner]<\/p>\n<\/div>\t<\/div>\n<\/div>[\/vc_column][vc_column width=\u00bb1\/3&#8243; el_class=\u00bbbot_pad\u00bb]<style>.ra_flipbox_69e617abb6c4a .flipbox-head{background-image:url(https:\/\/tmeicports.com\/wp-content\/uploads\/2024\/08\/management-solutions_operations-viewer_02.jpg);background-color:#e8e8e8;}.ra_flipbox_69e617abb6c4a .flipbox-foot{background-color:#c1c1c1;}<\/style><div class=\"flipbox ra_flipbox_69e617abb6c4a\" data-hover3d=\"true\">\n\t<div class=\"flipbox-container\" data-stacking-factor=\"0.5\">\n\t\t<div id=\"ra_flipbox_section_69e617abb69fe\" class=\"flipbox-head\"><p>[vc_empty_space height=\u00bb360px\u00bb]<\/p>\n<\/div><div id=\"ra_flipbox_section_69e617abb6a41\" class=\"flipbox-foot\"><p>[vc_row_inner css=\u00bb.vc_custom_1495730729738{padding-top: 20px !important;}\u00bb][vc_column_inner offset=\u00bbvc_col-xs-12&#8243; el_class=\u00bbsoluc-gest\u00bb align=\u00bbtext-lg-center\u00bb][vc_custom_heading text=\u00bbSoluciones de gesti\u00f3n\u00bb font_container=\u00bbtag:h2|font_size:45px|text_align:center\u00bb use_theme_fonts=\u00bbyes\u00bb link=\u00bburl:https%3A%2F%2Ftmeicports.com%2Fes%2Fsoluciones%2Fsoluciones-de-gestion%2F|||\u00bb][vc_column_text]<\/p>\n<p style=\"text-align: center;\">Aplicaciones \u00fatiles acordes con el perfil del usuario: datos clave para el rendimiento de la operativa, monitorizaci\u00f3n de equipos industriales para el equipo de IT o gesti\u00f3n de incidencias para el personal de mantenimiento.<\/p>\n<p>[\/vc_column_text]<style>.ra_button_69e617abb6b18{color:#ffffff;border-color:#ffffff !important;}.ra_button_69e617abb6b18.btn-underlined:after,.ra_button_69e617abb6b18.btn-underlined:before{border-color:#ffffff;}.ra_button_69e617abb6b18:focus,.ra_button_69e617abb6b18:hover{color:#ffffff;}<\/style><a href=\"https:\/\/tmeicports.com\/es\/soluciones\/soluciones-de-gestion\/\" class=\"btn btn-underlined border-thin text-uppercase ra_button_69e617abb6b18\" >\n\t\t\t\t<span>\n\tVer soluci\u00f3n\t<\/span>\n<\/a>\n[\/vc_column_inner][\/vc_row_inner]<\/p>\n<\/div>\t<\/div>\n<\/div>[\/vc_column][vc_column width=\u00bb1\/3&#8243;]<style>.ra_flipbox_69e617abb722a .flipbox-head{background-color:#ffffff;}.ra_flipbox_69e617abb722a .flipbox-foot{background-color:#c1c1c1;}<\/style><div class=\"flipbox ra_flipbox_69e617abb722a\" >\n\t<div class=\"flipbox-container\" >\n\t\t<div id=\"ra_flipbox_section_69e617abb6ff7\" class=\"flipbox-head\"><p>[vc_row_inner][vc_column_inner][vc_empty_space height=\u00bb72px\u00bb][vc_custom_heading text=\u00bbAnte cualquier duda, cont\u00e1ctanos!\u00bb font_container=\u00bbtag:h2|text_align:center|color:%23f1563d\u00bb use_theme_fonts=\u00bbyes\u00bb link=\u00bburl:https%3A%2F%2Ftmeicports.com%2Fes%2Fcontacto%2F|title:Contacto|target:%20_blank|\u00bb][vc_empty_space height=\u00bb72px\u00bb][\/vc_column_inner][\/vc_row_inner]<\/p>\n<\/div><div id=\"ra_flipbox_section_69e617abb7040\" class=\"flipbox-foot\"><p>[vc_row_inner css=\u00bb.vc_custom_1495730729738{padding-top: 20px !important;}\u00bb][vc_column_inner align=\u00bbtext-center\u00bb offset=\u00bbvc_col-xs-12&#8243;][vc_column_text]No dudes en llamar, enviarnos un correo o venir a nuestras oficinas.[\/vc_column_text]<style>.ra_button_69e617abb7106{color:#ffffff;border-color:#ffffff !important;}.ra_button_69e617abb7106.btn-underlined:after,.ra_button_69e617abb7106.btn-underlined:before{border-color:#ffffff;}.ra_button_69e617abb7106:focus,.ra_button_69e617abb7106:hover{color:#ffffff;}<\/style><a href=\"https:\/\/tmeicports.com\/es\/contacto\/\" class=\"btn btn-underlined border-thin text-uppercase ra_button_69e617abb7106\" >\n\t\t\t\t<span>\n\tContactar!\t<\/span>\n<\/a>\n[\/vc_column_inner][\/vc_row_inner]<\/p>\n<\/div>\t<\/div>\n<\/div>[\/vc_column][\/vc_row][vc_row][vc_column][vc_empty_space height=\u00bb100px\u00bb][\/vc_column][\/vc_row]<\/p>\n","protected":false},"excerpt":{"rendered":"<p>[vc_row][vc_column offset=\u00bbvc_hidden-xs\u00bb][\/vc_column][\/vc_row][vc_row][vc_column offset=\u00bbvc_hidden-lg vc_hidden-md vc_hidden-sm\u00bb][\/vc_column][\/vc_row][vc_row css=\u00bb.vc_custom_1525878090625{padding-top: 60px !important;padding-bottom: 30px !important;}\u00bb][vc_column width=\u00bb1\/3&#8243; el_class=\u00bbbot_pad\u00bb][\/vc_column][vc_column width=\u00bb1\/3&#8243; el_class=\u00bbbot_pad\u00bb][\/vc_column][vc_column width=\u00bb1\/3&#8243;][\/vc_column][\/vc_row][vc_row][vc_column width=\u00bb1\/3&#8243; el_class=\u00bbbot_pad\u00bb][\/vc_column][vc_column width=\u00bb1\/3&#8243; el_class=\u00bbbot_pad\u00bb][\/vc_column][vc_column width=\u00bb1\/3&#8243;][\/vc_column][\/vc_row][vc_row][vc_column][vc_empty_space height=\u00bb100px\u00bb][\/vc_column][\/vc_row]<\/p>\n","protected":false},"author":1,"featured_media":0,"parent":0,"menu_order":0,"comment_status":"closed","ping_status":"closed","template":"","meta":{"footnotes":""},"_links":{"self":[{"href":"https:\/\/tmeicports.com\/es\/wp-json\/wp\/v2\/pages\/9024"}],"collection":[{"href":"https:\/\/tmeicports.com\/es\/wp-json\/wp\/v2\/pages"}],"about":[{"href":"https:\/\/tmeicports.com\/es\/wp-json\/wp\/v2\/types\/page"}],"author":[{"embeddable":true,"href":"https:\/\/tmeicports.com\/es\/wp-json\/wp\/v2\/users\/1"}],"replies":[{"embeddable":true,"href":"https:\/\/tmeicports.com\/es\/wp-json\/wp\/v2\/comments?post=9024"}],"version-history":[{"count":20,"href":"https:\/\/tmeicports.com\/es\/wp-json\/wp\/v2\/pages\/9024\/revisions"}],"predecessor-version":[{"id":11733,"href":"https:\/\/tmeicports.com\/es\/wp-json\/wp\/v2\/pages\/9024\/revisions\/11733"}],"wp:attachment":[{"href":"https:\/\/tmeicports.com\/es\/wp-json\/wp\/v2\/media?parent=9024"}],"curies":[{"name":"wp","href":"https:\/\/api.w.org\/{rel}","templated":true}]}}