{"id":9031,"date":"2018-05-17T13:45:02","date_gmt":"2018-05-17T13:45:02","guid":{"rendered":"http:\/\/orbitaports.com\/?page_id=9031"},"modified":"2024-08-09T07:42:59","modified_gmt":"2024-08-09T07:42:59","slug":"gate-suite","status":"publish","type":"page","link":"https:\/\/tmeicports.com\/es\/soluciones\/gate-suite\/","title":{"rendered":"Gate Suite"},"content":{"rendered":"<p>[vc_row equal_height=\u00bbyes\u00bb content_placement=\u00bbtop\u00bb][vc_column css=\u00bb.vc_custom_1527690545227{background-position: center !important;background-repeat: no-repeat !important;background-size: cover !important;}\u00bb el_class=\u00bbgate-suite_padd\u00bb offset=\u00bbvc_hidden-sm vc_hidden-xs\u00bb]<div id=\"ra_tooltiped_image_69e64069a162d\" class=\"img-maps ra_tooltiped_image_69e64069a162d\">\n\n\t<figure><img loading=\"lazy\" decoding=\"async\" width=\"1280\" height=\"578\" src=\"https:\/\/tmeicports.com\/wp-content\/uploads\/2018\/05\/gate-suite_01_3d-30x14.jpg\" class=\"attachment-full size-full progressive__img progressive--not-loaded\" alt=\"\" data-rjs=\"https:\/\/tmeicports.com\/wp-content\/uploads\/2018\/05\/gate-suite_01_3d.jpg\" srcset=\"\" sizes=\"(max-width: 1280px) 100vw, 1280px\" data-progressive=\"https:\/\/tmeicports.com\/wp-content\/uploads\/2018\/05\/gate-suite_01_3d.jpg\" \/><\/figure>\n\t<div class=\"contents\">\n\t\t<style>.ra_pointer_tooltip_69e64069bef32{top:19% !important;right:auto !important;bottom:auto !important;left:75% !important;}<\/style>\n<div id=\"ra_pointer_tooltip_69e64069bef32\" class=\"info-box ra_pointer_tooltip_69e64069bef32\">\n\t<div class=\"info-box-contents\">\n\t  \t\n\t  <h3><a href=\"https:\/\/orbitaports.com\/es\/soluciones\/gate-suite\/gate-traffic\/\">Gate Traffic<\/a><\/h3>\t  \n\t<\/div>\n<\/div><!-- \/.info-box --><style>.ra_pointer_tooltip_69e64069bf2e0{top:53% !important;right:auto !important;bottom:auto !important;left:21.7% !important;}<\/style>\n<div id=\"ra_pointer_tooltip_69e64069bf2e0\" class=\"info-box ra_pointer_tooltip_69e64069bf2e0\">\n\t<div class=\"info-box-contents\">\n\t  \t\n\t  <h3><a href=\"https:\/\/orbitaports.com\/es\/soluciones\/gate-suite\/gate-lpr\/\">Gate LPR<\/a><\/h3>\t  \n\t<\/div>\n<\/div><!-- \/.info-box --><style>.ra_pointer_tooltip_69e64069bf4a9{top:49% !important;right:auto !important;bottom:auto !important;left:36.4% !important;}<\/style>\n<div id=\"ra_pointer_tooltip_69e64069bf4a9\" class=\"info-box ra_pointer_tooltip_69e64069bf4a9\">\n\t<div class=\"info-box-contents\">\n\t  \t\n\t  <h3><a href=\"https:\/\/orbitaports.com\/es\/soluciones\/gate-suite\/gate-dmg-3d\/\">Gate DMG<\/a><\/h3>\t  \n\t<\/div>\n<\/div><!-- \/.info-box --><style>.ra_pointer_tooltip_69e64069bf62c{top:33% !important;right:auto !important;bottom:auto !important;left:32% !important;}<\/style>\n<div id=\"ra_pointer_tooltip_69e64069bf62c\" class=\"info-box ra_pointer_tooltip_69e64069bf62c\">\n\t<div class=\"info-box-contents\">\n\t  \t\n\t  <h3><a href=\"https:\/\/orbitaports.com\/es\/soluciones\/gate-suite\/gate-ccr\/\">Gate CCR<\/a><\/h3>\t  \n\t<\/div>\n<\/div><!-- \/.info-box --><style>.ra_pointer_tooltip_69e64069bf7a5{top:20% !important;right:auto !important;bottom:auto !important;left:66.5% !important;}<\/style>\n<div id=\"ra_pointer_tooltip_69e64069bf7a5\" class=\"info-box ra_pointer_tooltip_69e64069bf7a5\">\n\t<div class=\"info-box-contents\">\n\t  \t\n\t  <h3><a href=\"https:\/\/orbitaports.com\/es\/soluciones\/gate-suite\/gate-kiosk\/\">Gate Kiosk<\/a><\/h3>\t  \n\t<\/div>\n<\/div><!-- \/.info-box -->\t<\/div><!-- \/.contents -->\n\n<\/div><!-- \/.img-maps -->[\/vc_column][\/vc_row][vc_row equal_height=\u00bbyes\u00bb content_placement=\u00bbtop\u00bb][vc_column css=\u00bb.vc_custom_1527690532003{background-position: center !important;background-repeat: no-repeat !important;background-size: cover !important;}\u00bb offset=\u00bbvc_hidden-lg vc_hidden-md\u00bb]<div id=\"ra_tooltiped_image_69e64069bf90d\" class=\"img-maps ra_tooltiped_image_69e64069bf90d\">\n\n\t<figure><img loading=\"lazy\" decoding=\"async\" width=\"1280\" height=\"578\" src=\"https:\/\/tmeicports.com\/wp-content\/uploads\/2018\/05\/gate-suite_01_3d-30x14.jpg\" class=\"attachment-full size-full progressive__img progressive--not-loaded\" alt=\"\" data-rjs=\"https:\/\/tmeicports.com\/wp-content\/uploads\/2018\/05\/gate-suite_01_3d.jpg\" srcset=\"\" sizes=\"(max-width: 1280px) 100vw, 1280px\" data-progressive=\"https:\/\/tmeicports.com\/wp-content\/uploads\/2018\/05\/gate-suite_01_3d.jpg\" \/><\/figure>\n\t<div class=\"contents\">\n\t\t<style>.ra_pointer_tooltip_69e64069dc015{top:18% !important;right:auto !important;bottom:auto !important;left:85% !important;}<\/style>\n<div id=\"ra_pointer_tooltip_69e64069dc015\" class=\"info-box ra_pointer_tooltip_69e64069dc015\">\n\t<div class=\"info-box-contents\">\n\t  \t\n\t  <h3><a href=\"https:\/\/orbitaports.com\/es\/soluciones\/gate-suite\/gate-traffic\/\">Gate Traffic<\/a><\/h3>\t  \n\t<\/div>\n<\/div><!-- \/.info-box --><style>.ra_pointer_tooltip_69e64069dc230{top:53% !important;right:auto !important;bottom:auto !important;left:11.7% !important;}<\/style>\n<div id=\"ra_pointer_tooltip_69e64069dc230\" class=\"info-box ra_pointer_tooltip_69e64069dc230\">\n\t<div class=\"info-box-contents\">\n\t  \t\n\t  <h3><a href=\"https:\/\/orbitaports.com\/es\/soluciones\/gate-suite\/gate-lpr\/\">Gate LPR<\/a><\/h3>\t  \n\t<\/div>\n<\/div><!-- \/.info-box --><style>.ra_pointer_tooltip_69e64069dc3c5{top:49% !important;right:auto !important;bottom:auto !important;left:32% !important;}<\/style>\n<div id=\"ra_pointer_tooltip_69e64069dc3c5\" class=\"info-box ra_pointer_tooltip_69e64069dc3c5\">\n\t<div class=\"info-box-contents\">\n\t  \t\n\t  <h3><a href=\"https:\/\/orbitaports.com\/es\/soluciones\/gate-suite\/gate-dmg-3d\/\">Gate DMG 3D<\/a><\/h3>\t  \n\t<\/div>\n<\/div><!-- \/.info-box --><style>.ra_pointer_tooltip_69e64069dc552{top:32% !important;right:auto !important;bottom:auto !important;left:25.5% !important;}<\/style>\n<div id=\"ra_pointer_tooltip_69e64069dc552\" class=\"info-box ra_pointer_tooltip_69e64069dc552\">\n\t<div class=\"info-box-contents\">\n\t  \t\n\t  <h3><a href=\"https:\/\/orbitaports.com\/es\/soluciones\/gate-suite\/gate-ccr\/\">Gate CCR<\/a><\/h3>\t  \n\t<\/div>\n<\/div><!-- \/.info-box --><style>.ra_pointer_tooltip_69e64069dc6d1{top:18% !important;right:auto !important;bottom:auto !important;left:73% !important;}<\/style>\n<div id=\"ra_pointer_tooltip_69e64069dc6d1\" class=\"info-box ra_pointer_tooltip_69e64069dc6d1\">\n\t<div class=\"info-box-contents\">\n\t  \t\n\t  <h3><a href=\"https:\/\/orbitaports.com\/es\/soluciones\/gate-suite\/gate-kiosk\/\">Gate Kiosk<\/a><\/h3>\t  \n\t<\/div>\n<\/div><!-- \/.info-box -->\t<\/div><!-- \/.contents -->\n\n<\/div><!-- \/.img-maps -->[\/vc_column][\/vc_row][vc_row full_width=\u00bbstretch_row_content_no_spaces\u00bb equal_height=\u00bbyes\u00bb content_placement=\u00bbtop\u00bb][vc_column width=\u00bb1\/6&#8243; css=\u00bb.vc_custom_1525277858356{background-position: center !important;background-repeat: no-repeat !important;background-size: cover !important;}\u00bb][\/vc_column][vc_column width=\u00bb2\/3&#8243;][vc_custom_heading text=\u00bbEntregamos un sistema completo e integrado con la terminal, que automatiza el seguimiento y la trazabilidad de contenedores y camiones en las puertas de acceso a las instalaciones utilizando un rango modular de productos.\u00bb font_container=\u00bbtag:h4|font_size:24px|text_align:center|color:%230c0c0c\u00bb use_theme_fonts=\u00bbyes\u00bb css=\u00bb.vc_custom_1526976994367{margin-bottom: 20px !important;}\u00bb][vc_empty_space height=\u00bb100px\u00bb][\/vc_column][vc_column width=\u00bb1\/6&#8243;][\/vc_column][\/vc_row][vc_row full_width=\u00bbstretch_row_content_no_spaces\u00bb equal_height=\u00bbyes\u00bb][vc_column width=\u00bb1\/2&#8243; css=\u00bb.vc_custom_1525419641222{padding-top: 85px !important;padding-right: 10% !important;padding-bottom: 100px !important;padding-left: 10% !important;background-image: url(https:\/\/orbitaports.com\/wp-content\/uploads\/2018\/04\/gate-suite_gate-ccr-01.jpg?id=8320) !important;background-position: center !important;background-repeat: no-repeat !important;background-size: cover !important;}\u00bb][\/vc_column][vc_column css_animation=\u00bbnone\u00bb width=\u00bb1\/2&#8243; css=\u00bb.vc_custom_1525430112510{padding-top: 85px !important;padding-right: 10% !important;padding-bottom: 100px !important;padding-left: 10% !important;background-color: #f6f8fb !important;}\u00bb][vc_row_inner][vc_column_inner css_animation=\u00bbfadeInUp\u00bb][vc_custom_heading text=\u00bbGate CCR\u00bb font_container=\u00bbtag:h2|text_align:left|color:%230c0c0c\u00bb use_theme_fonts=\u00bbyes\u00bb css_animation=\u00bbnone\u00bb link=\u00bb|||rel:nofollow\u00bb][vc_custom_heading text=\u00bbEl sistema de Reconocimiento de C\u00f3digos de Contenedores de TMEIC, GateCCR, permite a los usuarios identificar autom\u00e1ticamente los contenedores ISO durante su transporte en cami\u00f3n a la entrada y salida de las terminales portuarias. \u00bb font_container=\u00bbtag:h6|font_size:18px|text_align:left|color:%23737e80&#8243; use_theme_fonts=\u00bbyes\u00bb css_animation=\u00bbnone\u00bb css=\u00bb.vc_custom_1721816451802{margin-bottom: 20px !important;}\u00bb]<style>.ra_button_69e64069dc9c1 i{margin-left:15px;}.ra_button_69e64069dc9c1{color:#000000;font-weight:700 !important;}.ra_button_69e64069dc9c1.btn-underlined:after,.ra_button_69e64069dc9c1.btn-underlined:before{border-color:#000000;}.ra_button_69e64069dc9c1:focus,.ra_button_69e64069dc9c1:hover{color:#000000 !important;}<\/style><a href=\"https:\/\/tmeicports.com\/es\/soluciones\/gate-suite\/gate-ccr\/\" class=\"btn btn-underlined border-thin text-uppercase ra_button_69e64069dc9c1\" >\n\t\t\t\t<span>\n\tDescubrir<i class=\"fa fa-angle-right\"><\/i>\t<\/span>\n<\/a>\n[\/vc_column_inner][\/vc_row_inner][\/vc_column][\/vc_row][vc_row full_width=\u00bbstretch_row_content_no_spaces\u00bb equal_height=\u00bbyes\u00bb css=\u00bb.vc_custom_1525676842825{background-color: #f6f8fb !important;}\u00bb][vc_column width=\u00bb1\/2&#8243; css=\u00bb.vc_custom_1525676868196{padding-top: 85px !important;padding-right: 10% !important;padding-bottom: 100px !important;padding-left: 10% !important;background-position: center !important;background-repeat: no-repeat !important;background-size: cover !important;}\u00bb][vc_custom_heading text=\u00bbGate DMG 3D\u00bb font_container=\u00bbtag:h2|text_align:left|color:%230c0c0c\u00bb use_theme_fonts=\u00bbyes\u00bb link=\u00bb|||\u00bb][vc_custom_heading text=\u00bbEl sistema de inspecci\u00f3n autom\u00e1tica de da\u00f1os en los contenedores de TMEIC detecta y notifica los posibles da\u00f1os en los laterales visibles del contenedor mediante el uso de t\u00e9cnicas de exploraci\u00f3n por l\u00e1ser en 3D y visi\u00f3n artificial.\u00bb font_container=\u00bbtag:h6|font_size:18px|text_align:left|color:%23737e80&#8243; use_theme_fonts=\u00bbyes\u00bb css=\u00bb.vc_custom_1721816465870{margin-bottom: 20px !important;}\u00bb]<style>.ra_button_69e64069dd345 i{margin-left:15px;}.ra_button_69e64069dd345{color:#000000;font-weight:700 !important;}.ra_button_69e64069dd345.btn-underlined:after,.ra_button_69e64069dd345.btn-underlined:before{border-color:#000000;}.ra_button_69e64069dd345:focus,.ra_button_69e64069dd345:hover{color:#000000 !important;}<\/style><a href=\"https:\/\/tmeicports.com\/es\/soluciones\/gate-suite\/gate-dmg-3d\/\" class=\"btn btn-underlined border-thin text-uppercase ra_button_69e64069dd345\" >\n\t\t\t\t<span>\n\tDescubrir<i class=\"fa fa-angle-right\"><\/i>\t<\/span>\n<\/a>\n[\/vc_column][vc_column width=\u00bb1\/2&#8243; css=\u00bb.vc_custom_1526032066037{padding-top: 85px !important;padding-right: 10% !important;padding-bottom: 100px !important;padding-left: 10% !important;background: #f6f8fb url(https:\/\/orbitaports.com\/wp-content\/uploads\/2018\/05\/gate-suite_gate-dmg-3d_01-3.jpg?id=8864) !important;background-position: center !important;background-repeat: no-repeat !important;background-size: cover !important;}\u00bb][\/vc_column][\/vc_row][vc_row full_width=\u00bbstretch_row_content_no_spaces\u00bb equal_height=\u00bbyes\u00bb css=\u00bb.vc_custom_1525676922758{background-color: #f6f8fb !important;}\u00bb][vc_column width=\u00bb1\/2&#8243; css=\u00bb.vc_custom_1526032109438{padding-top: 85px !important;padding-right: 10% !important;padding-bottom: 100px !important;padding-left: 10% !important;background-image: url(https:\/\/orbitaports.com\/wp-content\/uploads\/2018\/05\/gate-suite_gate-os_01-3.jpg?id=8865) !important;background-position: center !important;background-repeat: no-repeat !important;background-size: cover !important;}\u00bb][\/vc_column][vc_column width=\u00bb1\/2&#8243; css=\u00bb.vc_custom_1525676936273{padding-top: 85px !important;padding-right: 10% !important;padding-bottom: 100px !important;padding-left: 10% !important;background-position: center !important;background-repeat: no-repeat !important;background-size: cover !important;}\u00bb][vc_custom_heading text=\u00bbGate OS\u00bb font_container=\u00bbtag:h2|text_align:left|color:%230a0a0a\u00bb use_theme_fonts=\u00bbyes\u00bb link=\u00bb|||\u00bb][vc_custom_heading text=\u00bbEl Sistema Operativo TMEIC GateOS es una sofisticada capa de software que coordina todos los componentes de GateSuite.<br \/>\nGateOS puede integrar tambi\u00e9n las acciones? del Sistema Operativo de la Terminal (TOS) en la misma pantalla que las acciones de la puerta, ofreciendo una \u00fanica interfaz de gesti\u00f3n.\u00bb font_container=\u00bbtag:h6|font_size:18px|text_align:left|color:%23737e80&#8243; use_theme_fonts=\u00bbyes\u00bb css=\u00bb.vc_custom_1721816475586{margin-bottom: 20px !important;}\u00bb]<style>.ra_button_69e64069dd7f6 i{margin-left:15px;}.ra_button_69e64069dd7f6{color:#000000;font-weight:700 !important;}.ra_button_69e64069dd7f6.btn-underlined:after,.ra_button_69e64069dd7f6.btn-underlined:before{border-color:#000000;}.ra_button_69e64069dd7f6:focus,.ra_button_69e64069dd7f6:hover{color:#000000 !important;}<\/style><a href=\"https:\/\/tmeicports.com\/es\/soluciones\/gate-suite\/gate-os\/\" class=\"btn btn-underlined border-thin text-uppercase ra_button_69e64069dd7f6\" >\n\t\t\t\t<span>\n\tDescubrir<i class=\"fa fa-angle-right\"><\/i>\t<\/span>\n<\/a>\n[\/vc_column][\/vc_row][vc_row full_width=\u00bbstretch_row_content_no_spaces\u00bb equal_height=\u00bbyes\u00bb css=\u00bb.vc_custom_1525676992114{background-color: #f6f8fb !important;}\u00bb][vc_column width=\u00bb1\/2&#8243; css=\u00bb.vc_custom_1525676980840{padding-top: 85px !important;padding-right: 10% !important;padding-bottom: 100px !important;padding-left: 10% !important;background-position: center !important;background-repeat: no-repeat !important;background-size: cover !important;}\u00bb][vc_custom_heading text=\u00bbGate Kiosk\u00bb font_container=\u00bbtag:h2|text_align:left|color:%230a0a0a\u00bb use_theme_fonts=\u00bbyes\u00bb link=\u00bb|||\u00bb][vc_custom_heading text=\u00bbTMEIC GateKiosk es un pedestal modular de dise\u00f1o ergon\u00f3mico creado para gestionar la interacci\u00f3n entre los camioneros y los sistemas de acceso GateOS.\u00bb font_container=\u00bbtag:h6|font_size:18px|text_align:left|color:%23737e80&#8243; use_theme_fonts=\u00bbyes\u00bb css=\u00bb.vc_custom_1721816485862{margin-bottom: 20px !important;}\u00bb]<style>.ra_button_69e64069ddc5c i{margin-left:15px;}.ra_button_69e64069ddc5c{color:#000000;font-weight:700 !important;}.ra_button_69e64069ddc5c.btn-underlined:after,.ra_button_69e64069ddc5c.btn-underlined:before{border-color:#000000;}.ra_button_69e64069ddc5c:focus,.ra_button_69e64069ddc5c:hover{color:#000000 !important;}<\/style><a href=\"https:\/\/tmeicports.com\/es\/soluciones\/gate-suite\/gate-kiosk\/\" class=\"btn btn-underlined border-thin text-uppercase ra_button_69e64069ddc5c\" >\n\t\t\t\t<span>\n\tDescubrir<i class=\"fa fa-angle-right\"><\/i>\t<\/span>\n<\/a>\n[\/vc_column][vc_column width=\u00bb1\/2&#8243; css=\u00bb.vc_custom_1525681258788{padding-top: 85px !important;padding-right: 10% !important;padding-bottom: 100px !important;padding-left: 10% !important;background: #f6f8fb url(https:\/\/orbitaports.com\/wp-content\/uploads\/2018\/05\/gate-suite_gate-kiosk_01-2.jpg?id=8536) !important;background-position: center !important;background-repeat: no-repeat !important;background-size: cover !important;}\u00bb][\/vc_column][\/vc_row][vc_row full_width=\u00bbstretch_row_content_no_spaces\u00bb equal_height=\u00bbyes\u00bb css=\u00bb.vc_custom_1525677066045{background-color: #f6f8fb !important;}\u00bb][vc_column width=\u00bb1\/2&#8243; css=\u00bb.vc_custom_1526989679569{padding-top: 85px !important;padding-right: 10% !important;padding-bottom: 100px !important;padding-left: 10% !important;background-image: url(https:\/\/orbitaports.com\/wp-content\/uploads\/2018\/05\/gate-suite_gate-lpr_02.jpg?id=9133) !important;background-position: center !important;background-repeat: no-repeat !important;background-size: cover !important;}\u00bb][\/vc_column][vc_column width=\u00bb1\/2&#8243; css=\u00bb.vc_custom_1525677056912{padding-top: 85px !important;padding-right: 10% !important;padding-bottom: 100px !important;padding-left: 10% !important;background-position: center !important;background-repeat: no-repeat !important;background-size: cover !important;}\u00bb][vc_custom_heading text=\u00bbGate LPR\u00bb font_container=\u00bbtag:h2|text_align:left|color:%230c0a0a\u00bb use_theme_fonts=\u00bbyes\u00bb link=\u00bb|||\u00bb][vc_custom_heading text=\u00bbEl sistema de Reconocimiento de Placas de Matr\u00edcula TMEIC GateLPR mejora la seguridad y protecci\u00f3n de las operaciones, ofreciendo una captura r\u00e1pida y altamente fiable del n\u00famero de matr\u00edcula de los camiones y otros veh\u00edculos.\u00bb font_container=\u00bbtag:h6|font_size:18px|text_align:left|color:%23737e80&#8243; use_theme_fonts=\u00bbyes\u00bb css=\u00bb.vc_custom_1721816495588{margin-bottom: 20px !important;}\u00bb]<style>.ra_button_69e64069de0af i{margin-left:15px;}.ra_button_69e64069de0af{color:#000000;font-weight:700 !important;}.ra_button_69e64069de0af.btn-underlined:after,.ra_button_69e64069de0af.btn-underlined:before{border-color:#000000;}.ra_button_69e64069de0af:focus,.ra_button_69e64069de0af:hover{color:#000000 !important;}<\/style><a href=\"https:\/\/tmeicports.com\/es\/soluciones\/gate-suite\/gate-lpr\/\" class=\"btn btn-underlined border-thin text-uppercase ra_button_69e64069de0af\" >\n\t\t\t\t<span>\n\tDescubrir<i class=\"fa fa-angle-right\"><\/i>\t<\/span>\n<\/a>\n[\/vc_column][\/vc_row][vc_row full_width=\u00bbstretch_row_content_no_spaces\u00bb equal_height=\u00bbyes\u00bb][vc_column width=\u00bb1\/2&#8243; css=\u00bb.vc_custom_1525429702585{padding-top: 85px !important;padding-right: 10% !important;padding-bottom: 100px !important;padding-left: 10% !important;background-color: #f6f8fb !important;background-position: center !important;background-repeat: no-repeat !important;background-size: cover !important;}\u00bb][vc_custom_heading text=\u00bbGate Traffic\u00bb font_container=\u00bbtag:h2|text_align:left|color:%230c0c0c\u00bb use_theme_fonts=\u00bbyes\u00bb link=\u00bb|||\u00bb][vc_custom_heading text=\u00bbEl sistema de automatizaci\u00f3n del tr\u00e1fico de carriles de TMEIC es un sistema normalizado, modular y adaptable que integra elementos tales como barreras de entrada y salida, se\u00f1ales de tr\u00e1fico, paneles informativos y sensores.\u00bb font_container=\u00bbtag:h6|font_size:18px|text_align:left|color:%23737e80&#8243; use_theme_fonts=\u00bbyes\u00bb css=\u00bb.vc_custom_1721816504283{margin-bottom: 20px !important;}\u00bb]<style>.ra_button_69e64069de4fa i{margin-left:15px;}.ra_button_69e64069de4fa{color:#000000;font-weight:700 !important;}.ra_button_69e64069de4fa.btn-underlined:after,.ra_button_69e64069de4fa.btn-underlined:before{border-color:#000000;}.ra_button_69e64069de4fa:focus,.ra_button_69e64069de4fa:hover{color:#000000 !important;}<\/style><a href=\"https:\/\/tmeicports.com\/es\/soluciones\/gate-suite\/gate-traffic\/\" class=\"btn btn-underlined border-thin text-uppercase ra_button_69e64069de4fa\" >\n\t\t\t\t<span>\n\tDescubrir<i class=\"fa fa-angle-right\"><\/i>\t<\/span>\n<\/a>\n[\/vc_column][vc_column width=\u00bb1\/2&#8243; css=\u00bb.vc_custom_1525681450427{padding-top: 85px !important;padding-right: 10% !important;padding-bottom: 100px !important;padding-left: 10% !important;background-image: url(https:\/\/orbitaports.com\/wp-content\/uploads\/2018\/05\/gate-suite_gate-traffic_01-2.jpg?id=8537) !important;background-position: center !important;background-repeat: no-repeat !important;background-size: cover !important;}\u00bb][\/vc_column][\/vc_row][vc_row full_width=\u00bbstretch_row_content_no_spaces\u00bb equal_height=\u00bbyes\u00bb][vc_column width=\u00bb1\/2&#8243; css=\u00bb.vc_custom_1526032143118{padding-top: 85px !important;padding-right: 10% !important;padding-bottom: 100px !important;padding-left: 10% !important;background-image: url(https:\/\/orbitaports.com\/wp-content\/uploads\/2018\/05\/gate-suite_gate-eci-3d_01-3.jpg?id=8866) !important;background-position: center !important;background-repeat: no-repeat !important;background-size: cover !important;}\u00bb][\/vc_column][vc_column width=\u00bb1\/2&#8243; css=\u00bb.vc_custom_1525429376108{padding-top: 85px !important;padding-right: 10% !important;padding-bottom: 100px !important;padding-left: 10% !important;background-color: #f6f8fb !important;}\u00bb][vc_custom_heading text=\u00bbGate Weighing\u00bb font_container=\u00bbtag:h2|text_align:left|color:%230c0c0c\u00bb use_theme_fonts=\u00bbyes\u00bb link=\u00bb|||\u00bb][vc_custom_heading text=\u00bbIntegraci\u00f3n de datos de pesaje de mercanc\u00eda en Sistemas Operativos de Puertas.\u00bb font_container=\u00bbtag:h6|font_size:18px|text_align:left|color:%23737e80&#8243; use_theme_fonts=\u00bbyes\u00bb css=\u00bb.vc_custom_1528281357675{margin-bottom: 20px !important;}\u00bb]<style>.ra_button_69e64069de76d i{margin-left:15px;}.ra_button_69e64069de76d{color:#000000;font-weight:700 !important;}.ra_button_69e64069de76d.btn-underlined:after,.ra_button_69e64069de76d.btn-underlined:before{border-color:#000000;}.ra_button_69e64069de76d:focus,.ra_button_69e64069de76d:hover{color:#000000 !important;}<\/style><a href=\"https:\/\/tmeicports.com\/es\/soluciones\/gate-suite\/gate-weighing\/\" class=\"btn btn-underlined border-thin text-uppercase ra_button_69e64069de76d\" >\n\t\t\t\t<span>\n\tDescubrir<i class=\"fa fa-angle-right\"><\/i>\t<\/span>\n<\/a>\n[\/vc_column][\/vc_row][vc_row][vc_column el_class=\u00bbzero-height\u00bb][vc_raw_html]JTNDc2NyaXB0JTNFJTBBalF1ZXJ5JTI4ZnVuY3Rpb24lMjAlMjglMjQlMjklMjAlN0IlMEElMjQlMjhmdW5jdGlvbiUyOCUyOSU3QiUwQSUyMCUyMCUyMCUyMCUyNCUyOCUyN2gxJTI3JTI5LmVhY2glMjhmdW5jdGlvbiUyOCUyOSU3QiUyMCUyMCUyMCUyMCUwQSUyMCUyMCUyMCUyMCUyMCUyMCUyMCUyMHZhciUyMHRleHQlMjAlM0QlMjAlMjQlMjh0aGlzJTI5LnRleHQlMjglMjkuc3BsaXQlMjglMjclMjAlMjclMjklM0IlMEElMjAlMjAlMjAlMjAlMjAlMjAlMjAlMjBpZiUyOHRleHQubGVuZ3RoJTIwJTNDJTIwMiUyOSUwQSUyMCUyMCUyMCUyMCUyMCUyMCUyMCUyMCUyMCUyMCUyMCUyMHJldHVybiUzQiUyMCUwQSUyMCUyMCUyMCUyMCUyMCUyMCUyMCUyMHRleHQlNUIxJTVEJTIwJTNEJTIwJTI3JTNDc3BhbiUyMGNsYXNzJTNEJTIyc2Vjb25kV29yZCUyMiUzRSUyNyUyQnRleHQlNUIxJTVEJTJCJTI3JTNDJTJGc3BhbiUzRSUyNyUzQiUyMCUyMCUyMCUyMCUyMCUyMCUyMCUyMCUwQSUyMCUyMCUyMCUyMCUyMCUyMCUyMCUyMCUyNCUyOHRoaXMlMjkuaHRtbCUyOCUwQSUyMCUyMCUyMCUyMCUyMCUyMCUyMCUyMCUyMCUyMCUyMCUyMHRleHQuam9pbiUyOCUyNyUyMCUyNyUyOSUwQSUyMCUyMCUyMCUyMCUyMCUyMCUyMCUyMCUyOSUzQiUyMCUyMCUyMCUyMCUyMCUyMCUyMCUwQSUyMCUyMCUyMCUyMCU3RCUyOSUzQiUwQSU3RCUyOSUzQiUwQSU3RCUyOSUzQiUwQSUzQyUyRnNjcmlwdCUzRQ==[\/vc_raw_html][\/vc_column][\/vc_row]<\/p>\n","protected":false},"excerpt":{"rendered":"<p>[vc_row equal_height=\u00bbyes\u00bb content_placement=\u00bbtop\u00bb][vc_column css=\u00bb.vc_custom_1527690545227{background-position: center !important;background-repeat: no-repeat !important;background-size: cover !important;}\u00bb el_class=\u00bbgate-suite_padd\u00bb offset=\u00bbvc_hidden-sm vc_hidden-xs\u00bb][\/vc_column][\/vc_row][vc_row equal_height=\u00bbyes\u00bb content_placement=\u00bbtop\u00bb][vc_column css=\u00bb.vc_custom_1527690532003{background-position: center !important;background-repeat: no-repeat !important;background-size: cover !important;}\u00bb offset=\u00bbvc_hidden-lg vc_hidden-md\u00bb][\/vc_column][\/vc_row][vc_row full_width=\u00bbstretch_row_content_no_spaces\u00bb equal_height=\u00bbyes\u00bb content_placement=\u00bbtop\u00bb][vc_column width=\u00bb1\/6&#8243; css=\u00bb.vc_custom_1525277858356{background-position: center !important;background-repeat: no-repeat !important;background-size: cover !important;}\u00bb][\/vc_column][vc_column width=\u00bb2\/3&#8243;][vc_custom_heading text=\u00bbEntregamos un sistema completo e integrado con la terminal, que automatiza el seguimiento y la trazabilidad de contenedores y [&#8230;]<\/p>\n","protected":false},"author":1,"featured_media":0,"parent":9024,"menu_order":0,"comment_status":"closed","ping_status":"closed","template":"","meta":{"footnotes":""},"_links":{"self":[{"href":"https:\/\/tmeicports.com\/es\/wp-json\/wp\/v2\/pages\/9031"}],"collection":[{"href":"https:\/\/tmeicports.com\/es\/wp-json\/wp\/v2\/pages"}],"about":[{"href":"https:\/\/tmeicports.com\/es\/wp-json\/wp\/v2\/types\/page"}],"author":[{"embeddable":true,"href":"https:\/\/tmeicports.com\/es\/wp-json\/wp\/v2\/users\/1"}],"replies":[{"embeddable":true,"href":"https:\/\/tmeicports.com\/es\/wp-json\/wp\/v2\/comments?post=9031"}],"version-history":[{"count":19,"href":"https:\/\/tmeicports.com\/es\/wp-json\/wp\/v2\/pages\/9031\/revisions"}],"predecessor-version":[{"id":11721,"href":"https:\/\/tmeicports.com\/es\/wp-json\/wp\/v2\/pages\/9031\/revisions\/11721"}],"up":[{"embeddable":true,"href":"https:\/\/tmeicports.com\/es\/wp-json\/wp\/v2\/pages\/9024"}],"wp:attachment":[{"href":"https:\/\/tmeicports.com\/es\/wp-json\/wp\/v2\/media?parent=9031"}],"curies":[{"name":"wp","href":"https:\/\/api.w.org\/{rel}","templated":true}]}}