{"id":9080,"date":"2018-05-17T14:26:16","date_gmt":"2018-05-17T14:26:16","guid":{"rendered":"http:\/\/orbitaports.com\/?page_id=9080"},"modified":"2024-08-08T13:51:48","modified_gmt":"2024-08-08T13:51:48","slug":"gate-dmg-3d","status":"publish","type":"page","link":"https:\/\/tmeicports.com\/es\/soluciones\/gate-suite\/gate-dmg-3d\/","title":{"rendered":"Gate DMG 3D"},"content":{"rendered":"<p>[vc_row content_placement=\u00bbtop\u00bb el_class=\u00bbbot-marg\u00bb][vc_column width=\u00bb1\/6&#8243;][\/vc_column][vc_column width=\u00bb2\/3&#8243;][vc_custom_heading text=\u00bbElimina la comprobaci\u00f3n manual de da\u00f1os en los contenedores\u00bb font_container=\u00bbtag:h2|text_align:center\u00bb google_fonts=\u00bbfont_family:Montserrat%3A100%2C100italic%2C200%2C200italic%2C300%2C300italic%2Cregular%2Citalic%2C500%2C500italic%2C600%2C600italic%2C700%2C700italic%2C800%2C800italic%2C900%2C900italic|font_style:700%20bold%20regular%3A700%3Anormal\u00bb css=\u00bb.vc_custom_1526566877756{margin-top: -10px !important;}\u00bb][vc_column_text]<\/p>\n<p style=\"text-align: center;\">El sistema de Inspecci\u00f3n Autom\u00e1tica de Da\u00f1os de TMEIC detecta las superficies da\u00f1adas de los contenedores y notifica esa informaci\u00f3n a un Sistema Operativo de Puertas, como GateOS. El sistema funciona sin necesidad de vigilancia y comunica en tiempo real al encargado de la puerta la informaci\u00f3n de la localizaci\u00f3n y la superficie de los da\u00f1os cuando el cami\u00f3n atraviesa el portal GateCCR.<\/p>\n<p>[\/vc_column_text][\/vc_column][vc_column width=\u00bb1\/6&#8243;][\/vc_column][\/vc_row][vc_row full_width=\u00bbstretch_row_content_no_spaces\u00bb parallax=\u00bbcontent-moving\u00bb overlay_bg=\u00bbyes\u00bb css=\u00bb.vc_custom_1723125047569{border-right-width: 30px !important;border-left-width: 30px !important;padding-top: 60px !important;padding-bottom: 100px !important;background-image: url(https:\/\/tmeicports.com\/wp-content\/uploads\/2018\/05\/gate-suite_gate-dmg-3d_01-2.jpg?id=9042) !important;background-position: center;background-repeat: no-repeat !important;background-size: cover !important;border-left-color: #ffffff !important;border-left-style: solid !important;border-right-color: #ffffff !important;border-right-style: solid !important;}\u00bb overlay_color=\u00bbrgba(12,12,12,0.31)\u00bb el_class=\u00bbbot-pad\u00bb][vc_column align=\u00bbtext-lg-center\u00bb][vc_custom_heading text=\u00bbTotal gate control\u00bb font_container=\u00bbtag:h2|font_size:50px|text_align:center|color:%23ffffff\u00bb google_fonts=\u00bbfont_family:Poppins%3Aregular|font_style:700%20bold%20regular%3A700%3Anormal\u00bb css=\u00bb.vc_custom_1525005002464{margin-top: 0px !important;}\u00bb]<style>.ra_button_69e62c4a894be i{color:#ffffff;}.ra_button_69e62c4a894be{background-color:rgba(55,72,229,0.89);color:rgba(255,255,255,0.69);border-color:rgba(55,72,229,0.89) !important;}.ra_button_69e62c4a894be:focus,.ra_button_69e62c4a894be:hover{background-color:#3748e5;border-color:#3748e5!important;}<\/style><a href=\"https:\/\/www.youtube.com\/watch?v=9o78d1u1GHc\" class=\"btn btn-solid circle border-thin text-uppercase ra_button_69e62c4a894be lightbox-link\" data-type=\"video\">\n\t\t\t\t<span>\n\tPlay<i class=\"fa fa-play-circle\"><\/i>\t<\/span>\n<\/a>\n[\/vc_column][\/vc_row][vc_row el_class=\u00bbbot-marg\u00bb][vc_column width=\u00bb1\/6&#8243;][\/vc_column][vc_column width=\u00bb2\/3&#8243;][vc_column_text]<\/p>\n<p class=\"p1\"><span class=\"s1\">El sistema se puede instalar f\u00e1cilmente en el portal GateCCR. Los dispositivos de hardware son resistentes lectores en 3D de tipo industrial que proporcionan informaci\u00f3n muy detallada sobre la estructura del contenedor. El uso de algoritmos complejos permite una reproducci\u00f3n exacta de la escena y la visualizaci\u00f3n en tiempo real.<\/span><\/p>\n<p class=\"p1\"><span class=\"s1\">Mientras tiene lugar el proceso de detecci\u00f3n, el sistema puede clasificar tambi\u00e9n el contenedor en t\u00e9rminos de forma (20 pies, 40 pies, 45 pies, doble de 20 pies, plano, etc.).<br \/>\n<\/span><span class=\"s1\">GateDMG 3D puede formar parte de la interfaz \u00fanica de TMEIC GateOS, de manera que el sistema puede comunicarse con otros m\u00f3dulos de TMEIC, como GateCCR, para obtener im\u00e1genes en tiempo real. Esta funci\u00f3n permite presentar al usuario al mismo tiempo la vista de inspecci\u00f3n obtenida o las im\u00e1genes de los laterales del contenedor para una identificaci\u00f3n sencilla de un vistazo.<\/span><\/p>\n<p>[\/vc_column_text][\/vc_column][vc_column width=\u00bb1\/6&#8243;][\/vc_column][\/vc_row][vc_row el_class=\u00bbbot-marg\u00bb][vc_column]<div id=\"ra_carousel_69e62c4a8990f\" class=\"carousel-container carousel-nav-style1 nav-dark ra_carousel_69e62c4a8990f\" data-flickity-options='{\"cellAlign\":\"center\",\"contain\":true,\"groupCells\":true,\"pageDots\":true,\"pauseAutoPlayOnHover\":false}'>\n\n\t\n\t<div class=\"row carousel-items \">\n\t[vc_single_image image=\u00bb8727&#8243; img_size=\u00bbfull\u00bb alignment=\u00bbcenter\u00bb][vc_single_image image=\u00bb8728&#8243; img_size=\u00bbfull\u00bb alignment=\u00bbcenter\u00bb]\t<\/div>\n\n\t\n<\/div>[\/vc_column][\/vc_row][vc_row full_width=\u00bbstretch_row_content_no_spaces\u00bb][vc_column width=\u00bb1\/2&#8243; css=\u00bb.vc_custom_1525700494752{background-color: #b7b7b7 !important;}\u00bb el_class=\u00bbbacklink\u00bb][vc_custom_heading text=\u00bbVolver a Soluciones\u00bb font_container=\u00bbtag:h3|text_align:center|color:%23ffffff\u00bb use_theme_fonts=\u00bbyes\u00bb link=\u00bburl:https%3A%2F%2Ftmeicports.com%2Fes%2Fsoluciones%2F|||\u00bb el_class=\u00bbbott-padder\u00bb][\/vc_column][vc_column width=\u00bb1\/2&#8243; css=\u00bb.vc_custom_1525700508895{background-color: #c1c1c1 !important;}\u00bb el_class=\u00bbbacklink\u00bb][vc_custom_heading text=\u00bbVolver a Gate Suite\u00bb font_container=\u00bbtag:h3|text_align:center|color:%23ffffff\u00bb use_theme_fonts=\u00bbyes\u00bb link=\u00bburl:https%3A%2F%2Ftmeicports.com%2Fes%2Fsoluciones%2Fgate-suite%2F|||\u00bb el_class=\u00bbbott-padder\u00bb][\/vc_column][\/vc_row]<\/p>\n","protected":false},"excerpt":{"rendered":"<p>[vc_row content_placement=\u00bbtop\u00bb el_class=\u00bbbot-marg\u00bb][vc_column width=\u00bb1\/6&#8243;][\/vc_column][vc_column width=\u00bb2\/3&#8243;][vc_custom_heading text=\u00bbElimina la comprobaci\u00f3n manual de da\u00f1os en los contenedores\u00bb font_container=\u00bbtag:h2|text_align:center\u00bb google_fonts=\u00bbfont_family:Montserrat%3A100%2C100italic%2C200%2C200italic%2C300%2C300italic%2Cregular%2Citalic%2C500%2C500italic%2C600%2C600italic%2C700%2C700italic%2C800%2C800italic%2C900%2C900italic|font_style:700%20bold%20regular%3A700%3Anormal\u00bb css=\u00bb.vc_custom_1526566877756{margin-top: -10px !important;}\u00bb][vc_column_text] El sistema de Inspecci\u00f3n Autom\u00e1tica de Da\u00f1os de TMEIC detecta las superficies da\u00f1adas de los contenedores y notifica esa informaci\u00f3n a un Sistema Operativo de Puertas, como GateOS. El sistema funciona sin necesidad de vigilancia y [&#8230;]<\/p>\n","protected":false},"author":1,"featured_media":0,"parent":9031,"menu_order":0,"comment_status":"closed","ping_status":"closed","template":"","meta":{"footnotes":""},"_links":{"self":[{"href":"https:\/\/tmeicports.com\/es\/wp-json\/wp\/v2\/pages\/9080"}],"collection":[{"href":"https:\/\/tmeicports.com\/es\/wp-json\/wp\/v2\/pages"}],"about":[{"href":"https:\/\/tmeicports.com\/es\/wp-json\/wp\/v2\/types\/page"}],"author":[{"embeddable":true,"href":"https:\/\/tmeicports.com\/es\/wp-json\/wp\/v2\/users\/1"}],"replies":[{"embeddable":true,"href":"https:\/\/tmeicports.com\/es\/wp-json\/wp\/v2\/comments?post=9080"}],"version-history":[{"count":7,"href":"https:\/\/tmeicports.com\/es\/wp-json\/wp\/v2\/pages\/9080\/revisions"}],"predecessor-version":[{"id":11650,"href":"https:\/\/tmeicports.com\/es\/wp-json\/wp\/v2\/pages\/9080\/revisions\/11650"}],"up":[{"embeddable":true,"href":"https:\/\/tmeicports.com\/es\/wp-json\/wp\/v2\/pages\/9031"}],"wp:attachment":[{"href":"https:\/\/tmeicports.com\/es\/wp-json\/wp\/v2\/media?parent=9080"}],"curies":[{"name":"wp","href":"https:\/\/api.w.org\/{rel}","templated":true}]}}