{"id":9115,"date":"2018-05-17T14:49:40","date_gmt":"2018-05-17T14:49:40","guid":{"rendered":"http:\/\/orbitaports.com\/?page_id=9115"},"modified":"2024-08-08T14:00:28","modified_gmt":"2024-08-08T14:00:28","slug":"gate-kiosk","status":"publish","type":"page","link":"https:\/\/tmeicports.com\/es\/soluciones\/gate-suite\/gate-kiosk\/","title":{"rendered":"Gate Kiosk"},"content":{"rendered":"<p>[vc_row content_placement=\u00bbtop\u00bb el_class=\u00bbbot-marg\u00bb][vc_column width=\u00bb1\/6&#8243;][\/vc_column][vc_column width=\u00bb2\/3&#8243;][vc_custom_heading text=\u00bbUna interfaz de acceso de conductores totalmente configurable\u00bb font_container=\u00bbtag:h2|text_align:center\u00bb google_fonts=\u00bbfont_family:Montserrat%3A100%2C100italic%2C200%2C200italic%2C300%2C300italic%2Cregular%2Citalic%2C500%2C500italic%2C600%2C600italic%2C700%2C700italic%2C800%2C800italic%2C900%2C900italic|font_style:700%20bold%20regular%3A700%3Anormal\u00bb css=\u00bb.vc_custom_1526568380384{margin-top: -10px !important;}\u00bb][vc_column_text]<\/p>\n<p style=\"text-align: center;\">TMEIC GateKiosk es un armario de control modular personalizable que ofrece una amplia gama de interfaces del conductor para gestionar la entrada y salida de las instalaciones. Esto incluye \u00f3rdenes de trabajo, comunicaci\u00f3n entre el conductor y el personal de la terminal, impresi\u00f3n de documentos y otras funciones relacionadas con el proceso de admisi\u00f3n y salida de instalaciones controladas.<\/p>\n<p>[\/vc_column_text][\/vc_column][vc_column width=\u00bb1\/6&#8243;][\/vc_column][\/vc_row][vc_row full_width=\u00bbstretch_row_content_no_spaces\u00bb parallax=\u00bbcontent-moving\u00bb overlay_bg=\u00bbyes\u00bb css=\u00bb.vc_custom_1723125594074{border-right-width: 30px !important;border-left-width: 30px !important;padding-top: 60px !important;padding-bottom: 100px !important;background-image: url(https:\/\/tmeicports.com\/wp-content\/uploads\/2018\/05\/gate-suite_gate-kiosk_01-2.jpg?id=9044) !important;background-position: center;background-repeat: no-repeat !important;background-size: cover !important;border-left-color: #ffffff !important;border-left-style: solid !important;border-right-color: #ffffff !important;border-right-style: solid !important;}\u00bb overlay_color=\u00bbrgba(12,12,12,0.31)\u00bb el_class=\u00bbbot-pad\u00bb][vc_column align=\u00bbtext-lg-center\u00bb][vc_empty_space height=\u00bb50px\u00bb][vc_custom_heading text=\u00bbUna completa automatizaci\u00f3n en puertas\u00bb font_container=\u00bbtag:h2|font_size:50px|text_align:center|color:%23ffffff\u00bb google_fonts=\u00bbfont_family:Poppins%3Aregular|font_style:700%20bold%20regular%3A700%3Anormal\u00bb css=\u00bb.vc_custom_1528282499030{margin-top: 0px !important;}\u00bb][vc_empty_space height=\u00bb30px\u00bb][\/vc_column][\/vc_row][vc_row el_class=\u00bbbot-marg\u00bb][vc_column width=\u00bb1\/6&#8243;][\/vc_column][vc_column width=\u00bb2\/3&#8243;][vc_column_text]<\/p>\n<p class=\"p1\"><span class=\"s1\">GateKiosk automatiza las operaciones de registro, agiliza el tiempo de procesamiento y reduce la necesidad de intervenci\u00f3n del personal de la terminal. El sistema permite la trazabilidad de las operaciones de los conductores, minimiza el tiempo de espera en los carriles y facilita la gesti\u00f3n de incidencias por parte del personal o a trav\u00e9s del Sistema Operativo de la Terminal (TOS).<\/span><\/p>\n<p class=\"p1\"><span class=\"s1\">Con m\u00faltiples interfaces para la informaci\u00f3n entrante o saliente, GateKiosk permite recibir informaci\u00f3n del conductor, as\u00ed como enviarle informaci\u00f3n en tiempo real directamente desde el TOS u otras aplicaciones de software sin necesidad de intermediarios.<\/span><\/p>\n<p>[\/vc_column_text][\/vc_column][vc_column width=\u00bb1\/6&#8243;][\/vc_column][\/vc_row][vc_row el_class=\u00bbbot-marg\u00bb][vc_column]<div id=\"ra_carousel_69e62c886cfdb\" class=\"carousel-container carousel-nav-style1 nav-dark ra_carousel_69e62c886cfdb\" data-flickity-options='{\"cellAlign\":\"center\",\"contain\":true,\"groupCells\":true,\"pageDots\":true,\"pauseAutoPlayOnHover\":false}'>\n\n\t\n\t<div class=\"row carousel-items \">\n\t[vc_single_image image=\u00bb8536&#8243; img_size=\u00bbfull\u00bb][vc_single_image image=\u00bb8717&#8243; img_size=\u00bbfull\u00bb][vc_single_image image=\u00bb8716&#8243; img_size=\u00bbfull\u00bb]\t<\/div>\n\n\t\n<\/div>[\/vc_column][\/vc_row][vc_row full_width=\u00bbstretch_row_content_no_spaces\u00bb][vc_column width=\u00bb1\/2&#8243; css=\u00bb.vc_custom_1525700424720{background-color: #b7b7b7 !important;}\u00bb el_class=\u00bbbacklink\u00bb][vc_custom_heading text=\u00bbVolver a Solutions\u00bb font_container=\u00bbtag:h3|text_align:center|color:%23ffffff\u00bb use_theme_fonts=\u00bbyes\u00bb link=\u00bburl:https%3A%2F%2Ftmeicports.com%2Fes%2Fsoluciones%2F|||\u00bb el_class=\u00bbbott-padder\u00bb][\/vc_column][vc_column width=\u00bb1\/2&#8243; css=\u00bb.vc_custom_1525700442697{background-color: #c1c1c1 !important;}\u00bb el_class=\u00bbbacklink\u00bb][vc_custom_heading text=\u00bbVolver a Gate Suite\u00bb font_container=\u00bbtag:h3|text_align:center|color:%23ffffff\u00bb use_theme_fonts=\u00bbyes\u00bb link=\u00bburl:https%3A%2F%2Ftmeicports.com%2Fes%2Fsoluciones%2Fgate-suite%2F|||\u00bb el_class=\u00bbbott-padder\u00bb][\/vc_column][\/vc_row]<\/p>\n","protected":false},"excerpt":{"rendered":"<p>[vc_row content_placement=\u00bbtop\u00bb el_class=\u00bbbot-marg\u00bb][vc_column width=\u00bb1\/6&#8243;][\/vc_column][vc_column width=\u00bb2\/3&#8243;][vc_custom_heading text=\u00bbUna interfaz de acceso de conductores totalmente configurable\u00bb font_container=\u00bbtag:h2|text_align:center\u00bb google_fonts=\u00bbfont_family:Montserrat%3A100%2C100italic%2C200%2C200italic%2C300%2C300italic%2Cregular%2Citalic%2C500%2C500italic%2C600%2C600italic%2C700%2C700italic%2C800%2C800italic%2C900%2C900italic|font_style:700%20bold%20regular%3A700%3Anormal\u00bb css=\u00bb.vc_custom_1526568380384{margin-top: -10px !important;}\u00bb][vc_column_text] TMEIC GateKiosk es un armario de control modular personalizable que ofrece una amplia gama de interfaces del conductor para gestionar la entrada y salida de las instalaciones. Esto incluye \u00f3rdenes de trabajo, comunicaci\u00f3n entre el conductor y [&#8230;]<\/p>\n","protected":false},"author":1,"featured_media":0,"parent":9031,"menu_order":0,"comment_status":"closed","ping_status":"closed","template":"","meta":{"footnotes":""},"_links":{"self":[{"href":"https:\/\/tmeicports.com\/es\/wp-json\/wp\/v2\/pages\/9115"}],"collection":[{"href":"https:\/\/tmeicports.com\/es\/wp-json\/wp\/v2\/pages"}],"about":[{"href":"https:\/\/tmeicports.com\/es\/wp-json\/wp\/v2\/types\/page"}],"author":[{"embeddable":true,"href":"https:\/\/tmeicports.com\/es\/wp-json\/wp\/v2\/users\/1"}],"replies":[{"embeddable":true,"href":"https:\/\/tmeicports.com\/es\/wp-json\/wp\/v2\/comments?post=9115"}],"version-history":[{"count":9,"href":"https:\/\/tmeicports.com\/es\/wp-json\/wp\/v2\/pages\/9115\/revisions"}],"predecessor-version":[{"id":11659,"href":"https:\/\/tmeicports.com\/es\/wp-json\/wp\/v2\/pages\/9115\/revisions\/11659"}],"up":[{"embeddable":true,"href":"https:\/\/tmeicports.com\/es\/wp-json\/wp\/v2\/pages\/9031"}],"wp:attachment":[{"href":"https:\/\/tmeicports.com\/es\/wp-json\/wp\/v2\/media?parent=9115"}],"curies":[{"name":"wp","href":"https:\/\/api.w.org\/{rel}","templated":true}]}}