{"id":9135,"date":"2018-05-17T15:06:17","date_gmt":"2018-05-17T15:06:17","guid":{"rendered":"http:\/\/orbitaports.com\/?page_id=9135"},"modified":"2024-08-08T14:06:51","modified_gmt":"2024-08-08T14:06:51","slug":"gate-os","status":"publish","type":"page","link":"https:\/\/tmeicports.com\/es\/soluciones\/gate-suite\/gate-os\/","title":{"rendered":"Gate OS"},"content":{"rendered":"<p>[vc_row content_placement=\u00bbtop\u00bb el_class=\u00bbbot-marg\u00bb][vc_column width=\u00bb1\/6&#8243;][\/vc_column][vc_column width=\u00bb2\/3&#8243;][vc_custom_heading text=\u00bbUn potente software para la gesti\u00f3n remota de puertas\u00bb font_container=\u00bbtag:h2|text_align:center\u00bb google_fonts=\u00bbfont_family:Montserrat%3A100%2C100italic%2C200%2C200italic%2C300%2C300italic%2Cregular%2Citalic%2C500%2C500italic%2C600%2C600italic%2C700%2C700italic%2C800%2C800italic%2C900%2C900italic|font_style:700%20bold%20regular%3A700%3Anormal\u00bb css=\u00bb.vc_custom_1526569449180{margin-top: -10px !important;}\u00bb][vc_column_text]<\/p>\n<p style=\"text-align: center;\">TMEIC GateOS es un Sistema Operativo de Puertas (GOS) para la gesti\u00f3n remota y en tiempo real y el manejo totalmente automatizado de puntos de control de acceso. GateOS mejora al instante el rendimiento y los costes, centralizando el control de las acciones e incidencias de varios carriles en las puertas, con una presencia m\u00ednima requerida del operario.<\/p>\n<p>[\/vc_column_text][\/vc_column][vc_column width=\u00bb1\/6&#8243;][\/vc_column][\/vc_row][vc_row full_width=\u00bbstretch_row_content_no_spaces\u00bb parallax=\u00bbcontent-moving\u00bb overlay_bg=\u00bbyes\u00bb css=\u00bb.vc_custom_1723125969409{border-right-width: 30px !important;border-left-width: 30px !important;padding-top: 60px !important;padding-bottom: 100px !important;background-image: url(https:\/\/tmeicports.com\/wp-content\/uploads\/2018\/05\/gate-suite_gate-os_02.jpg?id=9142) !important;background-position: center;background-repeat: no-repeat !important;background-size: cover !important;border-left-color: #ffffff !important;border-left-style: solid !important;border-right-color: #ffffff !important;border-right-style: solid !important;}\u00bb overlay_color=\u00bbrgba(12,12,12,0.31)\u00bb el_class=\u00bbbot-pad\u00bb][vc_column align=\u00bbtext-lg-center\u00bb][vc_custom_heading text=\u00bbUna completa automatizaci\u00f3n en puertas\u00bb font_container=\u00bbtag:h2|font_size:50px|text_align:center|color:%23ffffff\u00bb google_fonts=\u00bbfont_family:Poppins%3Aregular|font_style:700%20bold%20regular%3A700%3Anormal\u00bb css=\u00bb.vc_custom_1528282642630{margin-top: 0px !important;}\u00bb]<style>.ra_button_69e62a5f5a12a i{color:#ffffff;}.ra_button_69e62a5f5a12a{background-color:rgba(55,72,229,0.89);color:rgba(255,255,255,0.69);border-color:rgba(55,72,229,0.89) !important;}.ra_button_69e62a5f5a12a:focus,.ra_button_69e62a5f5a12a:hover{background-color:#3748e5;border-color:#3748e5!important;}<\/style><a href=\"https:\/\/www.youtube.com\/watch?v=Noki16A4uCo\" class=\"btn btn-solid circle border-thin text-uppercase ra_button_69e62a5f5a12a lightbox-link\" data-type=\"video\">\n\t\t\t\t<span>\n\tPlay<i class=\"fa fa-play-circle\"><\/i>\t<\/span>\n<\/a>\n[\/vc_column][\/vc_row][vc_row el_class=\u00bbbot-marg\u00bb][vc_column width=\u00bb1\/6&#8243;][\/vc_column][vc_column width=\u00bb2\/3&#8243;][vc_column_text]GateOS gestiona y almacena la informaci\u00f3n del proceso de admisi\u00f3n y salida de camiones y la comparte de forma fluida con el Sistema Operativo de la Terminal (TOS) a trav\u00e9s de interfaces XML, WebServices y otros protocolos de comunicaci\u00f3n frecuentes. GateOS incluye tambi\u00e9n controladores para la comunicaci\u00f3n con sistemas similares de otros fabricantes.<\/p>\n<p>La integraci\u00f3n del TOS incluye la gesti\u00f3n de acciones del TOS dentro de GateOS, ofreciendo una \u00fanica interfaz que proporciona al operario el control de casi cualquier acci\u00f3n relacionada con el manejo de las puertas desde una \u00fanica pantalla y un \u00fanico sistema operativo. El resultado es un centro de mando y de control completo de las operaciones de las puertas, reduciendo as\u00ed la necesidad de formaci\u00f3n, la infraestructura inform\u00e1tica y el tiempo de resoluci\u00f3n de incidencias.[\/vc_column_text][\/vc_column][vc_column width=\u00bb1\/6&#8243;][\/vc_column][\/vc_row][vc_row el_class=\u00bbbot-marg\u00bb][vc_column]<div id=\"ra_carousel_69e62a5f5abb6\" class=\"carousel-container carousel-nav-style1 nav-dark ra_carousel_69e62a5f5abb6\" data-flickity-options='{\"cellAlign\":\"center\",\"contain\":true,\"groupCells\":true,\"pageDots\":true,\"pauseAutoPlayOnHover\":false}'>\n\n\t\n\t<div class=\"row carousel-items \">\n\t[vc_single_image image=\u00bb8592&#8243; img_size=\u00bbfull\u00bb][vc_single_image image=\u00bb8593&#8243; img_size=\u00bbfull\u00bb][vc_single_image image=\u00bb8594&#8243; img_size=\u00bbfull\u00bb alignment=\u00bbcenter\u00bb]\t<\/div>\n\n\t\n<\/div>[\/vc_column][\/vc_row][vc_row full_width=\u00bbstretch_row_content_no_spaces\u00bb][vc_column width=\u00bb1\/2&#8243; css=\u00bb.vc_custom_1525700424720{background-color: #b7b7b7 !important;}\u00bb el_class=\u00bbbacklink\u00bb][vc_custom_heading text=\u00bbVolver a Soluciones\u00bb font_container=\u00bbtag:h3|text_align:center|color:%23ffffff\u00bb use_theme_fonts=\u00bbyes\u00bb link=\u00bburl:https%3A%2F%2Ftmeicports.com%2Fes%2Fsoluciones%2F|||\u00bb el_class=\u00bbbott-padder\u00bb][\/vc_column][vc_column width=\u00bb1\/2&#8243; css=\u00bb.vc_custom_1525700442697{background-color: #c1c1c1 !important;}\u00bb el_class=\u00bbbacklink\u00bb][vc_custom_heading text=\u00bbVolver a Gate Suite\u00bb font_container=\u00bbtag:h3|text_align:center|color:%23ffffff\u00bb use_theme_fonts=\u00bbyes\u00bb link=\u00bburl:https%3A%2F%2Ftmeicports.com%2Fes%2Fsoluciones%2Fgate-suite%2F|||\u00bb el_class=\u00bbbott-padder\u00bb][\/vc_column][\/vc_row]<\/p>\n","protected":false},"excerpt":{"rendered":"<p>[vc_row content_placement=\u00bbtop\u00bb el_class=\u00bbbot-marg\u00bb][vc_column width=\u00bb1\/6&#8243;][\/vc_column][vc_column width=\u00bb2\/3&#8243;][vc_custom_heading text=\u00bbUn potente software para la gesti\u00f3n remota de puertas\u00bb font_container=\u00bbtag:h2|text_align:center\u00bb google_fonts=\u00bbfont_family:Montserrat%3A100%2C100italic%2C200%2C200italic%2C300%2C300italic%2Cregular%2Citalic%2C500%2C500italic%2C600%2C600italic%2C700%2C700italic%2C800%2C800italic%2C900%2C900italic|font_style:700%20bold%20regular%3A700%3Anormal\u00bb css=\u00bb.vc_custom_1526569449180{margin-top: -10px !important;}\u00bb][vc_column_text] TMEIC GateOS es un Sistema Operativo de Puertas (GOS) para la gesti\u00f3n remota y en tiempo real y el manejo totalmente automatizado de puntos de control de acceso. GateOS mejora al instante el rendimiento y los [&#8230;]<\/p>\n","protected":false},"author":1,"featured_media":0,"parent":9031,"menu_order":0,"comment_status":"closed","ping_status":"closed","template":"","meta":{"footnotes":""},"_links":{"self":[{"href":"https:\/\/tmeicports.com\/es\/wp-json\/wp\/v2\/pages\/9135"}],"collection":[{"href":"https:\/\/tmeicports.com\/es\/wp-json\/wp\/v2\/pages"}],"about":[{"href":"https:\/\/tmeicports.com\/es\/wp-json\/wp\/v2\/types\/page"}],"author":[{"embeddable":true,"href":"https:\/\/tmeicports.com\/es\/wp-json\/wp\/v2\/users\/1"}],"replies":[{"embeddable":true,"href":"https:\/\/tmeicports.com\/es\/wp-json\/wp\/v2\/comments?post=9135"}],"version-history":[{"count":7,"href":"https:\/\/tmeicports.com\/es\/wp-json\/wp\/v2\/pages\/9135\/revisions"}],"predecessor-version":[{"id":11666,"href":"https:\/\/tmeicports.com\/es\/wp-json\/wp\/v2\/pages\/9135\/revisions\/11666"}],"up":[{"embeddable":true,"href":"https:\/\/tmeicports.com\/es\/wp-json\/wp\/v2\/pages\/9031"}],"wp:attachment":[{"href":"https:\/\/tmeicports.com\/es\/wp-json\/wp\/v2\/media?parent=9135"}],"curies":[{"name":"wp","href":"https:\/\/api.w.org\/{rel}","templated":true}]}}