{"id":9153,"date":"2018-05-17T15:30:49","date_gmt":"2018-05-17T15:30:49","guid":{"rendered":"http:\/\/orbitaports.com\/?page_id=9153"},"modified":"2024-08-08T14:13:04","modified_gmt":"2024-08-08T14:13:04","slug":"gate-weighing","status":"publish","type":"page","link":"https:\/\/tmeicports.com\/es\/soluciones\/gate-suite\/gate-weighing\/","title":{"rendered":"Gate Weighing"},"content":{"rendered":"<p>[vc_row content_placement=\u00bbtop\u00bb el_class=\u00bbbot-marg\u00bb][vc_column width=\u00bb1\/6&#8243;][\/vc_column][vc_column width=\u00bb2\/3&#8243;][vc_custom_heading text=\u00bbIntegraci\u00f3n de datos de pesaje de mercanc\u00eda en Sistemas Operativos de Puertas\u00bb font_container=\u00bbtag:h2|text_align:center\u00bb google_fonts=\u00bbfont_family:Montserrat%3A100%2C100italic%2C200%2C200italic%2C300%2C300italic%2Cregular%2Citalic%2C500%2C500italic%2C600%2C600italic%2C700%2C700italic%2C800%2C800italic%2C900%2C900italic|font_style:700%20bold%20regular%3A700%3Anormal\u00bb css=\u00bb.vc_custom_1526974527364{margin-top: -10px !important;}\u00bb][vc_column_text]<\/p>\n<p style=\"text-align: center;\">El sistema de b\u00e1sculas de pesaje es un software adicional que permite una integraci\u00f3n directa de datos de pesaje de mercanc\u00eda en el sistema operativo de puertas.<\/p>\n<p>[\/vc_column_text][\/vc_column][vc_column width=\u00bb1\/6&#8243;][\/vc_column][\/vc_row][vc_row full_width=\u00bbstretch_row_content_no_spaces\u00bb parallax=\u00bbcontent-moving\u00bb overlay_bg=\u00bbyes\u00bb css=\u00bb.vc_custom_1723126347627{border-right-width: 30px !important;border-left-width: 30px !important;padding-top: 60px !important;padding-bottom: 100px !important;background-image: url(https:\/\/tmeicports.com\/wp-content\/uploads\/2018\/05\/gate-suite_gate-weighing_01.jpg?id=9041) !important;background-position: center;background-repeat: no-repeat !important;background-size: cover !important;border-left-color: #ffffff !important;border-left-style: solid !important;border-right-color: #ffffff !important;border-right-style: solid !important;}\u00bb overlay_color=\u00bbrgba(12,12,12,0.31)\u00bb el_class=\u00bbbot-pad\u00bb][vc_column align=\u00bbtext-lg-center\u00bb][vc_empty_space height=\u00bb50px\u00bb][vc_custom_heading text=\u00bbUna completa automatizaci\u00f3n en puertas\u00bb font_container=\u00bbtag:h2|font_size:50px|text_align:center|color:%23ffffff\u00bb google_fonts=\u00bbfont_family:Poppins%3Aregular|font_style:700%20bold%20regular%3A700%3Anormal\u00bb css=\u00bb.vc_custom_1528282771380{margin-top: 0px !important;}\u00bb][vc_empty_space height=\u00bb30px\u00bb][\/vc_column][\/vc_row][vc_row el_class=\u00bbbot-marg\u00bb][vc_column width=\u00bb1\/6&#8243;][\/vc_column][vc_column width=\u00bb2\/3&#8243;][vc_column_text]El peso se env\u00eda autom\u00e1ticamente al TOS junto con otra informaci\u00f3n en tiempo real, como la matr\u00edcula del cami\u00f3n, el c\u00f3digo del contenedor, la identificaci\u00f3n del conductor o las \u00f3rdenes de trabajo.<\/p>\n<p>Desde que se hizo obligatoria la regulaci\u00f3n IMO SOLAS en Julio de 2016, es necesario asegurarse de que los contenedores se pesan correctamente.<br \/>\nCon este prop\u00f3sito, los accesos a terminales y a puertos se han convertido en la localizaci\u00f3n natural para calcular y verificar el estado de pesaje del contenedor desde la entrada hasta la salida de un trayecto dentro de la terminal.<\/p>\n<p>Como parte de la automatizaci\u00f3n en puertas, las b\u00e1sculas de pesaje se consideran como un elemento adicional, proporcionando un resultado que tiene que registrarse autom\u00e1ticamente.<\/p>\n<p>El objetivo principal es conseguir una trazabilidad completa de una informaci\u00f3n tan importante como el pesaje de la mercanc\u00eda que se maneja en las instalaciones.[\/vc_column_text][\/vc_column][vc_column width=\u00bb1\/6&#8243;][\/vc_column][\/vc_row][vc_row el_class=\u00bbbot-marg\u00bb][vc_column]<div id=\"ra_carousel_69e04fe6ec819\" class=\"carousel-container carousel-nav-style1 nav-dark ra_carousel_69e04fe6ec819\" data-flickity-options='{\"cellAlign\":\"center\",\"contain\":true,\"groupCells\":true,\"pageDots\":true,\"pauseAutoPlayOnHover\":false}'>\n\n\t\n\t<div class=\"row carousel-items \">\n\t[vc_single_image image=\u00bb8521&#8243; img_size=\u00bbfull\u00bb]\t<\/div>\n\n\t\n<\/div>[\/vc_column][\/vc_row][vc_row el_class=\u00bbbot-marg\u00bb][vc_column width=\u00bb1\/6&#8243;][\/vc_column][vc_column width=\u00bb2\/3&#8243;][vc_custom_heading text=\u00bbCaracter\u00edsticas y beneficios\u00bb font_container=\u00bbtag:h3|text_align:left\u00bb use_theme_fonts=\u00bbyes\u00bb][vc_column_text]<\/p>\n<ul>\n<li class=\"p1\"><span class=\"s1\">El sistema puede integrarse con la mayor\u00eda de las b\u00e1sculas de pesaje industrial<\/span><\/li>\n<li class=\"p1\"><span class=\"s1\">Permite la comunicaci\u00f3n con interfaces est\u00e1ndar como Ethernet, RS232, etc.<\/span><\/li>\n<li class=\"p1\"><span class=\"s1\">El software incluye protocolos de comunicaci\u00f3n que proporcionan una integraci\u00f3n robusta, estable y confiable.<\/span><\/li>\n<li class=\"p1\"><span class=\"s1\">Totalmente integrado con las b\u00e1sculas de pesaje de cami\u00f3n, incluida la gesti\u00f3n de excepciones, la diagnosis y las tareas de mantenimiento<\/span><\/li>\n<li class=\"p1\"><span class=\"s1\">Seguridad mejorada en los trabajos de manejo de contenedores, desde que el sistema detecta cualquier sobrepeso y evita accidentes de transporte debidos al sobrepeso.<\/span><\/li>\n<\/ul>\n<p>[\/vc_column_text][\/vc_column][vc_column width=\u00bb1\/6&#8243;][\/vc_column][\/vc_row][vc_row full_width=\u00bbstretch_row_content_no_spaces\u00bb][vc_column width=\u00bb1\/2&#8243; css=\u00bb.vc_custom_1525700494752{background-color: #b7b7b7 !important;}\u00bb el_class=\u00bbbacklink\u00bb][vc_custom_heading text=\u00bbVolver a Soluciones\u00bb font_container=\u00bbtag:h3|text_align:center|color:%23ffffff\u00bb use_theme_fonts=\u00bbyes\u00bb link=\u00bburl:https%3A%2F%2Ftmeicports.com%2Fes%2Fsoluciones%2F|||\u00bb el_class=\u00bbbott-padder\u00bb][\/vc_column][vc_column width=\u00bb1\/2&#8243; css=\u00bb.vc_custom_1525700508895{background-color: #c1c1c1 !important;}\u00bb el_class=\u00bbbacklink\u00bb][vc_custom_heading text=\u00bbVolver a Gate Suite\u00bb font_container=\u00bbtag:h3|text_align:center|color:%23ffffff\u00bb use_theme_fonts=\u00bbyes\u00bb link=\u00bburl:https%3A%2F%2Ftmeicports.com%2Fes%2Fsoluciones%2Fgate-suite%2F|||\u00bb el_class=\u00bbbott-padder\u00bb][\/vc_column][\/vc_row]<\/p>\n","protected":false},"excerpt":{"rendered":"<p>[vc_row content_placement=\u00bbtop\u00bb el_class=\u00bbbot-marg\u00bb][vc_column width=\u00bb1\/6&#8243;][\/vc_column][vc_column width=\u00bb2\/3&#8243;][vc_custom_heading text=\u00bbIntegraci\u00f3n de datos de pesaje de mercanc\u00eda en Sistemas Operativos de Puertas\u00bb font_container=\u00bbtag:h2|text_align:center\u00bb google_fonts=\u00bbfont_family:Montserrat%3A100%2C100italic%2C200%2C200italic%2C300%2C300italic%2Cregular%2Citalic%2C500%2C500italic%2C600%2C600italic%2C700%2C700italic%2C800%2C800italic%2C900%2C900italic|font_style:700%20bold%20regular%3A700%3Anormal\u00bb css=\u00bb.vc_custom_1526974527364{margin-top: -10px !important;}\u00bb][vc_column_text] El sistema de b\u00e1sculas de pesaje es un software adicional que permite una integraci\u00f3n directa de datos de pesaje de mercanc\u00eda en el sistema operativo de puertas. [\/vc_column_text][\/vc_column][vc_column width=\u00bb1\/6&#8243;][\/vc_column][\/vc_row][vc_row full_width=\u00bbstretch_row_content_no_spaces\u00bb parallax=\u00bbcontent-moving\u00bb overlay_bg=\u00bbyes\u00bb css=\u00bb.vc_custom_1723126347627{border-right-width: [&#8230;]<\/p>\n","protected":false},"author":1,"featured_media":0,"parent":9031,"menu_order":0,"comment_status":"closed","ping_status":"closed","template":"","meta":{"footnotes":""},"_links":{"self":[{"href":"https:\/\/tmeicports.com\/es\/wp-json\/wp\/v2\/pages\/9153"}],"collection":[{"href":"https:\/\/tmeicports.com\/es\/wp-json\/wp\/v2\/pages"}],"about":[{"href":"https:\/\/tmeicports.com\/es\/wp-json\/wp\/v2\/types\/page"}],"author":[{"embeddable":true,"href":"https:\/\/tmeicports.com\/es\/wp-json\/wp\/v2\/users\/1"}],"replies":[{"embeddable":true,"href":"https:\/\/tmeicports.com\/es\/wp-json\/wp\/v2\/comments?post=9153"}],"version-history":[{"count":7,"href":"https:\/\/tmeicports.com\/es\/wp-json\/wp\/v2\/pages\/9153\/revisions"}],"predecessor-version":[{"id":11672,"href":"https:\/\/tmeicports.com\/es\/wp-json\/wp\/v2\/pages\/9153\/revisions\/11672"}],"up":[{"embeddable":true,"href":"https:\/\/tmeicports.com\/es\/wp-json\/wp\/v2\/pages\/9031"}],"wp:attachment":[{"href":"https:\/\/tmeicports.com\/es\/wp-json\/wp\/v2\/media?parent=9153"}],"curies":[{"name":"wp","href":"https:\/\/api.w.org\/{rel}","templated":true}]}}