{"id":9157,"date":"2018-05-17T15:35:22","date_gmt":"2018-05-17T15:35:22","guid":{"rendered":"http:\/\/orbitaports.com\/?page_id=9157"},"modified":"2024-08-09T07:39:03","modified_gmt":"2024-08-09T07:39:03","slug":"crane-suite","status":"publish","type":"page","link":"https:\/\/tmeicports.com\/es\/soluciones\/crane-suite\/","title":{"rendered":"Crane Suite"},"content":{"rendered":"<p>[vc_row equal_height=\u00bbyes\u00bb content_placement=\u00bbtop\u00bb][vc_column css=\u00bb.vc_custom_1525277858356{background-position: center !important;background-repeat: no-repeat !important;background-size: cover !important;}\u00bb][vc_single_image image=\u00bb9886&#8243; img_size=\u00bblarge\u00bb alignment=\u00bbcenter\u00bb][\/vc_column][\/vc_row][vc_row full_width=\u00bbstretch_row_content_no_spaces\u00bb equal_height=\u00bbyes\u00bb content_placement=\u00bbtop\u00bb][vc_column width=\u00bb1\/6&#8243; css=\u00bb.vc_custom_1525277858356{background-position: center !important;background-repeat: no-repeat !important;background-size: cover !important;}\u00bb][\/vc_column][vc_column width=\u00bb2\/3&#8243;][vc_custom_heading text=\u00bbCraneSuite mejora los procesos en el muelle. Estos sistemas incrementan el rendimiento de los procesos de carga y descarga sin ning\u00fan impacto sobre la operativa del puerto o la terminal.\u00bb font_container=\u00bbtag:h4|font_size:24px|text_align:center|color:%230c0c0c\u00bb use_theme_fonts=\u00bbyes\u00bb css=\u00bb.vc_custom_1528281092844{margin-bottom: 20px !important;}\u00bb][vc_empty_space height=\u00bb100px\u00bb][\/vc_column][vc_column width=\u00bb1\/6&#8243;][\/vc_column][\/vc_row][vc_row full_width=\u00bbstretch_row_content_no_spaces\u00bb equal_height=\u00bbyes\u00bb][vc_column width=\u00bb1\/2&#8243; css=\u00bb.vc_custom_1525678914300{padding-top: 85px !important;padding-right: 10% !important;padding-bottom: 100px !important;padding-left: 10% !important;background-image: url(https:\/\/orbitaports.com\/wp-content\/uploads\/2018\/05\/crane-suite_crane-ccr_01.jpg?id=8523) !important;background-position: center !important;background-repeat: no-repeat !important;background-size: cover !important;}\u00bb][\/vc_column][vc_column css_animation=\u00bbnone\u00bb width=\u00bb1\/2&#8243; css=\u00bb.vc_custom_1525430112510{padding-top: 85px !important;padding-right: 10% !important;padding-bottom: 100px !important;padding-left: 10% !important;background-color: #f6f8fb !important;}\u00bb][vc_row_inner][vc_column_inner css_animation=\u00bbfadeInUp\u00bb][vc_custom_heading text=\u00bbCrane CCR\u00bb font_container=\u00bbtag:h2|text_align:left|color:%230c0c0c\u00bb use_theme_fonts=\u00bbyes\u00bb css_animation=\u00bbnone\u00bb link=\u00bb|||rel:nofollow\u00bb][vc_custom_heading text=\u00bbTMEIC CraneCCR automatiza la identificaci\u00f3n de contenedores y las operaciones en las gr\u00faas STS (ship- to \u2013 shore) de carga y descarga de buques.\u00bb font_container=\u00bbtag:h6|font_size:18px|text_align:left|color:%23737e80&#8243; use_theme_fonts=\u00bbyes\u00bb css_animation=\u00bbnone\u00bb css=\u00bb.vc_custom_1721373479965{margin-bottom: 20px !important;}\u00bb]<style>.ra_button_69e087e3d50e8 i{margin-left:15px;}.ra_button_69e087e3d50e8{color:#000000;font-weight:700 !important;}.ra_button_69e087e3d50e8.btn-underlined:after,.ra_button_69e087e3d50e8.btn-underlined:before{border-color:#000000;}.ra_button_69e087e3d50e8:focus,.ra_button_69e087e3d50e8:hover{color:#000000 !important;}<\/style><a href=\"https:\/\/tmeicports.com\/es\/soluciones\/crane-suite\/crane-ccr\/\" class=\"btn btn-underlined border-thin text-uppercase ra_button_69e087e3d50e8\" >\n\t\t\t\t<span>\n\tDescubrir<i class=\"fa fa-angle-right\"><\/i>\t<\/span>\n<\/a>\n[\/vc_column_inner][\/vc_row_inner][\/vc_column][\/vc_row][vc_row full_width=\u00bbstretch_row_content_no_spaces\u00bb equal_height=\u00bbyes\u00bb css=\u00bb.vc_custom_1525676842825{background-color: #f6f8fb !important;}\u00bb][vc_column width=\u00bb1\/2&#8243; css=\u00bb.vc_custom_1525676868196{padding-top: 85px !important;padding-right: 10% !important;padding-bottom: 100px !important;padding-left: 10% !important;background-position: center !important;background-repeat: no-repeat !important;background-size: cover !important;}\u00bb][vc_custom_heading text=\u00bbCrane OS\u00bb font_container=\u00bbtag:h2|text_align:left|color:%230c0c0c\u00bb use_theme_fonts=\u00bbyes\u00bb link=\u00bb|||\u00bb][vc_custom_heading text=\u00bbEl software TMEIC CraneOS integra los componentes de CraneSuite seg\u00fan los requisitos del cliente. CraneOS captura datos fiables de los c\u00f3digos ISO de los contenedores, identificaci\u00f3n de camiones, posicionamiento de camiones o inspecci\u00f3n de da\u00f1os en los contenedores, y los muestra al usuario a trav\u00e9s de una \u00fanica interfaz que se puede manejar a distancia.\u00bb font_container=\u00bbtag:h6|font_size:18px|text_align:left|color:%23737e80&#8243; use_theme_fonts=\u00bbyes\u00bb css=\u00bb.vc_custom_1721373490925{margin-bottom: 20px !important;}\u00bb]<style>.ra_button_69e087e3d5770 i{margin-left:15px;}.ra_button_69e087e3d5770{color:#000000;font-weight:700 !important;}.ra_button_69e087e3d5770.btn-underlined:after,.ra_button_69e087e3d5770.btn-underlined:before{border-color:#000000;}.ra_button_69e087e3d5770:focus,.ra_button_69e087e3d5770:hover{color:#000000 !important;}<\/style><a href=\"https:\/\/tmeicports.com\/es\/soluciones\/crane-suite\/crane-os\/\" class=\"btn btn-underlined border-thin text-uppercase ra_button_69e087e3d5770\" >\n\t\t\t\t<span>\n\tDescubrir<i class=\"fa fa-angle-right\"><\/i>\t<\/span>\n<\/a>\n[\/vc_column][vc_column width=\u00bb1\/2&#8243; css=\u00bb.vc_custom_1525678933662{padding-top: 85px !important;padding-right: 10% !important;padding-bottom: 100px !important;padding-left: 10% !important;background: #f6f8fb url(https:\/\/orbitaports.com\/wp-content\/uploads\/2018\/05\/crane-suite_crane-os_01.jpg?id=8524) !important;background-position: center !important;background-repeat: no-repeat !important;background-size: cover !important;}\u00bb][\/vc_column][\/vc_row][vc_row full_width=\u00bbstretch_row_content_no_spaces\u00bb equal_height=\u00bbyes\u00bb css=\u00bb.vc_custom_1525676922758{background-color: #f6f8fb !important;}\u00bb][vc_column width=\u00bb1\/2&#8243; css=\u00bb.vc_custom_1525680824384{padding-top: 85px !important;padding-right: 10% !important;padding-bottom: 100px !important;padding-left: 10% !important;background-image: url(https:\/\/orbitaports.com\/wp-content\/uploads\/2018\/05\/crane-suite_crane-tps_01-2.jpg?id=8530) !important;background-position: center !important;background-repeat: no-repeat !important;background-size: cover !important;}\u00bb][\/vc_column][vc_column width=\u00bb1\/2&#8243; css=\u00bb.vc_custom_1525676936273{padding-top: 85px !important;padding-right: 10% !important;padding-bottom: 100px !important;padding-left: 10% !important;background-position: center !important;background-repeat: no-repeat !important;background-size: cover !important;}\u00bb][vc_custom_heading text=\u00bbCrane TPS\u00bb font_container=\u00bbtag:h2|text_align:left|color:%230a0a0a\u00bb use_theme_fonts=\u00bbyes\u00bb link=\u00bb|||\u00bb][vc_custom_heading text=\u00bbEl sistema de Posicionamiento de Camiones para Gr\u00faas STS de TMEIC automatiza el flujo interno de camiones bajo las gr\u00faas de carga y descarga de buques, proporcionando unas herramientas de hardware y software adecuadas para conseguir una posici\u00f3n \u00f3ptima y r\u00e1pida de los camiones. Al reducir los movimientos del spreader, se reduce el tiempo de operaci\u00f3n y la energ\u00eda necesaria, mejorando el rendimiento de la gr\u00faa.\u00bb font_container=\u00bbtag:h6|font_size:18px|text_align:left|color:%23737e80&#8243; use_theme_fonts=\u00bbyes\u00bb css=\u00bb.vc_custom_1721373504731{margin-bottom: 20px !important;}\u00bb]<style>.ra_button_69e087e3d594b i{margin-left:15px;}.ra_button_69e087e3d594b{color:#000000;font-weight:700 !important;}.ra_button_69e087e3d594b.btn-underlined:after,.ra_button_69e087e3d594b.btn-underlined:before{border-color:#000000;}.ra_button_69e087e3d594b:focus,.ra_button_69e087e3d594b:hover{color:#000000 !important;}<\/style><a href=\"https:\/\/tmeicports.com\/es\/soluciones\/crane-suite\/crane-tps\/\" class=\"btn btn-underlined border-thin text-uppercase ra_button_69e087e3d594b\" >\n\t\t\t\t<span>\n\tDescubrir<i class=\"fa fa-angle-right\"><\/i>\t<\/span>\n<\/a>\n[\/vc_column][\/vc_row][vc_row full_width=\u00bbstretch_row_content_no_spaces\u00bb equal_height=\u00bbyes\u00bb css=\u00bb.vc_custom_1525676992114{background-color: #f6f8fb !important;}\u00bb][vc_column width=\u00bb1\/2&#8243; css=\u00bb.vc_custom_1525676980840{padding-top: 85px !important;padding-right: 10% !important;padding-bottom: 100px !important;padding-left: 10% !important;background-position: center !important;background-repeat: no-repeat !important;background-size: cover !important;}\u00bb][vc_custom_heading text=\u00bbCrane TMS\u00bb font_container=\u00bbtag:h2|text_align:left|color:%230a0a0a\u00bb use_theme_fonts=\u00bbyes\u00bb link=\u00bb|||\u00bb][vc_custom_heading text=\u00bbEl sistema CraneTMS permite el control del tr\u00e1fico en las gr\u00faas STS mediante el uso de sem\u00e1foros que mejoran el flujo de veh\u00edculos, as\u00ed como la seguridad y la prevenci\u00f3n de riesgos, con relaci\u00f3n a la manipulaci\u00f3n de la carga y la gesti\u00f3n de colas en los distintos carriles bajo la gr\u00faa.\u00bb font_container=\u00bbtag:h6|font_size:18px|text_align:left|color:%23737e80&#8243; use_theme_fonts=\u00bbyes\u00bb css=\u00bb.vc_custom_1526571266644{margin-bottom: 20px !important;}\u00bb]<style>.ra_button_69e087e3d5ade i{margin-left:15px;}.ra_button_69e087e3d5ade{color:#000000;font-weight:700 !important;}.ra_button_69e087e3d5ade.btn-underlined:after,.ra_button_69e087e3d5ade.btn-underlined:before{border-color:#000000;}.ra_button_69e087e3d5ade:focus,.ra_button_69e087e3d5ade:hover{color:#000000 !important;}<\/style><a href=\"https:\/\/tmeicports.com\/es\/soluciones\/crane-suite\/crane-tms\/\" class=\"btn btn-underlined border-thin text-uppercase ra_button_69e087e3d5ade\" >\n\t\t\t\t<span>\n\tDescubrir<i class=\"fa fa-angle-right\"><\/i>\t<\/span>\n<\/a>\n[\/vc_column][vc_column width=\u00bb1\/2&#8243; css=\u00bb.vc_custom_1525680843996{padding-top: 85px !important;padding-right: 10% !important;padding-bottom: 100px !important;padding-left: 10% !important;background: #f6f8fb url(https:\/\/orbitaports.com\/wp-content\/uploads\/2018\/05\/crane-suite_crane-tms_01-2.jpg?id=8532) !important;background-position: center !important;background-repeat: no-repeat !important;background-size: cover !important;}\u00bb][\/vc_column][\/vc_row][vc_row][vc_column el_class=\u00bbzero-height\u00bb][vc_raw_html]JTNDc2NyaXB0JTNFJTBBalF1ZXJ5JTI4ZnVuY3Rpb24lMjAlMjglMjQlMjklMjAlN0IlMEElMjQlMjhmdW5jdGlvbiUyOCUyOSU3QiUwQSUyMCUyMCUyMCUyMCUyNCUyOCUyN2gxJTI3JTI5LmVhY2glMjhmdW5jdGlvbiUyOCUyOSU3QiUyMCUyMCUyMCUyMCUwQSUyMCUyMCUyMCUyMCUyMCUyMCUyMCUyMHZhciUyMHRleHQlMjAlM0QlMjAlMjQlMjh0aGlzJTI5LnRleHQlMjglMjkuc3BsaXQlMjglMjclMjAlMjclMjklM0IlMEElMjAlMjAlMjAlMjAlMjAlMjAlMjAlMjBpZiUyOHRleHQubGVuZ3RoJTIwJTNDJTIwMiUyOSUwQSUyMCUyMCUyMCUyMCUyMCUyMCUyMCUyMCUyMCUyMCUyMCUyMHJldHVybiUzQiUyMCUwQSUyMCUyMCUyMCUyMCUyMCUyMCUyMCUyMHRleHQlNUIxJTVEJTIwJTNEJTIwJTI3JTNDc3BhbiUyMGNsYXNzJTNEJTIyc2Vjb25kV29yZCUyMiUzRSUyNyUyQnRleHQlNUIxJTVEJTJCJTI3JTNDJTJGc3BhbiUzRSUyNyUzQiUyMCUyMCUyMCUyMCUyMCUyMCUyMCUyMCUwQSUyMCUyMCUyMCUyMCUyMCUyMCUyMCUyMCUyNCUyOHRoaXMlMjkuaHRtbCUyOCUwQSUyMCUyMCUyMCUyMCUyMCUyMCUyMCUyMCUyMCUyMCUyMCUyMHRleHQuam9pbiUyOCUyNyUyMCUyNyUyOSUwQSUyMCUyMCUyMCUyMCUyMCUyMCUyMCUyMCUyOSUzQiUyMCUyMCUyMCUyMCUyMCUyMCUyMCUwQSUyMCUyMCUyMCUyMCU3RCUyOSUzQiUwQSU3RCUyOSUzQiUwQSU3RCUyOSUzQiUwQSUzQyUyRnNjcmlwdCUzRQ==[\/vc_raw_html][\/vc_column][\/vc_row]<\/p>\n","protected":false},"excerpt":{"rendered":"<p>[vc_row equal_height=\u00bbyes\u00bb content_placement=\u00bbtop\u00bb][vc_column css=\u00bb.vc_custom_1525277858356{background-position: center !important;background-repeat: no-repeat !important;background-size: cover !important;}\u00bb][vc_single_image image=\u00bb9886&#8243; img_size=\u00bblarge\u00bb alignment=\u00bbcenter\u00bb][\/vc_column][\/vc_row][vc_row full_width=\u00bbstretch_row_content_no_spaces\u00bb equal_height=\u00bbyes\u00bb content_placement=\u00bbtop\u00bb][vc_column width=\u00bb1\/6&#8243; css=\u00bb.vc_custom_1525277858356{background-position: center !important;background-repeat: no-repeat !important;background-size: cover !important;}\u00bb][\/vc_column][vc_column width=\u00bb2\/3&#8243;][vc_custom_heading text=\u00bbCraneSuite mejora los procesos en el muelle. Estos sistemas incrementan el rendimiento de los procesos de carga y descarga sin ning\u00fan impacto sobre la operativa del puerto o la terminal.\u00bb [&#8230;]<\/p>\n","protected":false},"author":1,"featured_media":0,"parent":9024,"menu_order":0,"comment_status":"closed","ping_status":"closed","template":"","meta":{"footnotes":""},"_links":{"self":[{"href":"https:\/\/tmeicports.com\/es\/wp-json\/wp\/v2\/pages\/9157"}],"collection":[{"href":"https:\/\/tmeicports.com\/es\/wp-json\/wp\/v2\/pages"}],"about":[{"href":"https:\/\/tmeicports.com\/es\/wp-json\/wp\/v2\/types\/page"}],"author":[{"embeddable":true,"href":"https:\/\/tmeicports.com\/es\/wp-json\/wp\/v2\/users\/1"}],"replies":[{"embeddable":true,"href":"https:\/\/tmeicports.com\/es\/wp-json\/wp\/v2\/comments?post=9157"}],"version-history":[{"count":14,"href":"https:\/\/tmeicports.com\/es\/wp-json\/wp\/v2\/pages\/9157\/revisions"}],"predecessor-version":[{"id":11717,"href":"https:\/\/tmeicports.com\/es\/wp-json\/wp\/v2\/pages\/9157\/revisions\/11717"}],"up":[{"embeddable":true,"href":"https:\/\/tmeicports.com\/es\/wp-json\/wp\/v2\/pages\/9024"}],"wp:attachment":[{"href":"https:\/\/tmeicports.com\/es\/wp-json\/wp\/v2\/media?parent=9157"}],"curies":[{"name":"wp","href":"https:\/\/api.w.org\/{rel}","templated":true}]}}