{"id":9168,"date":"2018-05-17T15:51:33","date_gmt":"2018-05-17T15:51:33","guid":{"rendered":"http:\/\/orbitaports.com\/?page_id=9168"},"modified":"2024-08-08T11:46:45","modified_gmt":"2024-08-08T11:46:45","slug":"crane-ccr","status":"publish","type":"page","link":"https:\/\/tmeicports.com\/es\/soluciones\/crane-suite\/crane-ccr\/","title":{"rendered":"Crane CCR"},"content":{"rendered":"<p>[vc_row content_placement=\u00bbtop\u00bb el_class=\u00bbbot-marg\u00bb][vc_column width=\u00bb1\/6&#8243;][\/vc_column][vc_column width=\u00bb2\/3&#8243;][vc_custom_heading text=\u00bbReconocimiento autom\u00e1tico de contenedores \u201cal vuelo\u201dpara gr\u00faas STS\u00bb font_container=\u00bbtag:h2|text_align:center\u00bb google_fonts=\u00bbfont_family:Montserrat%3A100%2C100italic%2C200%2C200italic%2C300%2C300italic%2Cregular%2Citalic%2C500%2C500italic%2C600%2C600italic%2C700%2C700italic%2C800%2C800italic%2C900%2C900italic|font_style:700%20bold%20regular%3A700%3Anormal\u00bb css=\u00bb.vc_custom_1526572125926{margin-top: -10px !important;}\u00bb][vc_column_text]<\/p>\n<p style=\"text-align: center;\">TMEIC CraneCCR identifica autom\u00e1ticamente los c\u00f3digos ISO de los contenedores durante el proceso de carga y descarga de buques desde las gr\u00faas STS.<\/p>\n<p>[\/vc_column_text][\/vc_column][vc_column width=\u00bb1\/6&#8243;][\/vc_column][\/vc_row][vc_row full_width=\u00bbstretch_row_content_no_spaces\u00bb parallax=\u00bbcontent-moving\u00bb overlay_bg=\u00bbyes\u00bb css=\u00bb.vc_custom_1723117602812{border-right-width: 30px !important;border-left-width: 30px !important;padding-top: 60px !important;padding-bottom: 100px !important;background-image: url(https:\/\/tmeicports.com\/wp-content\/uploads\/2018\/05\/crane-suite_crane-ccr_01-1.jpg?id=9172) !important;background-position: center;background-repeat: no-repeat !important;background-size: cover !important;border-left-color: #ffffff !important;border-left-style: solid !important;border-right-color: #ffffff !important;border-right-style: solid !important;}\u00bb overlay_color=\u00bbrgba(12,12,12,0.31)\u00bb el_class=\u00bbbot-pad\u00bb][vc_column align=\u00bbtext-lg-center\u00bb][vc_custom_heading text=\u00bbIdentificaci\u00f3n y seguimiento de la operativa en gr\u00faas STS\u00bb font_container=\u00bbtag:h2|font_size:50px|text_align:center|color:%23ffffff\u00bb google_fonts=\u00bbfont_family:Poppins%3Aregular|font_style:700%20bold%20regular%3A700%3Anormal\u00bb css=\u00bb.vc_custom_1528281976445{margin-top: 0px !important;}\u00bb]<style>.ra_button_69e640683e3d4 i{color:#ffffff;}.ra_button_69e640683e3d4{background-color:rgba(55,72,229,0.89);color:rgba(255,255,255,0.69);border-color:rgba(55,72,229,0.89) !important;}.ra_button_69e640683e3d4:focus,.ra_button_69e640683e3d4:hover{background-color:#3748e5;border-color:#3748e5!important;}<\/style><a href=\"https:\/\/www.youtube.com\/watch?v=BFW1FBl-6ZU\" class=\"btn btn-solid circle border-thin text-uppercase ra_button_69e640683e3d4 lightbox-link\" data-type=\"video\">\n\t\t\t\t<span>\n\tPlay<i class=\"fa fa-play-circle\"><\/i>\t<\/span>\n<\/a>\n[\/vc_column][\/vc_row][vc_row el_class=\u00bbbot-marg\u00bb][vc_column width=\u00bb1\/6&#8243;][\/vc_column][vc_column width=\u00bb2\/3&#8243;][vc_column_text]Al sustituir la tarea manual de identificar los contenedores en el muelle por la tecnolog\u00eda de visi\u00f3n automatizada, CraneCCR ayuda a los operarios de la terminal a aumentar la velocidad, eliminar los errores humanos y mejorar la eficiencia general en el proceso de carga y descarga de las gr\u00faas STS. CraneCCR se integra con TMEIC CraneOS para ofrecer una gesti\u00f3n 100% en remoto de las excepciones e incidencias, con plena integraci\u00f3n del Sistema Operativo de la Terminal (TOS) para un mejor control del proceso por parte del usuario.<\/p>\n<p>La rentabilidad de la inversi\u00f3n empieza desde el primer d\u00eda de funcionamiento: con una mejora de la precisi\u00f3n en la identificaci\u00f3n de contenedores, la detecci\u00f3n y resoluci\u00f3n de errores en tiempo real, un mejor control del proceso de da\u00f1os en los contenedores y la retirada del personal de control de la zona del muelle.<\/p>\n<p>Combinando la \u00faltima tecnolog\u00eda en c\u00e1maras con el movimiento PTZ (horizontal, vertical y de zoom) con los algoritmos de control m\u00e1s avanzados, CraneCCR captura al vuelo los n\u00fameros de identificaci\u00f3n, im\u00e1genes y otros datos fundamentales de los contenedores mientras se manipulan ininterrumpidamente en varios carriles bajo la gr\u00faa de muelle. Este innovador m\u00e9todo de obtenci\u00f3n en movimiento de datos por Reconocimiento \u00d3ptico de Caracteres (OCR) permite al usuario automatizar la identificaci\u00f3n de los contenedores en el muelle con una infraestructura m\u00ednima y sin que ello afecte a la duraci\u00f3n del ciclo de la gr\u00faa STS.[\/vc_column_text][\/vc_column][vc_column width=\u00bb1\/6&#8243;][\/vc_column][\/vc_row][vc_row el_class=\u00bbbot-marg\u00bb][vc_column]<div id=\"ra_carousel_69e640683e819\" class=\"carousel-container carousel-nav-style1 nav-dark ra_carousel_69e640683e819\" data-flickity-options='{\"cellAlign\":\"center\",\"contain\":true,\"groupCells\":true,\"pageDots\":true,\"pauseAutoPlayOnHover\":false}'>\n\n\t\n\t<div class=\"row carousel-items \">\n\t[vc_single_image image=\u00bb8625&#8243; img_size=\u00bbfull\u00bb][vc_single_image image=\u00bb8739&#8243; img_size=\u00bbfull\u00bb alignment=\u00bbcenter\u00bb][vc_single_image image=\u00bb8627&#8243; img_size=\u00bbfull\u00bb alignment=\u00bbcenter\u00bb][vc_single_image image=\u00bb8628&#8243; img_size=\u00bbfull\u00bb alignment=\u00bbcenter\u00bb][vc_single_image image=\u00bb8630&#8243; img_size=\u00bbfull\u00bb alignment=\u00bbcenter\u00bb][vc_single_image image=\u00bb8741&#8243; img_size=\u00bbfull\u00bb alignment=\u00bbcenter\u00bb][vc_single_image image=\u00bb8742&#8243; img_size=\u00bbfull\u00bb alignment=\u00bbcenter\u00bb]\t<\/div>\n\n\t\n<\/div>[\/vc_column][\/vc_row][vc_row el_class=\u00bbbot-marg\u00bb][vc_column width=\u00bb1\/6&#8243;][\/vc_column][vc_column width=\u00bb2\/3&#8243;][vc_column_text]Con cada movimiento del contenedor, CraneCCR almacena y env\u00eda la informaci\u00f3n correspondiente al TOS, efectuando una validaci\u00f3n en l\u00ednea del manifiesto de carga para los c\u00f3digos ISO de los contenedores. Las im\u00e1genes y v\u00eddeos asociados a los movimientos de cada contenedor se pueden verificar tambi\u00e9n por medio de TMEIC Operations Viewer para la inspecci\u00f3n de da\u00f1os e informes estad\u00edsticos.<\/p>\n<p>CraneCCR se integra perfectamente en el sistema de control de la gr\u00faa para registrar y almacenar otros datos principales, como el peso del contenedor, tama\u00f1o del contenedor, posici\u00f3n del spreaderspreader y la posici\u00f3n de los twistlocks. Con una configuraci\u00f3n gr\u00e1fica sencilla por medio del software de ingenier\u00eda de TMEIC, el software CraneCCR es adecuado para todo tipo de gr\u00faas STS.[\/vc_column_text][\/vc_column][vc_column width=\u00bb1\/6&#8243;][\/vc_column][\/vc_row][vc_row full_width=\u00bbstretch_row_content_no_spaces\u00bb][vc_column width=\u00bb1\/2&#8243; css=\u00bb.vc_custom_1525700424720{background-color: #b7b7b7 !important;}\u00bb el_class=\u00bbbacklink\u00bb][vc_custom_heading text=\u00bbVolver a Soluciones\u00bb font_container=\u00bbtag:h3|text_align:center|color:%23ffffff\u00bb use_theme_fonts=\u00bbyes\u00bb link=\u00bburl:https%3A%2F%2Forbitaports.com%2Fes%2Fsoluciones%2F|||\u00bb el_class=\u00bbbott-padder\u00bb][\/vc_column][vc_column width=\u00bb1\/2&#8243; css=\u00bb.vc_custom_1525700442697{background-color: #c1c1c1 !important;}\u00bb el_class=\u00bbbacklink\u00bb][vc_custom_heading text=\u00bbVolver a Crane Suite\u00bb font_container=\u00bbtag:h3|text_align:center|color:%23ffffff\u00bb use_theme_fonts=\u00bbyes\u00bb link=\u00bburl:https%3A%2F%2Forbitaports.com%2Fes%2Fsoluciones%2Fcrane-suite%2F|||\u00bb el_class=\u00bbbott-padder\u00bb][\/vc_column][\/vc_row]<\/p>\n","protected":false},"excerpt":{"rendered":"<p>[vc_row content_placement=\u00bbtop\u00bb el_class=\u00bbbot-marg\u00bb][vc_column width=\u00bb1\/6&#8243;][\/vc_column][vc_column width=\u00bb2\/3&#8243;][vc_custom_heading text=\u00bbReconocimiento autom\u00e1tico de contenedores \u201cal vuelo\u201dpara gr\u00faas STS\u00bb font_container=\u00bbtag:h2|text_align:center\u00bb google_fonts=\u00bbfont_family:Montserrat%3A100%2C100italic%2C200%2C200italic%2C300%2C300italic%2Cregular%2Citalic%2C500%2C500italic%2C600%2C600italic%2C700%2C700italic%2C800%2C800italic%2C900%2C900italic|font_style:700%20bold%20regular%3A700%3Anormal\u00bb css=\u00bb.vc_custom_1526572125926{margin-top: -10px !important;}\u00bb][vc_column_text] TMEIC CraneCCR identifica autom\u00e1ticamente los c\u00f3digos ISO de los contenedores durante el proceso de carga y descarga de buques desde las gr\u00faas STS. [\/vc_column_text][\/vc_column][vc_column width=\u00bb1\/6&#8243;][\/vc_column][\/vc_row][vc_row full_width=\u00bbstretch_row_content_no_spaces\u00bb parallax=\u00bbcontent-moving\u00bb overlay_bg=\u00bbyes\u00bb css=\u00bb.vc_custom_1723117602812{border-right-width: 30px !important;border-left-width: 30px !important;padding-top: 60px !important;padding-bottom: 100px !important;background-image: [&#8230;]<\/p>\n","protected":false},"author":1,"featured_media":0,"parent":9157,"menu_order":0,"comment_status":"closed","ping_status":"closed","template":"","meta":{"footnotes":""},"_links":{"self":[{"href":"https:\/\/tmeicports.com\/es\/wp-json\/wp\/v2\/pages\/9168"}],"collection":[{"href":"https:\/\/tmeicports.com\/es\/wp-json\/wp\/v2\/pages"}],"about":[{"href":"https:\/\/tmeicports.com\/es\/wp-json\/wp\/v2\/types\/page"}],"author":[{"embeddable":true,"href":"https:\/\/tmeicports.com\/es\/wp-json\/wp\/v2\/users\/1"}],"replies":[{"embeddable":true,"href":"https:\/\/tmeicports.com\/es\/wp-json\/wp\/v2\/comments?post=9168"}],"version-history":[{"count":11,"href":"https:\/\/tmeicports.com\/es\/wp-json\/wp\/v2\/pages\/9168\/revisions"}],"predecessor-version":[{"id":11628,"href":"https:\/\/tmeicports.com\/es\/wp-json\/wp\/v2\/pages\/9168\/revisions\/11628"}],"up":[{"embeddable":true,"href":"https:\/\/tmeicports.com\/es\/wp-json\/wp\/v2\/pages\/9157"}],"wp:attachment":[{"href":"https:\/\/tmeicports.com\/es\/wp-json\/wp\/v2\/media?parent=9168"}],"curies":[{"name":"wp","href":"https:\/\/api.w.org\/{rel}","templated":true}]}}