{"id":9185,"date":"2018-05-17T15:56:17","date_gmt":"2018-05-17T15:56:17","guid":{"rendered":"http:\/\/orbitaports.com\/?page_id=9185"},"modified":"2024-08-08T11:53:56","modified_gmt":"2024-08-08T11:53:56","slug":"crane-os","status":"publish","type":"page","link":"https:\/\/tmeicports.com\/es\/soluciones\/crane-suite\/crane-os\/","title":{"rendered":"Crane OS"},"content":{"rendered":"<p>[vc_row content_placement=\u00bbtop\u00bb el_class=\u00bbbot-marg\u00bb][vc_column width=\u00bb1\/6&#8243;][\/vc_column][vc_column width=\u00bb2\/3&#8243;][vc_custom_heading text=\u00bbControl a distancia con integraci\u00f3n en el TOS\u00bb font_container=\u00bbtag:h2|text_align:center\u00bb google_fonts=\u00bbfont_family:Montserrat%3A100%2C100italic%2C200%2C200italic%2C300%2C300italic%2Cregular%2Citalic%2C500%2C500italic%2C600%2C600italic%2C700%2C700italic%2C800%2C800italic%2C900%2C900italic|font_style:700%20bold%20regular%3A700%3Anormal\u00bb css=\u00bb.vc_custom_1526572428289{margin-top: -10px !important;}\u00bb][vc_column_text]<\/p>\n<p style=\"text-align: center;\">El software TMEIC CraneOS ofrece de manera eficiente una \u00fanica interfaz para el control y la gesti\u00f3n de excepciones de los productos CraneSuite de TMEIC. Como parte de CraneSuite, CraneOS puede integrar CraneCCR, CrameTPS para el Posicionamiento de Camiones en Gr\u00faas o la Inspecci\u00f3n de Da\u00f1os en los Contenedores, seg\u00fan lo requerido, en una \u00fanica interfaz centralizada.<\/p>\n<p>[\/vc_column_text][\/vc_column][vc_column width=\u00bb1\/6&#8243;][\/vc_column][\/vc_row][vc_row full_width=\u00bbstretch_row_content_no_spaces\u00bb parallax=\u00bbcontent-moving\u00bb overlay_bg=\u00bbyes\u00bb css=\u00bb.vc_custom_1723118034489{border-right-width: 30px !important;border-left-width: 30px !important;padding-top: 60px !important;padding-bottom: 100px !important;background-image: url(https:\/\/tmeicports.com\/wp-content\/uploads\/2018\/05\/crane-suite_crane-os_01-1.jpg?id=9139) !important;background-position: center;background-repeat: no-repeat !important;background-size: cover !important;border-left-color: #ffffff !important;border-left-style: solid !important;border-right-color: #ffffff !important;border-right-style: solid !important;}\u00bb overlay_color=\u00bbrgba(12,12,12,0.31)\u00bb el_class=\u00bbbot-pad\u00bb][vc_column align=\u00bbtext-lg-center\u00bb][vc_empty_space height=\u00bb50px\u00bb][vc_custom_heading text=\u00bbIdentificaci\u00f3n y seguimiento de la operativa en gr\u00faas STS\u00bb font_container=\u00bbtag:h2|font_size:50px|text_align:center|color:%23ffffff\u00bb google_fonts=\u00bbfont_family:Poppins%3Aregular|font_style:700%20bold%20regular%3A700%3Anormal\u00bb css=\u00bb.vc_custom_1528282078490{margin-top: 0px !important;}\u00bb][vc_empty_space height=\u00bb30px\u00bb][\/vc_column][\/vc_row][vc_row el_class=\u00bbbot-marg\u00bb][vc_column width=\u00bb1\/6&#8243;][\/vc_column][vc_column width=\u00bb2\/3&#8243;][vc_column_text]CraneOS se puede integrar tambi\u00e9n con GateOS para crear un Centro de Control remoto que permita al mismo personal vigilar y gestionar las operaciones en las Puertas de la Terminal, por tierra y por mar.<\/p>\n<p>CraneOS captura la informaci\u00f3n relativa a las Operaciones de la Gr\u00faa, como el Reconocimiento \u00d3ptico de Caracteres (OCR) y el tipo y peso del contenedor, y comparte esa informaci\u00f3n con el Sistema Operativo de la Terminal (TOS) para ofrecer una completa interfaz desde la cual el operario pueda gestionar a distancia las excepciones y supervisar eficazmente las operaciones de la gr\u00faa.<\/p>\n<p>Las capturas de imagen y v\u00eddeo se almacenan tambi\u00e9n para la posterior inspecci\u00f3n de los da\u00f1os, de manera que el personal autorizado pueda consultarlas m\u00e1s tarde para demostrar el estado de los contenedores o revisar el proceso de carga o descarga en caso de que sea necesario analizarlo.[\/vc_column_text][\/vc_column][vc_column width=\u00bb1\/6&#8243;][\/vc_column][\/vc_row][vc_row el_class=\u00bbbot-marg\u00bb][vc_column]<div id=\"ra_carousel_69e62eb20de34\" class=\"carousel-container carousel-nav-style1 nav-dark ra_carousel_69e62eb20de34\" data-flickity-options='{\"cellAlign\":\"center\",\"contain\":true,\"groupCells\":true,\"pageDots\":true,\"pauseAutoPlayOnHover\":false}'>\n\n\t\n\t<div class=\"row carousel-items \">\n\t[vc_single_image image=\u00bb8585&#8243; img_size=\u00bbfull\u00bb][vc_single_image image=\u00bb8746&#8243; img_size=\u00bbfull\u00bb alignment=\u00bbcenter\u00bb][vc_single_image image=\u00bb8745&#8243; img_size=\u00bbfull\u00bb alignment=\u00bbcenter\u00bb]\t<\/div>\n\n\t\n<\/div>[\/vc_column][\/vc_row][vc_row full_width=\u00bbstretch_row_content_no_spaces\u00bb][vc_column width=\u00bb1\/2&#8243; css=\u00bb.vc_custom_1525700424720{background-color: #b7b7b7 !important;}\u00bb el_class=\u00bbbacklink\u00bb][vc_custom_heading text=\u00bbVolver a Soluciones\u00bb font_container=\u00bbtag:h3|text_align:center|color:%23ffffff\u00bb use_theme_fonts=\u00bbyes\u00bb link=\u00bburl:https%3A%2F%2Forbitaports.com%2Fes%2Fsoluciones%2F|||\u00bb el_class=\u00bbbott-padder\u00bb][\/vc_column][vc_column width=\u00bb1\/2&#8243; css=\u00bb.vc_custom_1525700442697{background-color: #c1c1c1 !important;}\u00bb el_class=\u00bbbacklink\u00bb][vc_custom_heading text=\u00bbVolver a Crane Suite\u00bb font_container=\u00bbtag:h3|text_align:center|color:%23ffffff\u00bb use_theme_fonts=\u00bbyes\u00bb link=\u00bburl:https%3A%2F%2Forbitaports.com%2Fes%2Fsoluciones%2Fcrane-suite%2F|||\u00bb el_class=\u00bbbott-padder\u00bb][\/vc_column][\/vc_row]<\/p>\n","protected":false},"excerpt":{"rendered":"<p>[vc_row content_placement=\u00bbtop\u00bb el_class=\u00bbbot-marg\u00bb][vc_column width=\u00bb1\/6&#8243;][\/vc_column][vc_column width=\u00bb2\/3&#8243;][vc_custom_heading text=\u00bbControl a distancia con integraci\u00f3n en el TOS\u00bb font_container=\u00bbtag:h2|text_align:center\u00bb google_fonts=\u00bbfont_family:Montserrat%3A100%2C100italic%2C200%2C200italic%2C300%2C300italic%2Cregular%2Citalic%2C500%2C500italic%2C600%2C600italic%2C700%2C700italic%2C800%2C800italic%2C900%2C900italic|font_style:700%20bold%20regular%3A700%3Anormal\u00bb css=\u00bb.vc_custom_1526572428289{margin-top: -10px !important;}\u00bb][vc_column_text] El software TMEIC CraneOS ofrece de manera eficiente una \u00fanica interfaz para el control y la gesti\u00f3n de excepciones de los productos CraneSuite de TMEIC. Como parte de CraneSuite, CraneOS puede integrar CraneCCR, CrameTPS para el Posicionamiento [&#8230;]<\/p>\n","protected":false},"author":1,"featured_media":0,"parent":9157,"menu_order":0,"comment_status":"closed","ping_status":"closed","template":"","meta":{"footnotes":""},"_links":{"self":[{"href":"https:\/\/tmeicports.com\/es\/wp-json\/wp\/v2\/pages\/9185"}],"collection":[{"href":"https:\/\/tmeicports.com\/es\/wp-json\/wp\/v2\/pages"}],"about":[{"href":"https:\/\/tmeicports.com\/es\/wp-json\/wp\/v2\/types\/page"}],"author":[{"embeddable":true,"href":"https:\/\/tmeicports.com\/es\/wp-json\/wp\/v2\/users\/1"}],"replies":[{"embeddable":true,"href":"https:\/\/tmeicports.com\/es\/wp-json\/wp\/v2\/comments?post=9185"}],"version-history":[{"count":7,"href":"https:\/\/tmeicports.com\/es\/wp-json\/wp\/v2\/pages\/9185\/revisions"}],"predecessor-version":[{"id":11632,"href":"https:\/\/tmeicports.com\/es\/wp-json\/wp\/v2\/pages\/9185\/revisions\/11632"}],"up":[{"embeddable":true,"href":"https:\/\/tmeicports.com\/es\/wp-json\/wp\/v2\/pages\/9157"}],"wp:attachment":[{"href":"https:\/\/tmeicports.com\/es\/wp-json\/wp\/v2\/media?parent=9185"}],"curies":[{"name":"wp","href":"https:\/\/api.w.org\/{rel}","templated":true}]}}