{"id":9197,"date":"2018-05-17T16:04:52","date_gmt":"2018-05-17T16:04:52","guid":{"rendered":"http:\/\/orbitaports.com\/?page_id=9197"},"modified":"2024-08-08T12:10:19","modified_gmt":"2024-08-08T12:10:19","slug":"crane-tps","status":"publish","type":"page","link":"https:\/\/tmeicports.com\/es\/soluciones\/crane-suite\/crane-tps\/","title":{"rendered":"Crane TPS"},"content":{"rendered":"<p>[vc_row content_placement=\u00bbtop\u00bb el_class=\u00bbbot-marg\u00bb][vc_column width=\u00bb1\/6&#8243;][\/vc_column][vc_column width=\u00bb2\/3&#8243;][vc_custom_heading text=\u00bbAyuda a los camiones en las terminales a situarse bajo las gr\u00faas STS para una operaci\u00f3n m\u00e1s r\u00e1pida\u00bb font_container=\u00bbtag:h2|text_align:center\u00bb google_fonts=\u00bbfont_family:Montserrat%3A100%2C100italic%2C200%2C200italic%2C300%2C300italic%2Cregular%2Citalic%2C500%2C500italic%2C600%2C600italic%2C700%2C700italic%2C800%2C800italic%2C900%2C900italic|font_style:700%20bold%20regular%3A700%3Anormal\u00bb css=\u00bb.vc_custom_1526572993493{margin-top: -10px !important;}\u00bb][vc_column_text]<\/p>\n<p style=\"text-align: center;\">El sistema CraneTPS de Posicionamiento de Camiones para Gr\u00faas STS permite a los camiones en las terminales situarse en la posici\u00f3n \u00f3ptima para un proceso correcto de carga y descarga bajo el spreader, por cada carril y en cualquier direcci\u00f3n de entrada. Unas pantallas informativas ayudan al conductor a detenerse en el lugar correcto en funci\u00f3n del tipo de contenedor manejado. El sistema indica adem\u00e1s la distancia y la direcci\u00f3n para terminar la maniobra correctamente.<\/p>\n<p>[\/vc_column_text][\/vc_column][vc_column width=\u00bb1\/6&#8243;][\/vc_column][\/vc_row][vc_row full_width=\u00bbstretch_row_content_no_spaces\u00bb parallax=\u00bbcontent-moving\u00bb overlay_bg=\u00bbyes\u00bb css=\u00bb.vc_custom_1723119016655{border-right-width: 30px !important;border-left-width: 30px !important;padding-top: 60px !important;padding-bottom: 100px !important;background-image: url(https:\/\/tmeicports.com\/wp-content\/uploads\/2018\/05\/crane-suite_crane-tps_01-2.jpg?id=9166) !important;background-position: center;background-repeat: no-repeat !important;background-size: cover !important;border-left-color: #ffffff !important;border-left-style: solid !important;border-right-color: #ffffff !important;border-right-style: solid !important;}\u00bb overlay_color=\u00bbrgba(12,12,12,0.31)\u00bb el_class=\u00bbbot-pad\u00bb][vc_column align=\u00bbtext-lg-center\u00bb][vc_custom_heading text=\u00bbIdentificaci\u00f3n y seguimiento de la operativa en gr\u00faas STS\u00bb font_container=\u00bbtag:h2|font_size:50px|text_align:center|color:%23ffffff\u00bb google_fonts=\u00bbfont_family:Poppins%3Aregular|font_style:700%20bold%20regular%3A700%3Anormal\u00bb css=\u00bb.vc_custom_1528282197770{margin-top: 0px !important;}\u00bb]<style>.ra_button_69e62eb845c60 i{color:#ffffff;}.ra_button_69e62eb845c60{background-color:rgba(55,72,229,0.89);color:rgba(255,255,255,0.69);border-color:rgba(55,72,229,0.89) !important;}.ra_button_69e62eb845c60:focus,.ra_button_69e62eb845c60:hover{background-color:#3748e5;border-color:#3748e5!important;}<\/style><a href=\"https:\/\/www.youtube.com\/watch?v=Vy8NeHM_oVc\" class=\"btn btn-solid circle border-thin text-uppercase ra_button_69e62eb845c60 lightbox-link\" data-type=\"video\">\n\t\t\t\t<span>\n\tPlay<i class=\"fa fa-play-circle\"><\/i>\t<\/span>\n<\/a>\n[\/vc_column][\/vc_row][vc_row el_class=\u00bbbot-marg\u00bb][vc_column width=\u00bb1\/6&#8243;][\/vc_column][vc_column width=\u00bb2\/3&#8243;][vc_column_text]Mientras la gr\u00faa STS se encuentra en funcionamiento, cualquier veh\u00edculo interno que circule por un carril de descarga se situar\u00e1 autom\u00e1ticamente en funci\u00f3n del siguiente movimiento previsto. Basado en un sistema de medici\u00f3n por l\u00e1ser, el proceso de posicionamiento ofrece un guiado preciso del veh\u00edculo, ya que la detecci\u00f3n de las dimensiones de la carga permite situar el cami\u00f3n en el mejor lugar para que el &#8216;spreader&#8217; reduzca su movimiento y, por tanto, la duraci\u00f3n de la operaci\u00f3n.<\/p>\n<p>El sistema es muy compacto, la instalaci\u00f3n en la estructura de la gr\u00faa es sencilla y modular, y se utiliza un \u00fanico dispositivo para todos los carriles situados bajo la gr\u00faa. El mantenimiento es m\u00ednimo o inexistente.<\/p>\n<p>Una aplicaci\u00f3n de software intuitiva y f\u00e1cil de usar, que obtiene y presenta toda la informaci\u00f3n correspondiente, como la distancia, tipo de contenedor, tiempo y direcci\u00f3n de posicionamiento, estado de los twistlocks o posici\u00f3n del spreader. En el mismo monitor se muestra una vista de la pantalla informativa situada bajo la gr\u00faa, as\u00ed como el carril activo en ese momento, para una visi\u00f3n completa del proceso a distancia. El software de Posicionamiento de Camiones para Gr\u00faas STS de TMEIC, CraneTPS, es adecuado para todo tipo de gr\u00faas STS.[\/vc_column_text][\/vc_column][vc_column width=\u00bb1\/6&#8243;][\/vc_column][\/vc_row][vc_row el_class=\u00bbbot-marg\u00bb][vc_column]<div id=\"ra_carousel_69e62eb846019\" class=\"carousel-container carousel-nav-style1 nav-dark ra_carousel_69e62eb846019\" data-flickity-options='{\"cellAlign\":\"center\",\"contain\":true,\"groupCells\":true,\"pageDots\":true,\"pauseAutoPlayOnHover\":false}'>\n\n\t\n\t<div class=\"row carousel-items \">\n\t[vc_single_image image=\u00bb8530&#8243; img_size=\u00bbfull\u00bb alignment=\u00bbcenter\u00bb][vc_single_image image=\u00bb8526&#8243; img_size=\u00bbfull\u00bb][vc_single_image image=\u00bb8641&#8243; img_size=\u00bbfull\u00bb]\t<\/div>\n\n\t\n<\/div>[\/vc_column][\/vc_row][vc_row full_width=\u00bbstretch_row_content_no_spaces\u00bb][vc_column width=\u00bb1\/2&#8243; css=\u00bb.vc_custom_1525700424720{background-color: #b7b7b7 !important;}\u00bb el_class=\u00bbbacklink\u00bb][vc_custom_heading text=\u00bbVolver a Soluciones\u00bb font_container=\u00bbtag:h3|text_align:center|color:%23ffffff\u00bb use_theme_fonts=\u00bbyes\u00bb link=\u00bburl:https%3A%2F%2Forbitaports.com%2Fes%2Fsoluciones%2F|||\u00bb el_class=\u00bbbott-padder\u00bb][\/vc_column][vc_column width=\u00bb1\/2&#8243; css=\u00bb.vc_custom_1525700442697{background-color: #c1c1c1 !important;}\u00bb el_class=\u00bbbacklink\u00bb][vc_custom_heading text=\u00bbVolver a Crane Suite\u00bb font_container=\u00bbtag:h3|text_align:center|color:%23ffffff\u00bb use_theme_fonts=\u00bbyes\u00bb link=\u00bburl:https%3A%2F%2Forbitaports.com%2Fes%2Fsoluciones%2Fcrane-suite%2F|||\u00bb el_class=\u00bbbott-padder\u00bb][\/vc_column][\/vc_row]<\/p>\n","protected":false},"excerpt":{"rendered":"<p>[vc_row content_placement=\u00bbtop\u00bb el_class=\u00bbbot-marg\u00bb][vc_column width=\u00bb1\/6&#8243;][\/vc_column][vc_column width=\u00bb2\/3&#8243;][vc_custom_heading text=\u00bbAyuda a los camiones en las terminales a situarse bajo las gr\u00faas STS para una operaci\u00f3n m\u00e1s r\u00e1pida\u00bb font_container=\u00bbtag:h2|text_align:center\u00bb google_fonts=\u00bbfont_family:Montserrat%3A100%2C100italic%2C200%2C200italic%2C300%2C300italic%2Cregular%2Citalic%2C500%2C500italic%2C600%2C600italic%2C700%2C700italic%2C800%2C800italic%2C900%2C900italic|font_style:700%20bold%20regular%3A700%3Anormal\u00bb css=\u00bb.vc_custom_1526572993493{margin-top: -10px !important;}\u00bb][vc_column_text] El sistema CraneTPS de Posicionamiento de Camiones para Gr\u00faas STS permite a los camiones en las terminales situarse en la posici\u00f3n \u00f3ptima para un proceso correcto de [&#8230;]<\/p>\n","protected":false},"author":1,"featured_media":0,"parent":9157,"menu_order":0,"comment_status":"closed","ping_status":"closed","template":"","meta":{"footnotes":""},"_links":{"self":[{"href":"https:\/\/tmeicports.com\/es\/wp-json\/wp\/v2\/pages\/9197"}],"collection":[{"href":"https:\/\/tmeicports.com\/es\/wp-json\/wp\/v2\/pages"}],"about":[{"href":"https:\/\/tmeicports.com\/es\/wp-json\/wp\/v2\/types\/page"}],"author":[{"embeddable":true,"href":"https:\/\/tmeicports.com\/es\/wp-json\/wp\/v2\/users\/1"}],"replies":[{"embeddable":true,"href":"https:\/\/tmeicports.com\/es\/wp-json\/wp\/v2\/comments?post=9197"}],"version-history":[{"count":7,"href":"https:\/\/tmeicports.com\/es\/wp-json\/wp\/v2\/pages\/9197\/revisions"}],"predecessor-version":[{"id":11638,"href":"https:\/\/tmeicports.com\/es\/wp-json\/wp\/v2\/pages\/9197\/revisions\/11638"}],"up":[{"embeddable":true,"href":"https:\/\/tmeicports.com\/es\/wp-json\/wp\/v2\/pages\/9157"}],"wp:attachment":[{"href":"https:\/\/tmeicports.com\/es\/wp-json\/wp\/v2\/media?parent=9197"}],"curies":[{"name":"wp","href":"https:\/\/api.w.org\/{rel}","templated":true}]}}