{"id":9203,"date":"2018-05-17T16:08:13","date_gmt":"2018-05-17T16:08:13","guid":{"rendered":"http:\/\/orbitaports.com\/?page_id=9203"},"modified":"2024-08-09T07:45:51","modified_gmt":"2024-08-09T07:45:51","slug":"soluciones-de-gestion","status":"publish","type":"page","link":"https:\/\/tmeicports.com\/es\/soluciones\/soluciones-de-gestion\/","title":{"rendered":"Soluciones de Gesti\u00f3n"},"content":{"rendered":"<p>[vc_row full_width=\u00bbstretch_row_content_no_spaces\u00bb equal_height=\u00bbyes\u00bb content_placement=\u00bbtop\u00bb css=\u00bb.vc_custom_1525429059144{margin-bottom: 100px !important;}\u00bb][vc_column width=\u00bb1\/3&#8243; css=\u00bb.vc_custom_1525277858356{background-position: center !important;background-repeat: no-repeat !important;background-size: cover !important;}\u00bb][\/vc_column][vc_column width=\u00bb1\/3&#8243;][vc_custom_heading text=\u00bbAplicaciones \u00fatiles acordes con el perfil del usuario: datos clave para el rendimiento de la operativa, monitorizaci\u00f3n de equipos industriales para el equipo de IT o gesti\u00f3n de incidencias para el personal de mantenimiento.\u00bb font_container=\u00bbtag:h4|font_size:24px|text_align:center|color:%230c0c0c\u00bb use_theme_fonts=\u00bbyes\u00bb css=\u00bb.vc_custom_1528281712606{margin-bottom: 20px !important;}\u00bb][\/vc_column][vc_column width=\u00bb1\/3&#8243;][\/vc_column][\/vc_row][vc_row full_width=\u00bbstretch_row_content_no_spaces\u00bb equal_height=\u00bbyes\u00bb][vc_column width=\u00bb1\/2&#8243; css=\u00bb.vc_custom_1525779659595{padding-top: 85px !important;padding-right: 10% !important;padding-bottom: 100px !important;padding-left: 10% !important;background-image: url(https:\/\/orbitaports.com\/wp-content\/uploads\/2018\/05\/management-solutions_operations-viewer_02.jpg?id=8681) !important;background-position: center !important;background-repeat: no-repeat !important;background-size: cover !important;}\u00bb][\/vc_column][vc_column css_animation=\u00bbnone\u00bb width=\u00bb1\/2&#8243; css=\u00bb.vc_custom_1525430112510{padding-top: 85px !important;padding-right: 10% !important;padding-bottom: 100px !important;padding-left: 10% !important;background-color: #f6f8fb !important;}\u00bb][vc_row_inner][vc_column_inner css_animation=\u00bbfadeInUp\u00bb][vc_custom_heading text=\u00bbOperations Viewer\u00bb font_container=\u00bbtag:h2|text_align:left|color:%230c0c0c\u00bb use_theme_fonts=\u00bbyes\u00bb css_animation=\u00bbnone\u00bb link=\u00bb|||rel:nofollow\u00bb][vc_custom_heading text=\u00bbTMEIC Operations Viewer es una potente herramienta de an\u00e1lisis del rendimiento que funciona con acceso a trav\u00e9s de la web. Operations Viewer ofrece estad\u00edsticas detalladas de todas nuestras Soluciones Automatizadas, permite el seguimiento de incidencias y alarmas, e incluye un archivo totalmente consultable de v\u00eddeos e im\u00e1genes con Reconocimiento \u00d3ptico de Caracteres (OCR). Con su amplia gama de informes automatizados y configurables manualmente, Operations Viewer ofrece al usuario la posibilidad de medir y gestionar de manera proactiva el rendimiento de sus puertas.<br \/>\n\u00bb font_container=\u00bbtag:h6|font_size:18px|text_align:left|color:%23737e80&#8243; use_theme_fonts=\u00bbyes\u00bb css_animation=\u00bbnone\u00bb css=\u00bb.vc_custom_1721816616758{margin-bottom: 20px !important;}\u00bb]<style>.ra_button_69e640619d982 i{margin-left:15px;}.ra_button_69e640619d982{color:#000000;font-weight:700 !important;}.ra_button_69e640619d982.btn-underlined:after,.ra_button_69e640619d982.btn-underlined:before{border-color:#000000;}.ra_button_69e640619d982:focus,.ra_button_69e640619d982:hover{color:#000000 !important;}<\/style><a href=\"https:\/\/tmeicports.com\/es\/soluciones\/soluciones-de-gestion\/operations-viewer\/\" class=\"btn btn-underlined border-thin text-uppercase ra_button_69e640619d982\" >\n\t\t\t\t<span>\n\tDescubrir<i class=\"fa fa-angle-right\"><\/i>\t<\/span>\n<\/a>\n[\/vc_column_inner][\/vc_row_inner][\/vc_column][\/vc_row]<\/p>\n","protected":false},"excerpt":{"rendered":"<p>[vc_row full_width=\u00bbstretch_row_content_no_spaces\u00bb equal_height=\u00bbyes\u00bb content_placement=\u00bbtop\u00bb css=\u00bb.vc_custom_1525429059144{margin-bottom: 100px !important;}\u00bb][vc_column width=\u00bb1\/3&#8243; css=\u00bb.vc_custom_1525277858356{background-position: center !important;background-repeat: no-repeat !important;background-size: cover !important;}\u00bb][\/vc_column][vc_column width=\u00bb1\/3&#8243;][vc_custom_heading text=\u00bbAplicaciones \u00fatiles acordes con el perfil del usuario: datos clave para el rendimiento de la operativa, monitorizaci\u00f3n de equipos industriales para el equipo de IT o gesti\u00f3n de incidencias para el personal de mantenimiento.\u00bb font_container=\u00bbtag:h4|font_size:24px|text_align:center|color:%230c0c0c\u00bb use_theme_fonts=\u00bbyes\u00bb css=\u00bb.vc_custom_1528281712606{margin-bottom: 20px !important;}\u00bb][\/vc_column][vc_column [&#8230;]<\/p>\n","protected":false},"author":1,"featured_media":0,"parent":9024,"menu_order":0,"comment_status":"closed","ping_status":"closed","template":"","meta":{"footnotes":""},"_links":{"self":[{"href":"https:\/\/tmeicports.com\/es\/wp-json\/wp\/v2\/pages\/9203"}],"collection":[{"href":"https:\/\/tmeicports.com\/es\/wp-json\/wp\/v2\/pages"}],"about":[{"href":"https:\/\/tmeicports.com\/es\/wp-json\/wp\/v2\/types\/page"}],"author":[{"embeddable":true,"href":"https:\/\/tmeicports.com\/es\/wp-json\/wp\/v2\/users\/1"}],"replies":[{"embeddable":true,"href":"https:\/\/tmeicports.com\/es\/wp-json\/wp\/v2\/comments?post=9203"}],"version-history":[{"count":9,"href":"https:\/\/tmeicports.com\/es\/wp-json\/wp\/v2\/pages\/9203\/revisions"}],"predecessor-version":[{"id":11725,"href":"https:\/\/tmeicports.com\/es\/wp-json\/wp\/v2\/pages\/9203\/revisions\/11725"}],"up":[{"embeddable":true,"href":"https:\/\/tmeicports.com\/es\/wp-json\/wp\/v2\/pages\/9024"}],"wp:attachment":[{"href":"https:\/\/tmeicports.com\/es\/wp-json\/wp\/v2\/media?parent=9203"}],"curies":[{"name":"wp","href":"https:\/\/api.w.org\/{rel}","templated":true}]}}