{"id":9207,"date":"2018-05-17T16:15:16","date_gmt":"2018-05-17T16:15:16","guid":{"rendered":"http:\/\/orbitaports.com\/?page_id=9207"},"modified":"2024-08-08T15:31:47","modified_gmt":"2024-08-08T15:31:47","slug":"operations-viewer","status":"publish","type":"page","link":"https:\/\/tmeicports.com\/es\/soluciones\/soluciones-de-gestion\/operations-viewer\/","title":{"rendered":"Operations Viewer"},"content":{"rendered":"<p>[vc_row content_placement=\u00bbtop\u00bb el_class=\u00bbbot-marg\u00bb][vc_column width=\u00bb1\/6&#8243;][\/vc_column][vc_column width=\u00bb2\/3&#8243;][vc_custom_heading text=\u00bbHerramientas intuitivas para un an\u00e1lisis \u00fatil del rendimiento\u00bb font_container=\u00bbtag:h2|text_align:center\u00bb use_theme_fonts=\u00bbyes\u00bb css=\u00bb.vc_custom_1526573480367{margin-top: -10px !important;}\u00bb][vc_column_text]<\/p>\n<p style=\"text-align: center;\">TMEIC Operations Viewer es una aplicaci\u00f3n a trav\u00e9s de la web que ayuda al usuario a vigilar y medir el rendimiento de las operaciones de sus puntos de acceso.<\/p>\n<p>[\/vc_column_text][\/vc_column][vc_column width=\u00bb1\/6&#8243;][\/vc_column][\/vc_row][vc_row full_width=\u00bbstretch_row_content_no_spaces\u00bb parallax=\u00bbcontent-moving\u00bb overlay_bg=\u00bbyes\u00bb css=\u00bb.vc_custom_1723126649146{border-right-width: 30px !important;border-left-width: 30px !important;padding-top: 60px !important;padding-bottom: 100px !important;background-image: url(https:\/\/tmeicports.com\/wp-content\/uploads\/2018\/05\/management-solutions_operations-viewer_02.jpg?id=9212) !important;background-position: center;background-repeat: no-repeat !important;background-size: cover !important;border-left-color: #ffffff !important;border-left-style: solid !important;border-right-color: #ffffff !important;border-right-style: solid !important;}\u00bb overlay_color=\u00bbrgba(12,12,12,0.31)\u00bb el_class=\u00bbbot-pad\u00bb][vc_column align=\u00bbtext-lg-center\u00bb][vc_empty_space height=\u00bb50px\u00bb][vc_custom_heading text=\u00bbHerramienta de An\u00e1lisis en una Aplicaci\u00f3n Web\u00bb font_container=\u00bbtag:h2|font_size:50px|text_align:center|color:%23ffffff\u00bb google_fonts=\u00bbfont_family:Poppins%3Aregular|font_style:700%20bold%20regular%3A700%3Anormal\u00bb css=\u00bb.vc_custom_1526573527199{margin-top: 0px !important;}\u00bb][vc_empty_space height=\u00bb30px\u00bb][\/vc_column][\/vc_row][vc_row el_class=\u00bbbot-marg\u00bb][vc_column width=\u00bb1\/6&#8243;][\/vc_column][vc_column width=\u00bb2\/3&#8243;][vc_column_text]El sistema proporciona datos estad\u00edsticos esenciales, tanto actuales como hist\u00f3ricos, en una serie de informes automatizados y configurables manualmente, permitiendo al usuario analizar cada aspecto de las operaciones de sus puertas, ferrocarriles, gr\u00faas y dep\u00f3sitos de contenedores.<\/p>\n<p>Con su sencilla e intuitiva interfaz del usuario, Operations Viewer permite acceder de forma r\u00e1pida y din\u00e1mica a los datos de indicadores clave del rendimiento, alarmas e informes de incidentes a lo largo de toda la operaci\u00f3n. El sistema incluye tambi\u00e9n un archivo consultable de todas las im\u00e1genes y v\u00eddeos, permitiendo al usuario comprobar y verificar los casos de da\u00f1os en los contenedores que entran y salen de las instalaciones por tierra o por mar.<\/p>\n<p>Operations Viewer permite al cliente configurar perfiles de acceso del usuario y niveles de permiso para el control de la seguridad y se ofrece como complemento para la recuperaci\u00f3n de datos de los m\u00f3dulos GateOS, CraneOS o RailOS.[\/vc_column_text][\/vc_column][vc_column width=\u00bb1\/6&#8243;][\/vc_column][\/vc_row][vc_row el_class=\u00bbbot-marg\u00bb][vc_column]<div id=\"ra_carousel_69e62e979cbe1\" class=\"carousel-container carousel-nav-style1 nav-dark ra_carousel_69e62e979cbe1\" data-flickity-options='{\"cellAlign\":\"center\",\"contain\":true,\"groupCells\":true,\"pageDots\":true,\"pauseAutoPlayOnHover\":false}'>\n\n\t\n\t<div class=\"row carousel-items \">\n\t[vc_single_image image=\u00bb11705&#8243; img_size=\u00bbfull\u00bb]\t<\/div>\n\n\t\n<\/div>[\/vc_column][\/vc_row][vc_row full_width=\u00bbstretch_row_content_no_spaces\u00bb][vc_column width=\u00bb1\/2&#8243; css=\u00bb.vc_custom_1525700424720{background-color: #b7b7b7 !important;}\u00bb el_class=\u00bbbacklink\u00bb][vc_custom_heading text=\u00bbVolver a Soluciones\u00bb font_container=\u00bbtag:h3|text_align:center|color:%23ffffff\u00bb use_theme_fonts=\u00bbyes\u00bb link=\u00bburl:https%3A%2F%2Ftmeicports.com%2Fes%2Fsoluciones%2F|||\u00bb el_class=\u00bbbott-padder\u00bb][\/vc_column][vc_column width=\u00bb1\/2&#8243; css=\u00bb.vc_custom_1525700442697{background-color: #c1c1c1 !important;}\u00bb el_class=\u00bbbacklink\u00bb][vc_custom_heading text=\u00bbVolver a Soluciones de Gesti\u00f3n\u00bb font_container=\u00bbtag:h3|text_align:center|color:%23ffffff\u00bb use_theme_fonts=\u00bbyes\u00bb link=\u00bburl:https%3A%2F%2Ftmeicports.com%2Fes%2Fsoluciones%2Fsoluciones-de-gestion%2F|||\u00bb el_class=\u00bbbott-padder\u00bb][\/vc_column][\/vc_row]<\/p>\n","protected":false},"excerpt":{"rendered":"<p>[vc_row content_placement=\u00bbtop\u00bb el_class=\u00bbbot-marg\u00bb][vc_column width=\u00bb1\/6&#8243;][\/vc_column][vc_column width=\u00bb2\/3&#8243;][vc_custom_heading text=\u00bbHerramientas intuitivas para un an\u00e1lisis \u00fatil del rendimiento\u00bb font_container=\u00bbtag:h2|text_align:center\u00bb use_theme_fonts=\u00bbyes\u00bb css=\u00bb.vc_custom_1526573480367{margin-top: -10px !important;}\u00bb][vc_column_text] TMEIC Operations Viewer es una aplicaci\u00f3n a trav\u00e9s de la web que ayuda al usuario a vigilar y medir el rendimiento de las operaciones de sus puntos de acceso. [\/vc_column_text][\/vc_column][vc_column width=\u00bb1\/6&#8243;][\/vc_column][\/vc_row][vc_row full_width=\u00bbstretch_row_content_no_spaces\u00bb parallax=\u00bbcontent-moving\u00bb overlay_bg=\u00bbyes\u00bb css=\u00bb.vc_custom_1723126649146{border-right-width: 30px !important;border-left-width: [&#8230;]<\/p>\n","protected":false},"author":1,"featured_media":0,"parent":9203,"menu_order":0,"comment_status":"closed","ping_status":"closed","template":"","meta":{"footnotes":""},"_links":{"self":[{"href":"https:\/\/tmeicports.com\/es\/wp-json\/wp\/v2\/pages\/9207"}],"collection":[{"href":"https:\/\/tmeicports.com\/es\/wp-json\/wp\/v2\/pages"}],"about":[{"href":"https:\/\/tmeicports.com\/es\/wp-json\/wp\/v2\/types\/page"}],"author":[{"embeddable":true,"href":"https:\/\/tmeicports.com\/es\/wp-json\/wp\/v2\/users\/1"}],"replies":[{"embeddable":true,"href":"https:\/\/tmeicports.com\/es\/wp-json\/wp\/v2\/comments?post=9207"}],"version-history":[{"count":8,"href":"https:\/\/tmeicports.com\/es\/wp-json\/wp\/v2\/pages\/9207\/revisions"}],"predecessor-version":[{"id":11707,"href":"https:\/\/tmeicports.com\/es\/wp-json\/wp\/v2\/pages\/9207\/revisions\/11707"}],"up":[{"embeddable":true,"href":"https:\/\/tmeicports.com\/es\/wp-json\/wp\/v2\/pages\/9203"}],"wp:attachment":[{"href":"https:\/\/tmeicports.com\/es\/wp-json\/wp\/v2\/media?parent=9207"}],"curies":[{"name":"wp","href":"https:\/\/api.w.org\/{rel}","templated":true}]}}