{"id":9213,"date":"2018-05-17T16:20:51","date_gmt":"2018-05-17T16:20:51","guid":{"rendered":"http:\/\/orbitaports.com\/?page_id=9213"},"modified":"2024-08-09T07:44:51","modified_gmt":"2024-08-09T07:44:51","slug":"rail-suite","status":"publish","type":"page","link":"https:\/\/tmeicports.com\/es\/soluciones\/rail-suite\/","title":{"rendered":"Rail Suite"},"content":{"rendered":"<p>[vc_row full_width=\u00bbstretch_row_content_no_spaces\u00bb equal_height=\u00bbyes\u00bb content_placement=\u00bbtop\u00bb css=\u00bb.vc_custom_1525429059144{margin-bottom: 100px !important;}\u00bb][vc_column width=\u00bb1\/6&#8243; css=\u00bb.vc_custom_1525277858356{background-position: center !important;background-repeat: no-repeat !important;background-size: cover !important;}\u00bb][\/vc_column][vc_column width=\u00bb2\/3&#8243;][vc_custom_heading text=\u00bbLos productos RailSuite aportan datos relevantes en cuanto a contenedores transportados en tren dentro de puertos o terminales.\u00bb font_container=\u00bbtag:h4|font_size:24px|text_align:center|color:%230c0c0c\u00bb use_theme_fonts=\u00bbyes\u00bb css=\u00bb.vc_custom_1528281631967{margin-bottom: 20px !important;}\u00bb][\/vc_column][vc_column width=\u00bb1\/6&#8243;][\/vc_column][\/vc_row][vc_row full_width=\u00bbstretch_row_content_no_spaces\u00bb equal_height=\u00bbyes\u00bb][vc_column width=\u00bb1\/2&#8243; css=\u00bb.vc_custom_1525779862275{padding-top: 85px !important;padding-right: 10% !important;padding-bottom: 100px !important;padding-left: 10% !important;background-image: url(https:\/\/orbitaports.com\/wp-content\/uploads\/2018\/05\/rail-suite_rail-ccr_01.jpg?id=8666) !important;background-position: center !important;background-repeat: no-repeat !important;background-size: cover !important;}\u00bb][\/vc_column][vc_column css_animation=\u00bbnone\u00bb width=\u00bb1\/2&#8243; css=\u00bb.vc_custom_1525430112510{padding-top: 85px !important;padding-right: 10% !important;padding-bottom: 100px !important;padding-left: 10% !important;background-color: #f6f8fb !important;}\u00bb][vc_row_inner][vc_column_inner css_animation=\u00bbfadeInUp\u00bb][vc_custom_heading text=\u00bbRail CCR\u00bb font_container=\u00bbtag:h2|text_align:left|color:%230c0c0c\u00bb use_theme_fonts=\u00bbyes\u00bb css_animation=\u00bbnone\u00bb link=\u00bb|||rel:nofollow\u00bb][vc_custom_heading text=\u00bbTMEIC RailCCR identifica los contenedores a su entrada o salida en tren de las instalaciones del puerto. El sistema obtiene y muestra en tiempo real la identificaci\u00f3n por Reconocimiento \u00d3ptico de Caracteres (OCR) de los contenedores ISO, as\u00ed como su posici\u00f3n. Es posible tambi\u00e9n capturar im\u00e1genes est\u00e1ticas y v\u00eddeos para su posterior revisi\u00f3n como inspecci\u00f3n manual de control de los da\u00f1os. Todos los datos de acceso se muestran para permitir su validaci\u00f3n.\u00bb font_container=\u00bbtag:h6|font_size:18px|text_align:left|color:%23737e80&#8243; use_theme_fonts=\u00bbyes\u00bb css_animation=\u00bbnone\u00bb css=\u00bb.vc_custom_1721816562943{margin-bottom: 20px !important;}\u00bb]<style>.ra_button_69e64062d0d3b i{margin-left:15px;}.ra_button_69e64062d0d3b{color:#000000;font-weight:700 !important;}.ra_button_69e64062d0d3b.btn-underlined:after,.ra_button_69e64062d0d3b.btn-underlined:before{border-color:#000000;}.ra_button_69e64062d0d3b:focus,.ra_button_69e64062d0d3b:hover{color:#000000 !important;}<\/style><a href=\"https:\/\/orbitaports.com\/es\/soluciones\/rail-suite\/rail-ccr\/\" class=\"btn btn-underlined border-thin text-uppercase ra_button_69e64062d0d3b\" >\n\t\t\t\t<span>\n\tDescubrir<i class=\"fa fa-angle-right\"><\/i>\t<\/span>\n<\/a>\n[\/vc_column_inner][\/vc_row_inner][\/vc_column][\/vc_row][vc_row full_width=\u00bbstretch_row_content_no_spaces\u00bb equal_height=\u00bbyes\u00bb css=\u00bb.vc_custom_1525676842825{background-color: #f6f8fb !important;}\u00bb][vc_column width=\u00bb1\/2&#8243; css=\u00bb.vc_custom_1525676868196{padding-top: 85px !important;padding-right: 10% !important;padding-bottom: 100px !important;padding-left: 10% !important;background-position: center !important;background-repeat: no-repeat !important;background-size: cover !important;}\u00bb][vc_custom_heading text=\u00bbRail OS\u00bb font_container=\u00bbtag:h2|text_align:left|color:%230c0c0c\u00bb use_theme_fonts=\u00bbyes\u00bb link=\u00bb|||\u00bb][vc_custom_heading text=\u00bbLa interfaz de la aplicaci\u00f3n de software TMEIC RailOS integra los componentes de RailSuite, como la identificaci\u00f3n de los contenedores por Reconocimiento \u00d3ptico de Caracteres (OCR), en funci\u00f3n de lo requerido por el cliente. RailOS se puede manejar desde un lugar a distancia que centralice la informaci\u00f3n y permita vigilar y resolver los sucesos e incidencias.<br \/>\nLos datos obtenidos se presentan en una interfaz f\u00e1cil de usar que ofrece una vista directa de las m\u00faltiples localizaciones o ferrocarriles que se pueden inspeccionar. Los c\u00f3digos de los contenedores, los paneles de incidencias y tambi\u00e9n la comunicaci\u00f3n para la integraci\u00f3n con el Sistema Operativo de la Terminal (TOS) se controlan y se gestionan desde una \u00fanica aplicaci\u00f3n para un flujo r\u00e1pido y flexible del proceso.\u00bb font_container=\u00bbtag:h6|font_size:18px|text_align:left|color:%23737e80&#8243; use_theme_fonts=\u00bbyes\u00bb css=\u00bb.vc_custom_1721816570686{margin-bottom: 20px !important;}\u00bb]<style>.ra_button_69e64062d1187 i{margin-left:15px;}.ra_button_69e64062d1187{color:#000000;font-weight:700 !important;}.ra_button_69e64062d1187.btn-underlined:after,.ra_button_69e64062d1187.btn-underlined:before{border-color:#000000;}.ra_button_69e64062d1187:focus,.ra_button_69e64062d1187:hover{color:#000000 !important;}<\/style><a href=\"https:\/\/orbitaports.com\/es\/soluciones\/rail-suite\/rail-os\/\" class=\"btn btn-underlined border-thin text-uppercase ra_button_69e64062d1187\" >\n\t\t\t\t<span>\n\tDescubrir<i class=\"fa fa-angle-right\"><\/i>\t<\/span>\n<\/a>\n[\/vc_column][vc_column width=\u00bb1\/2&#8243; css=\u00bb.vc_custom_1525779884523{padding-top: 85px !important;padding-right: 10% !important;padding-bottom: 100px !important;padding-left: 10% !important;background: #f6f8fb url(https:\/\/orbitaports.com\/wp-content\/uploads\/2018\/05\/rail-suite_rail-os_01.jpg?id=8672) !important;background-position: center !important;background-repeat: no-repeat !important;background-size: cover !important;}\u00bb][\/vc_column][\/vc_row][vc_row][vc_column el_class=\u00bbzero-height\u00bb][vc_raw_html]JTNDc2NyaXB0JTNFJTBBalF1ZXJ5JTI4ZnVuY3Rpb24lMjAlMjglMjQlMjklMjAlN0IlMEElMjQlMjhmdW5jdGlvbiUyOCUyOSU3QiUwQSUyMCUyMCUyMCUyMCUyNCUyOCUyN2gxJTI3JTI5LmVhY2glMjhmdW5jdGlvbiUyOCUyOSU3QiUyMCUyMCUyMCUyMCUwQSUyMCUyMCUyMCUyMCUyMCUyMCUyMCUyMHZhciUyMHRleHQlMjAlM0QlMjAlMjQlMjh0aGlzJTI5LnRleHQlMjglMjkuc3BsaXQlMjglMjclMjAlMjclMjklM0IlMEElMjAlMjAlMjAlMjAlMjAlMjAlMjAlMjBpZiUyOHRleHQubGVuZ3RoJTIwJTNDJTIwMiUyOSUwQSUyMCUyMCUyMCUyMCUyMCUyMCUyMCUyMCUyMCUyMCUyMCUyMHJldHVybiUzQiUyMCUwQSUyMCUyMCUyMCUyMCUyMCUyMCUyMCUyMHRleHQlNUIxJTVEJTIwJTNEJTIwJTI3JTNDc3BhbiUyMGNsYXNzJTNEJTIyc2Vjb25kV29yZCUyMiUzRSUyNyUyQnRleHQlNUIxJTVEJTJCJTI3JTNDJTJGc3BhbiUzRSUyNyUzQiUyMCUyMCUyMCUyMCUyMCUyMCUyMCUyMCUwQSUyMCUyMCUyMCUyMCUyMCUyMCUyMCUyMCUyNCUyOHRoaXMlMjkuaHRtbCUyOCUwQSUyMCUyMCUyMCUyMCUyMCUyMCUyMCUyMCUyMCUyMCUyMCUyMHRleHQuam9pbiUyOCUyNyUyMCUyNyUyOSUwQSUyMCUyMCUyMCUyMCUyMCUyMCUyMCUyMCUyOSUzQiUyMCUyMCUyMCUyMCUyMCUyMCUyMCUwQSUyMCUyMCUyMCUyMCU3RCUyOSUzQiUwQSU3RCUyOSUzQiUwQSU3RCUyOSUzQiUwQSUzQyUyRnNjcmlwdCUzRQ==[\/vc_raw_html][\/vc_column][\/vc_row]<\/p>\n","protected":false},"excerpt":{"rendered":"<p>[vc_row full_width=\u00bbstretch_row_content_no_spaces\u00bb equal_height=\u00bbyes\u00bb content_placement=\u00bbtop\u00bb css=\u00bb.vc_custom_1525429059144{margin-bottom: 100px !important;}\u00bb][vc_column width=\u00bb1\/6&#8243; css=\u00bb.vc_custom_1525277858356{background-position: center !important;background-repeat: no-repeat !important;background-size: cover !important;}\u00bb][\/vc_column][vc_column width=\u00bb2\/3&#8243;][vc_custom_heading text=\u00bbLos productos RailSuite aportan datos relevantes en cuanto a contenedores transportados en tren dentro de puertos o terminales.\u00bb font_container=\u00bbtag:h4|font_size:24px|text_align:center|color:%230c0c0c\u00bb use_theme_fonts=\u00bbyes\u00bb css=\u00bb.vc_custom_1528281631967{margin-bottom: 20px !important;}\u00bb][\/vc_column][vc_column width=\u00bb1\/6&#8243;][\/vc_column][\/vc_row][vc_row full_width=\u00bbstretch_row_content_no_spaces\u00bb equal_height=\u00bbyes\u00bb][vc_column width=\u00bb1\/2&#8243; css=\u00bb.vc_custom_1525779862275{padding-top: 85px !important;padding-right: 10% !important;padding-bottom: 100px !important;padding-left: 10% !important;background-image: url(https:\/\/orbitaports.com\/wp-content\/uploads\/2018\/05\/rail-suite_rail-ccr_01.jpg?id=8666) !important;background-position: center [&#8230;]<\/p>\n","protected":false},"author":1,"featured_media":0,"parent":9024,"menu_order":0,"comment_status":"closed","ping_status":"closed","template":"","meta":{"footnotes":""},"_links":{"self":[{"href":"https:\/\/tmeicports.com\/es\/wp-json\/wp\/v2\/pages\/9213"}],"collection":[{"href":"https:\/\/tmeicports.com\/es\/wp-json\/wp\/v2\/pages"}],"about":[{"href":"https:\/\/tmeicports.com\/es\/wp-json\/wp\/v2\/types\/page"}],"author":[{"embeddable":true,"href":"https:\/\/tmeicports.com\/es\/wp-json\/wp\/v2\/users\/1"}],"replies":[{"embeddable":true,"href":"https:\/\/tmeicports.com\/es\/wp-json\/wp\/v2\/comments?post=9213"}],"version-history":[{"count":11,"href":"https:\/\/tmeicports.com\/es\/wp-json\/wp\/v2\/pages\/9213\/revisions"}],"predecessor-version":[{"id":11724,"href":"https:\/\/tmeicports.com\/es\/wp-json\/wp\/v2\/pages\/9213\/revisions\/11724"}],"up":[{"embeddable":true,"href":"https:\/\/tmeicports.com\/es\/wp-json\/wp\/v2\/pages\/9024"}],"wp:attachment":[{"href":"https:\/\/tmeicports.com\/es\/wp-json\/wp\/v2\/media?parent=9213"}],"curies":[{"name":"wp","href":"https:\/\/api.w.org\/{rel}","templated":true}]}}