{"id":9265,"date":"2018-05-21T08:15:59","date_gmt":"2018-05-21T08:15:59","guid":{"rendered":"http:\/\/orbitaports.com\/?page_id=9265"},"modified":"2024-08-08T14:23:06","modified_gmt":"2024-08-08T14:23:06","slug":"rail-ccr","status":"publish","type":"page","link":"https:\/\/tmeicports.com\/es\/soluciones\/rail-suite\/rail-ccr\/","title":{"rendered":"Rail CCR"},"content":{"rendered":"<p>[vc_row content_placement=\u00bbtop\u00bb el_class=\u00bbbot-marg\u00bb][vc_column width=\u00bb1\/6&#8243;][\/vc_column][vc_column width=\u00bb2\/3&#8243;][vc_custom_heading text=\u00bbReconocimiento autom\u00e1tico de contenedores para un seguimiento completo del acceso ferroviario\u00bb font_container=\u00bbtag:h2|text_align:center\u00bb google_fonts=\u00bbfont_family:Montserrat%3A100%2C100italic%2C200%2C200italic%2C300%2C300italic%2Cregular%2Citalic%2C500%2C500italic%2C600%2C600italic%2C700%2C700italic%2C800%2C800italic%2C900%2C900italic|font_style:700%20bold%20regular%3A700%3Anormal\u00bb css=\u00bb.vc_custom_1526890236877{margin-top: -10px !important;}\u00bb][vc_column_text]<\/p>\n<p style=\"text-align: center;\">El acceso de los contenedores en tren puede a\u00f1adirse a los sistemas de TMEIC Ports&amp;Terminals para un seguimiento y trazabilidad completos de los contenedores dentro de un puerto o terminal.<\/p>\n<p>[\/vc_column_text][\/vc_column][vc_column width=\u00bb1\/6&#8243;][\/vc_column][\/vc_row][vc_row full_width=\u00bbstretch_row_content_no_spaces\u00bb parallax=\u00bbcontent-moving\u00bb overlay_bg=\u00bbyes\u00bb css=\u00bb.vc_custom_1723126921038{border-right-width: 30px !important;border-left-width: 30px !important;padding-top: 60px !important;padding-bottom: 100px !important;background-position: center;background-repeat: no-repeat !important;background-size: cover !important;border-left-color: #ffffff !important;border-left-style: solid !important;border-right-color: #ffffff !important;border-right-style: solid !important;}\u00bb overlay_color=\u00bbrgba(12,12,12,0.31)\u00bb el_class=\u00bbbot-pad\u00bb][vc_column align=\u00bbtext-lg-center\u00bb][vc_empty_space height=\u00bb50px\u00bb][vc_custom_heading text=\u00bbIdentificaci\u00f3n de contenedores en el tren\u00bb font_container=\u00bbtag:h2|font_size:50px|text_align:center|color:%23ffffff\u00bb google_fonts=\u00bbfont_family:Poppins%3Aregular|font_style:700%20bold%20regular%3A700%3Anormal\u00bb css=\u00bb.vc_custom_1528282889115{margin-top: 0px !important;}\u00bb][vc_empty_space height=\u00bb30px\u00bb][\/vc_column][\/vc_row][vc_row el_class=\u00bbbot-marg\u00bb][vc_column width=\u00bb1\/6&#8243;][\/vc_column][vc_column width=\u00bb2\/3&#8243;][vc_column_text]TMEIC RailCCR funciona cuando el tren atraviesa el espacio ferroviario en los puntos de entrada o salida. El sistema es capaz de proporcionar todos los datos de acceso requeridos, como la identificaci\u00f3n del contenedor y la hora y fecha exactas de paso del contenedor por el portal de Reconocimiento \u00d3ptico de Caracteres (OCR), as\u00ed como su posici\u00f3n. Toda esa informaci\u00f3n se env\u00eda al Sistema Operativo de la Terminal (TOS) a trav\u00e9s de interfaces XML, WebServices o cualquier otro protocolo de comunicaciones habitual. Este procedimiento automatizado permitir\u00e1 una autorizaci\u00f3n controlada para acceder a la terminal.<\/p>\n<p>Cuando el tren pasa por el portal de identificaci\u00f3n, el sistema almacena autom\u00e1ticamente las im\u00e1genes y v\u00eddeos, a la vez que detecta y procesa los c\u00f3digos de los contenedores y la posici\u00f3n de los contenedores dentro del convoy.<\/p>\n<p>Existen diversas arquitecturas mec\u00e1nicas disponibles para su adaptaci\u00f3n a las distintas configuraciones ferroviarias.[\/vc_column_text][\/vc_column][vc_column width=\u00bb1\/6&#8243;][\/vc_column][\/vc_row][vc_row el_class=\u00bbbot-marg\u00bb][vc_column]<div id=\"ra_carousel_69e62ea759c1b\" class=\"carousel-container carousel-nav-style1 nav-dark ra_carousel_69e62ea759c1b\" data-flickity-options='{\"cellAlign\":\"center\",\"contain\":true,\"groupCells\":true,\"pageDots\":true,\"pauseAutoPlayOnHover\":false}'>\n\n\t\n\t<div class=\"row carousel-items \">\n\t[vc_single_image image=\u00bb8666&#8243; img_size=\u00bbfull\u00bb alignment=\u00bbcenter\u00bb]\t<\/div>\n\n\t\n<\/div>[\/vc_column][\/vc_row][vc_row el_class=\u00bbbot-marg\u00bb][vc_column width=\u00bb1\/6&#8243;][\/vc_column][vc_column width=\u00bb2\/3&#8243;][vc_custom_heading text=\u00bbAplicaciones\u00bb font_container=\u00bbtag:h3|text_align:left\u00bb use_theme_fonts=\u00bbyes\u00bb][vc_column_text]<\/p>\n<ul class=\"ul1\">\n<li class=\"li1\"><span class=\"s2\">Movimientos de contenedores en tren en puertos, d\u00e1rsenas y terminales ferroviarias<\/span><\/li>\n<li class=\"li1\"><span class=\"s2\">Paso de fronteras y puestos de aduanas<\/span><\/li>\n<li class=\"li1\"><span class=\"s2\">Acceso a parques log\u00edsticos<\/span><\/li>\n<\/ul>\n<p>[\/vc_column_text][vc_custom_heading text=\u00bbFunciones y ventajas\u00bb font_container=\u00bbtag:h3|text_align:left\u00bb use_theme_fonts=\u00bbyes\u00bb][vc_column_text]<\/p>\n<ul class=\"ul1\">\n<li class=\"li1\"><span class=\"s2\">Captura autom\u00e1tica de c\u00f3digos ISO de los contenedores<\/span><\/li>\n<li class=\"li1\"><span class=\"s2\">Im\u00e1genes est\u00e1ticas de alta resoluci\u00f3n de contenedores y v\u00eddeos de contenedores en tr\u00e1nsito para la inspecci\u00f3n y gesti\u00f3n del control de los da\u00f1os<\/span><\/li>\n<li class=\"li1\"><span class=\"s2\">Se integra con el software TOS a trav\u00e9s de una interfaz XML y otros protocolos est\u00e1ndar<\/span><\/li>\n<li class=\"li1\"><span class=\"s2\">Se integra con otros m\u00f3dulos de TMEIC para una soluci\u00f3n de automatizaci\u00f3n completa<\/span><\/li>\n<li class=\"li1\"><span class=\"s2\">Fabricado siguiendo los criterios de calidad m\u00e1s estrictos para su uso en condiciones mar\u00edtimas exigentes<\/span><\/li>\n<li class=\"li1\"><span class=\"s2\">Uso de iluminaci\u00f3n LED y alimentaci\u00f3n PoE para un consumo el\u00e9ctrico reducido, cableado m\u00e1s eficiente y mantenimiento m\u00e1s sencillo<\/span><\/li>\n<li class=\"li1\"><span class=\"s2\">Historial de an\u00e1lisis y herramientas de diagn\u00f3stico para un mantenimiento m\u00e1s sencillo y efectivo<\/span><\/li>\n<\/ul>\n<p>[\/vc_column_text][vc_custom_heading text=\u00bbCaracter\u00edsticas t\u00e9cnicas\u00bb font_container=\u00bbtag:h3|text_align:left\u00bb use_theme_fonts=\u00bbyes\u00bb][vc_column_text]<\/p>\n<ul class=\"ul1\">\n<li class=\"li1\"><span class=\"s2\">Reconocimiento de c\u00f3digos de contenedores seg\u00fan la Norma Internacional ISO 634 6, incluidos d\u00edgitos de control<\/span><\/li>\n<li class=\"li1\"><span class=\"s2\">Reconoce todos los tipos de contenedores est\u00e1ndar (20, 40 y 45 pies, doble de 20 pies)<\/span><\/li>\n<li class=\"li1\"><span class=\"s2\">Captura im\u00e1genes de todos los laterales visibles del contenedor<\/span><\/li>\n<li class=\"li1\"><span class=\"s2\">Rapidez de respuesta y lectura<\/span><\/li>\n<li class=\"li1\"><span class=\"s2\">Captura toda la informaci\u00f3n con el tren en movimiento<\/span><\/li>\n<li class=\"li1\"><span class=\"s2\">Almacenamiento de imagen y v\u00eddeo con compresi\u00f3n ajustable<\/span><\/li>\n<li class=\"li1\"><span class=\"s2\">Iluminaci\u00f3n LED de bajo consumo y alimentaci\u00f3n PoE para minimizar el consumo el\u00e9ctrico<\/span><\/li>\n<li class=\"li1\"><span class=\"s2\">La alimentaci\u00f3n PoE reduce los cables y el mantenimiento de la instalaci\u00f3n<\/span><\/li>\n<li class=\"li1\"><span class=\"s2\">El software incorpora un historial de an\u00e1lisis y herramientas de diagn\u00f3stico a trav\u00e9s de Internet para un mantenimiento c\u00f3modo y sencillo<\/span><\/li>\n<\/ul>\n<p>[\/vc_column_text][\/vc_column][vc_column width=\u00bb1\/6&#8243;][\/vc_column][\/vc_row][vc_row full_width=\u00bbstretch_row_content_no_spaces\u00bb][vc_column width=\u00bb1\/2&#8243; css=\u00bb.vc_custom_1525700424720{background-color: #b7b7b7 !important;}\u00bb el_class=\u00bbbacklink\u00bb][vc_custom_heading text=\u00bbVolver a Soluciones\u00bb font_container=\u00bbtag:h3|text_align:center|color:%23ffffff\u00bb use_theme_fonts=\u00bbyes\u00bb link=\u00bburl:https%3A%2F%2Ftmeicports.com%2Fes%2Fsoluciones%2F|||\u00bb el_class=\u00bbbott-padder\u00bb][\/vc_column][vc_column width=\u00bb1\/2&#8243; css=\u00bb.vc_custom_1525700442697{background-color: #c1c1c1 !important;}\u00bb el_class=\u00bbbacklink\u00bb][vc_custom_heading text=\u00bbVolver a Rail Suite\u00bb font_container=\u00bbtag:h3|text_align:center|color:%23ffffff\u00bb use_theme_fonts=\u00bbyes\u00bb link=\u00bburl:https%3A%2F%2Ftmeicports.com%2Fes%2Fsoluciones%2Frail-suite%2F|||\u00bb el_class=\u00bbbott-padder\u00bb][\/vc_column][\/vc_row]<\/p>\n","protected":false},"excerpt":{"rendered":"<p>[vc_row content_placement=\u00bbtop\u00bb el_class=\u00bbbot-marg\u00bb][vc_column width=\u00bb1\/6&#8243;][\/vc_column][vc_column width=\u00bb2\/3&#8243;][vc_custom_heading text=\u00bbReconocimiento autom\u00e1tico de contenedores para un seguimiento completo del acceso ferroviario\u00bb font_container=\u00bbtag:h2|text_align:center\u00bb google_fonts=\u00bbfont_family:Montserrat%3A100%2C100italic%2C200%2C200italic%2C300%2C300italic%2Cregular%2Citalic%2C500%2C500italic%2C600%2C600italic%2C700%2C700italic%2C800%2C800italic%2C900%2C900italic|font_style:700%20bold%20regular%3A700%3Anormal\u00bb css=\u00bb.vc_custom_1526890236877{margin-top: -10px !important;}\u00bb][vc_column_text] El acceso de los contenedores en tren puede a\u00f1adirse a los sistemas de TMEIC Ports&amp;Terminals para un seguimiento y trazabilidad completos de los contenedores dentro de un puerto o terminal. [\/vc_column_text][\/vc_column][vc_column width=\u00bb1\/6&#8243;][\/vc_column][\/vc_row][vc_row full_width=\u00bbstretch_row_content_no_spaces\u00bb parallax=\u00bbcontent-moving\u00bb [&#8230;]<\/p>\n","protected":false},"author":1,"featured_media":0,"parent":9213,"menu_order":0,"comment_status":"closed","ping_status":"closed","template":"","meta":{"footnotes":""},"_links":{"self":[{"href":"https:\/\/tmeicports.com\/es\/wp-json\/wp\/v2\/pages\/9265"}],"collection":[{"href":"https:\/\/tmeicports.com\/es\/wp-json\/wp\/v2\/pages"}],"about":[{"href":"https:\/\/tmeicports.com\/es\/wp-json\/wp\/v2\/types\/page"}],"author":[{"embeddable":true,"href":"https:\/\/tmeicports.com\/es\/wp-json\/wp\/v2\/users\/1"}],"replies":[{"embeddable":true,"href":"https:\/\/tmeicports.com\/es\/wp-json\/wp\/v2\/comments?post=9265"}],"version-history":[{"count":7,"href":"https:\/\/tmeicports.com\/es\/wp-json\/wp\/v2\/pages\/9265\/revisions"}],"predecessor-version":[{"id":11682,"href":"https:\/\/tmeicports.com\/es\/wp-json\/wp\/v2\/pages\/9265\/revisions\/11682"}],"up":[{"embeddable":true,"href":"https:\/\/tmeicports.com\/es\/wp-json\/wp\/v2\/pages\/9213"}],"wp:attachment":[{"href":"https:\/\/tmeicports.com\/es\/wp-json\/wp\/v2\/media?parent=9265"}],"curies":[{"name":"wp","href":"https:\/\/api.w.org\/{rel}","templated":true}]}}