{"id":9283,"date":"2018-05-21T08:28:58","date_gmt":"2018-05-21T08:28:58","guid":{"rendered":"http:\/\/orbitaports.com\/?page_id=9283"},"modified":"2024-08-09T07:47:25","modified_gmt":"2024-08-09T07:47:25","slug":"yard-suite","status":"publish","type":"page","link":"https:\/\/tmeicports.com\/es\/soluciones\/yard-suite\/","title":{"rendered":"Yard Suite"},"content":{"rendered":"<p>[vc_row equal_height=\u00bbyes\u00bb content_placement=\u00bbtop\u00bb][vc_column css=\u00bb.vc_custom_1525277858356{background-position: center !important;background-repeat: no-repeat !important;background-size: cover !important;}\u00bb][vc_single_image image=\u00bb9890&#8243; img_size=\u00bblarge\u00bb alignment=\u00bbcenter\u00bb][\/vc_column][\/vc_row][vc_row full_width=\u00bbstretch_row_content_no_spaces\u00bb equal_height=\u00bbyes\u00bb content_placement=\u00bbtop\u00bb][vc_column width=\u00bb1\/6&#8243; css=\u00bb.vc_custom_1525277858356{background-position: center !important;background-repeat: no-repeat !important;background-size: cover !important;}\u00bb][\/vc_column][vc_column width=\u00bb2\/3&#8243;][vc_custom_heading text=\u00bbMejorar la seguridad y la trazabilidad de los contenedores y camiones en el patio es el objetivo de los sistemas YardSuite de TMEIC.\u00bb font_container=\u00bbtag:h4|font_size:24px|text_align:center|color:%230c0c0c\u00bb use_theme_fonts=\u00bbyes\u00bb css=\u00bb.vc_custom_1527689418431{margin-bottom: 20px !important;}\u00bb][vc_empty_space height=\u00bb100px\u00bb][\/vc_column][vc_column width=\u00bb1\/6&#8243;][\/vc_column][\/vc_row][vc_row full_width=\u00bbstretch_row_content_no_spaces\u00bb equal_height=\u00bbyes\u00bb][vc_column width=\u00bb1\/2&#8243; css=\u00bb.vc_custom_1525780043168{padding-top: 85px !important;padding-right: 10% !important;padding-bottom: 100px !important;padding-left: 10% !important;background-image: url(https:\/\/tmeicports.com\/wp-content\/uploads\/2018\/05\/yard-suite_yard-crane-tla_02.jpg?id=8757) !important;background-position: center !important;background-repeat: no-repeat !important;background-size: cover !important;}\u00bb][\/vc_column][vc_column css_animation=\u00bbnone\u00bb width=\u00bb1\/2&#8243; css=\u00bb.vc_custom_1525430112510{padding-top: 85px !important;padding-right: 10% !important;padding-bottom: 100px !important;padding-left: 10% !important;background-color: #f6f8fb !important;}\u00bb][vc_row_inner][vc_column_inner css_animation=\u00bbfadeInUp\u00bb][vc_custom_heading text=\u00bbYard Crane TLA\u00bb font_container=\u00bbtag:h2|text_align:left|color:%230c0c0c\u00bb use_theme_fonts=\u00bbyes\u00bb css_animation=\u00bbnone\u00bb link=\u00bb|||rel:nofollow\u00bb][vc_custom_heading text=\u00bbGarantiza que el remolque no se eleve en la gr\u00faa RTG o RMG. De esta manera se evita el movimiento de elevaci\u00f3n inesperado y, por tanto, los posibles da\u00f1os a los contenedores, camiones e incluso conductores.\u00bb font_container=\u00bbtag:h6|font_size:18px|text_align:left|color:%23737e80&#8243; use_theme_fonts=\u00bbyes\u00bb css_animation=\u00bbnone\u00bb css=\u00bb.vc_custom_1526891289085{margin-bottom: 20px !important;}\u00bb]<style>.ra_button_69e62a5f7406f i{margin-left:15px;}.ra_button_69e62a5f7406f{color:#000000;font-weight:700 !important;}.ra_button_69e62a5f7406f.btn-underlined:after,.ra_button_69e62a5f7406f.btn-underlined:before{border-color:#000000;}.ra_button_69e62a5f7406f:focus,.ra_button_69e62a5f7406f:hover{color:#000000 !important;}<\/style><a href=\"https:\/\/tmeicports.com\/es\/soluciones\/yard-suite\/yard-crane-tla\/\" class=\"btn btn-underlined border-thin text-uppercase ra_button_69e62a5f7406f\" >\n\t\t\t\t<span>\n\tDescubrir<i class=\"fa fa-angle-right\"><\/i>\t<\/span>\n<\/a>\n[\/vc_column_inner][\/vc_row_inner][\/vc_column][\/vc_row][vc_row full_width=\u00bbstretch_row_content_no_spaces\u00bb equal_height=\u00bbyes\u00bb css=\u00bb.vc_custom_1525676842825{background-color: #f6f8fb !important;}\u00bb][vc_column width=\u00bb1\/2&#8243; css=\u00bb.vc_custom_1525676868196{padding-top: 85px !important;padding-right: 10% !important;padding-bottom: 100px !important;padding-left: 10% !important;background-position: center !important;background-repeat: no-repeat !important;background-size: cover !important;}\u00bb][vc_custom_heading text=\u00bbYard Crane SCA\u00bb font_container=\u00bbtag:h2|text_align:left|color:%230c0c0c\u00bb use_theme_fonts=\u00bbyes\u00bb link=\u00bb|||\u00bb][vc_custom_heading text=\u00bbEvita las colisiones determinando el perfil de las pilas de contenedores situadas bajo la gr\u00faa RTG o RMG. Los esc\u00e1neres l\u00e1ser localizan cualquier obst\u00e1culo, lo que permite reducir la velocidad o incluso parar en caso necesario.\u00bb font_container=\u00bbtag:h6|font_size:18px|text_align:left|color:%23737e80&#8243; use_theme_fonts=\u00bbyes\u00bb css=\u00bb.vc_custom_1526891308670{margin-bottom: 20px !important;}\u00bb]<style>.ra_button_69e62a5f7475c i{margin-left:15px;}.ra_button_69e62a5f7475c{color:#000000;font-weight:700 !important;}.ra_button_69e62a5f7475c.btn-underlined:after,.ra_button_69e62a5f7475c.btn-underlined:before{border-color:#000000;}.ra_button_69e62a5f7475c:focus,.ra_button_69e62a5f7475c:hover{color:#000000 !important;}<\/style><a href=\"https:\/\/tmeicports.com\/es\/soluciones\/yard-suite\/yard-crane-sca\/\" class=\"btn btn-underlined border-thin text-uppercase ra_button_69e62a5f7475c\" >\n\t\t\t\t<span>\n\tDescubrir<i class=\"fa fa-angle-right\"><\/i>\t<\/span>\n<\/a>\n[\/vc_column][vc_column width=\u00bb1\/2&#8243; css=\u00bb.vc_custom_1526887451125{padding-top: 85px !important;padding-right: 10% !important;padding-bottom: 100px !important;padding-left: 10% !important;background: #f6f8fb url(https:\/\/tmeicports.com\/wp-content\/uploads\/2018\/05\/yard-suite_yard-crane-sca_03.jpg?id=8751) !important;background-position: center !important;background-repeat: no-repeat !important;background-size: cover !important;}\u00bb][\/vc_column][\/vc_row][vc_row full_width=\u00bbstretch_row_content_no_spaces\u00bb equal_height=\u00bbyes\u00bb css=\u00bb.vc_custom_1525676922758{background-color: #f6f8fb !important;}\u00bb][vc_column width=\u00bb1\/2&#8243; css=\u00bb.vc_custom_1525780104640{padding-top: 85px !important;padding-right: 10% !important;padding-bottom: 100px !important;padding-left: 10% !important;background-image: url(https:\/\/tmeicports.com\/wp-content\/uploads\/2018\/05\/yard-suite_yard-crane-oca_05.jpg?id=8761) !important;background-position: center !important;background-repeat: no-repeat !important;background-size: cover !important;}\u00bb][\/vc_column][vc_column width=\u00bb1\/2&#8243; css=\u00bb.vc_custom_1525676936273{padding-top: 85px !important;padding-right: 10% !important;padding-bottom: 100px !important;padding-left: 10% !important;background-position: center !important;background-repeat: no-repeat !important;background-size: cover !important;}\u00bb][vc_custom_heading text=\u00bbYard Crane OCA\u00bb font_container=\u00bbtag:h2|text_align:left|color:%230a0a0a\u00bb use_theme_fonts=\u00bbyes\u00bb link=\u00bb|||\u00bb][vc_custom_heading text=\u00bbEvita las colisiones entre las gr\u00faas RTG y RMG y cualquier obst\u00e1culo. El sistema identifica la trayectoria de circulaci\u00f3n y, por consiguiente, detecta cualquier objeto, veh\u00edculo o gr\u00faa p\u00f3rtico del patio de contenedores, permitiendo reducir la velocidad o detener el movimiento de la gr\u00faa.\u00bb font_container=\u00bbtag:h6|font_size:18px|text_align:left|color:%23737e80&#8243; use_theme_fonts=\u00bbyes\u00bb css=\u00bb.vc_custom_1526891324901{margin-bottom: 20px !important;}\u00bb]<style>.ra_button_69e62a5f749bc i{margin-left:15px;}.ra_button_69e62a5f749bc{color:#000000;font-weight:700 !important;}.ra_button_69e62a5f749bc.btn-underlined:after,.ra_button_69e62a5f749bc.btn-underlined:before{border-color:#000000;}.ra_button_69e62a5f749bc:focus,.ra_button_69e62a5f749bc:hover{color:#000000 !important;}<\/style><a href=\"https:\/\/tmeicports.com\/es\/soluciones\/yard-suite\/yard-crane-oca\/\" class=\"btn btn-underlined border-thin text-uppercase ra_button_69e62a5f749bc\" >\n\t\t\t\t<span>\n\tDescubrir<i class=\"fa fa-angle-right\"><\/i>\t<\/span>\n<\/a>\n[\/vc_column][\/vc_row][vc_row][vc_column el_class=\u00bbzero-height\u00bb][vc_raw_html]JTNDc2NyaXB0JTNFJTBBalF1ZXJ5JTI4ZnVuY3Rpb24lMjAlMjglMjQlMjklMjAlN0IlMEElMjQlMjhmdW5jdGlvbiUyOCUyOSU3QiUwQSUyMCUyMCUyMCUyMCUyNCUyOCUyN2gxJTI3JTI5LmVhY2glMjhmdW5jdGlvbiUyOCUyOSU3QiUyMCUyMCUyMCUyMCUwQSUyMCUyMCUyMCUyMCUyMCUyMCUyMCUyMHZhciUyMHRleHQlMjAlM0QlMjAlMjQlMjh0aGlzJTI5LnRleHQlMjglMjkuc3BsaXQlMjglMjclMjAlMjclMjklM0IlMEElMjAlMjAlMjAlMjAlMjAlMjAlMjAlMjBpZiUyOHRleHQubGVuZ3RoJTIwJTNDJTIwMiUyOSUwQSUyMCUyMCUyMCUyMCUyMCUyMCUyMCUyMCUyMCUyMCUyMCUyMHJldHVybiUzQiUyMCUwQSUyMCUyMCUyMCUyMCUyMCUyMCUyMCUyMHRleHQlNUIxJTVEJTIwJTNEJTIwJTI3JTNDc3BhbiUyMGNsYXNzJTNEJTIyc2Vjb25kV29yZCUyMiUzRSUyNyUyQnRleHQlNUIxJTVEJTJCJTI3JTNDJTJGc3BhbiUzRSUyNyUzQiUyMCUyMCUyMCUyMCUyMCUyMCUyMCUyMCUwQSUyMCUyMCUyMCUyMCUyMCUyMCUyMCUyMCUyNCUyOHRoaXMlMjkuaHRtbCUyOCUwQSUyMCUyMCUyMCUyMCUyMCUyMCUyMCUyMCUyMCUyMCUyMCUyMHRleHQuam9pbiUyOCUyNyUyMCUyNyUyOSUwQSUyMCUyMCUyMCUyMCUyMCUyMCUyMCUyMCUyOSUzQiUyMCUyMCUyMCUyMCUyMCUyMCUyMCUwQSUyMCUyMCUyMCUyMCU3RCUyOSUzQiUwQSU3RCUyOSUzQiUwQSU3RCUyOSUzQiUwQSUzQyUyRnNjcmlwdCUzRQ==[\/vc_raw_html][\/vc_column][\/vc_row]<\/p>\n","protected":false},"excerpt":{"rendered":"<p>[vc_row equal_height=\u00bbyes\u00bb content_placement=\u00bbtop\u00bb][vc_column css=\u00bb.vc_custom_1525277858356{background-position: center !important;background-repeat: no-repeat !important;background-size: cover !important;}\u00bb][vc_single_image image=\u00bb9890&#8243; img_size=\u00bblarge\u00bb alignment=\u00bbcenter\u00bb][\/vc_column][\/vc_row][vc_row full_width=\u00bbstretch_row_content_no_spaces\u00bb equal_height=\u00bbyes\u00bb content_placement=\u00bbtop\u00bb][vc_column width=\u00bb1\/6&#8243; css=\u00bb.vc_custom_1525277858356{background-position: center !important;background-repeat: no-repeat !important;background-size: cover !important;}\u00bb][\/vc_column][vc_column width=\u00bb2\/3&#8243;][vc_custom_heading text=\u00bbMejorar la seguridad y la trazabilidad de los contenedores y camiones en el patio es el objetivo de los sistemas YardSuite de TMEIC.\u00bb font_container=\u00bbtag:h4|font_size:24px|text_align:center|color:%230c0c0c\u00bb use_theme_fonts=\u00bbyes\u00bb css=\u00bb.vc_custom_1527689418431{margin-bottom: 20px !important;}\u00bb][vc_empty_space height=\u00bb100px\u00bb][\/vc_column][vc_column width=\u00bb1\/6&#8243;][\/vc_column][\/vc_row][vc_row [&#8230;]<\/p>\n","protected":false},"author":1,"featured_media":0,"parent":9024,"menu_order":0,"comment_status":"closed","ping_status":"closed","template":"","meta":{"footnotes":""},"_links":{"self":[{"href":"https:\/\/tmeicports.com\/es\/wp-json\/wp\/v2\/pages\/9283"}],"collection":[{"href":"https:\/\/tmeicports.com\/es\/wp-json\/wp\/v2\/pages"}],"about":[{"href":"https:\/\/tmeicports.com\/es\/wp-json\/wp\/v2\/types\/page"}],"author":[{"embeddable":true,"href":"https:\/\/tmeicports.com\/es\/wp-json\/wp\/v2\/users\/1"}],"replies":[{"embeddable":true,"href":"https:\/\/tmeicports.com\/es\/wp-json\/wp\/v2\/comments?post=9283"}],"version-history":[{"count":16,"href":"https:\/\/tmeicports.com\/es\/wp-json\/wp\/v2\/pages\/9283\/revisions"}],"predecessor-version":[{"id":11727,"href":"https:\/\/tmeicports.com\/es\/wp-json\/wp\/v2\/pages\/9283\/revisions\/11727"}],"up":[{"embeddable":true,"href":"https:\/\/tmeicports.com\/es\/wp-json\/wp\/v2\/pages\/9024"}],"wp:attachment":[{"href":"https:\/\/tmeicports.com\/es\/wp-json\/wp\/v2\/media?parent=9283"}],"curies":[{"name":"wp","href":"https:\/\/api.w.org\/{rel}","templated":true}]}}