{"id":9297,"date":"2018-05-21T08:38:06","date_gmt":"2018-05-21T08:38:06","guid":{"rendered":"http:\/\/orbitaports.com\/?page_id=9297"},"modified":"2024-08-08T14:34:49","modified_gmt":"2024-08-08T14:34:49","slug":"yard-crane-sca","status":"publish","type":"page","link":"https:\/\/tmeicports.com\/es\/soluciones\/yard-suite\/yard-crane-sca\/","title":{"rendered":"Yard Crane SCA"},"content":{"rendered":"<p>[vc_row content_placement=\u00bbtop\u00bb el_class=\u00bbbot-marg\u00bb][vc_column width=\u00bb1\/6&#8243;][\/vc_column][vc_column width=\u00bb2\/3&#8243;][vc_custom_heading text=\u00bbPrevenci\u00f3n de Colisiones en Pilas de Contenedores\u00bb font_container=\u00bbtag:h2|text_align:center\u00bb google_fonts=\u00bbfont_family:Montserrat%3A100%2C100italic%2C200%2C200italic%2C300%2C300italic%2Cregular%2Citalic%2C500%2C500italic%2C600%2C600italic%2C700%2C700italic%2C800%2C800italic%2C900%2C900italic|font_style:700%20bold%20regular%3A700%3Anormal\u00bb css=\u00bb.vc_custom_1526891715801{margin-top: -10px !important;}\u00bb][vc_column_text]<\/p>\n<p style=\"text-align: center;\">El Sistema de Prevenci\u00f3n de Colisiones en Pilas de Contenedores evita las colisiones entre los contenedores de la pila bajo una gr\u00faa RTG o RMG. De esta forma se reduce en gran medida la posibilidad de vuelco y, por tanto, los da\u00f1os en los contenedores.<\/p>\n<p>[\/vc_column_text][\/vc_column][vc_column width=\u00bb1\/6&#8243;][\/vc_column][\/vc_row][vc_row full_width=\u00bbstretch_row_content_no_spaces\u00bb parallax=\u00bbcontent-moving\u00bb overlay_bg=\u00bbyes\u00bb css=\u00bb.vc_custom_1723127654744{border-right-width: 30px !important;border-left-width: 30px !important;padding-top: 60px !important;padding-bottom: 100px !important;background-image: url(https:\/\/tmeicports.com\/wp-content\/uploads\/2018\/05\/yard-suite_yard-crane-sca_03.jpg?id=9303) !important;background-position: center;background-repeat: no-repeat !important;background-size: cover !important;border-left-color: #ffffff !important;border-left-style: solid !important;border-right-color: #ffffff !important;border-right-style: solid !important;}\u00bb overlay_color=\u00bbrgba(12,12,12,0.31)\u00bb el_class=\u00bbbot-pad\u00bb][vc_column align=\u00bbtext-lg-center\u00bb][vc_empty_space height=\u00bb50px\u00bb][vc_custom_heading text=\u00bbTrazabilidad y prevenci\u00f3n para las gr\u00faas de patio\u00bb font_container=\u00bbtag:h2|font_size:50px|text_align:center|color:%23ffffff\u00bb google_fonts=\u00bbfont_family:Poppins%3Aregular|font_style:700%20bold%20regular%3A700%3Anormal\u00bb css=\u00bb.vc_custom_1528283304424{margin-top: 0px !important;}\u00bb][vc_empty_space height=\u00bb30px\u00bb][\/vc_column][\/vc_row][vc_row el_class=\u00bbbot-marg\u00bb][vc_column width=\u00bb1\/6&#8243;][\/vc_column][vc_column width=\u00bb2\/3&#8243;][vc_column_text]Cuando el sistema detecta alg\u00fan obst\u00e1culo durante el movimiento del carro durante la carga o descarga, reduce autom\u00e1ticamente su velocidad o se detiene por completo. El operario de la gr\u00faa es informado de la detecci\u00f3n del obst\u00e1culo por medio de una incidencia o alarma en el panel de control.[\/vc_column_text][\/vc_column][vc_column width=\u00bb1\/6&#8243;][\/vc_column][\/vc_row][vc_row el_class=\u00bbbot-marg\u00bb][vc_column]<div id=\"ra_carousel_69e64061b652d\" class=\"carousel-container carousel-nav-style1 nav-dark ra_carousel_69e64061b652d\" data-flickity-options='{\"cellAlign\":\"center\",\"contain\":true,\"groupCells\":true,\"pageDots\":true,\"pauseAutoPlayOnHover\":false}'>\n\n\t\n\t<div class=\"row carousel-items \">\n\t[vc_single_image image=\u00bb8751&#8243; img_size=\u00bbfull\u00bb][vc_single_image image=\u00bb8752&#8243; img_size=\u00bbfull\u00bb][vc_single_image image=\u00bb8754&#8243; img_size=\u00bbfull\u00bb]\t<\/div>\n\n\t\n<\/div>[\/vc_column][\/vc_row][vc_row el_class=\u00bbbot-marg\u00bb][vc_column width=\u00bb1\/6&#8243;][\/vc_column][vc_column width=\u00bb2\/3&#8243;][vc_custom_heading text=\u00bbFunciones y ventajas\u00bb font_container=\u00bbtag:h3|text_align:left\u00bb use_theme_fonts=\u00bbyes\u00bb][vc_column_text]<\/p>\n<ul class=\"ul1\">\n<li class=\"li1\"><span class=\"s2\">Monitorizaci\u00f3n del movimiento en tiempo real<\/span><\/li>\n<li class=\"li1\"><span class=\"s2\">Prevenci\u00f3n de da\u00f1os a los contenedores, camiones y personal que interviene en la operaci\u00f3n.<\/span><\/li>\n<\/ul>\n<p>[\/vc_column_text][vc_custom_heading text=\u00bbCaracter\u00edsticas t\u00e9cnicas\u00bb font_container=\u00bbtag:h3|text_align:left\u00bb use_theme_fonts=\u00bbyes\u00bb][vc_column_text]<\/p>\n<ul class=\"ul1\">\n<li class=\"li1\"><span class=\"s2\">Esc\u00e1neres l\u00e1ser.<\/span><\/li>\n<li class=\"li1\"><span class=\"s2\">Gran distancia de cobertura.<\/span><\/li>\n<li class=\"li1\"><span class=\"s2\">Pantalla del operario de la gr\u00faa en el panel de control.<\/span><\/li>\n<\/ul>\n<p>[\/vc_column_text][\/vc_column][vc_column width=\u00bb1\/6&#8243;][\/vc_column][\/vc_row][vc_row full_width=\u00bbstretch_row_content_no_spaces\u00bb][vc_column width=\u00bb1\/2&#8243; css=\u00bb.vc_custom_1525700424720{background-color: #b7b7b7 !important;}\u00bb el_class=\u00bbbacklink\u00bb][vc_custom_heading text=\u00bbVolver a Soluciones\u00bb font_container=\u00bbtag:h3|text_align:center|color:%23ffffff\u00bb use_theme_fonts=\u00bbyes\u00bb link=\u00bburl:https%3A%2F%2Ftmeicports.com%2Fes%2Fsoluciones%2F|||\u00bb el_class=\u00bbbott-padder\u00bb][\/vc_column][vc_column width=\u00bb1\/2&#8243; css=\u00bb.vc_custom_1525700442697{background-color: #c1c1c1 !important;}\u00bb el_class=\u00bbbacklink\u00bb][vc_custom_heading text=\u00bbVolver a Yard Suite\u00bb font_container=\u00bbtag:h3|text_align:center|color:%23ffffff\u00bb use_theme_fonts=\u00bbyes\u00bb link=\u00bburl:https%3A%2F%2Ftmeicports.com%2Fes%2Fsoluciones%2Fyard-suite%2F|||\u00bb el_class=\u00bbbott-padder\u00bb][\/vc_column][\/vc_row]<\/p>\n","protected":false},"excerpt":{"rendered":"<p>[vc_row content_placement=\u00bbtop\u00bb el_class=\u00bbbot-marg\u00bb][vc_column width=\u00bb1\/6&#8243;][\/vc_column][vc_column width=\u00bb2\/3&#8243;][vc_custom_heading text=\u00bbPrevenci\u00f3n de Colisiones en Pilas de Contenedores\u00bb font_container=\u00bbtag:h2|text_align:center\u00bb google_fonts=\u00bbfont_family:Montserrat%3A100%2C100italic%2C200%2C200italic%2C300%2C300italic%2Cregular%2Citalic%2C500%2C500italic%2C600%2C600italic%2C700%2C700italic%2C800%2C800italic%2C900%2C900italic|font_style:700%20bold%20regular%3A700%3Anormal\u00bb css=\u00bb.vc_custom_1526891715801{margin-top: -10px !important;}\u00bb][vc_column_text] El Sistema de Prevenci\u00f3n de Colisiones en Pilas de Contenedores evita las colisiones entre los contenedores de la pila bajo una gr\u00faa RTG o RMG. De esta forma se reduce en gran medida la posibilidad de vuelco y, [&#8230;]<\/p>\n","protected":false},"author":1,"featured_media":0,"parent":9283,"menu_order":0,"comment_status":"closed","ping_status":"closed","template":"","meta":{"footnotes":""},"_links":{"self":[{"href":"https:\/\/tmeicports.com\/es\/wp-json\/wp\/v2\/pages\/9297"}],"collection":[{"href":"https:\/\/tmeicports.com\/es\/wp-json\/wp\/v2\/pages"}],"about":[{"href":"https:\/\/tmeicports.com\/es\/wp-json\/wp\/v2\/types\/page"}],"author":[{"embeddable":true,"href":"https:\/\/tmeicports.com\/es\/wp-json\/wp\/v2\/users\/1"}],"replies":[{"embeddable":true,"href":"https:\/\/tmeicports.com\/es\/wp-json\/wp\/v2\/comments?post=9297"}],"version-history":[{"count":5,"href":"https:\/\/tmeicports.com\/es\/wp-json\/wp\/v2\/pages\/9297\/revisions"}],"predecessor-version":[{"id":11695,"href":"https:\/\/tmeicports.com\/es\/wp-json\/wp\/v2\/pages\/9297\/revisions\/11695"}],"up":[{"embeddable":true,"href":"https:\/\/tmeicports.com\/es\/wp-json\/wp\/v2\/pages\/9283"}],"wp:attachment":[{"href":"https:\/\/tmeicports.com\/es\/wp-json\/wp\/v2\/media?parent=9297"}],"curies":[{"name":"wp","href":"https:\/\/api.w.org\/{rel}","templated":true}]}}