{"id":9332,"date":"2018-05-21T09:53:37","date_gmt":"2018-05-21T09:53:37","guid":{"rendered":"http:\/\/orbitaports.com\/?page_id=9332"},"modified":"2024-08-09T07:23:02","modified_gmt":"2024-08-09T07:23:02","slug":"servicios","status":"publish","type":"page","link":"https:\/\/tmeicports.com\/es\/servicios\/","title":{"rendered":"Servicios"},"content":{"rendered":"<p>[vc_row full_width=\u00bbstretch_row_content_no_spaces\u00bb full_height=\u00bbyes\u00bb overlay_bg=\u00bbyes\u00bb css=\u00bb.vc_custom_1723116901088{background-image: url(https:\/\/tmeicports.com\/wp-content\/uploads\/2018\/04\/orbita-solutions.jpg?id=9336) !important;background-position: center !important;background-repeat: no-repeat !important;background-size: cover !important;}\u00bb overlay_color=\u00bbrgba(0,0,0,0.33)\u00bb][vc_column][vc_custom_heading text=\u00bbSERVICIOS\u00bb font_container=\u00bbtag:h1|font_size:60px|text_align:center|color:%23ffffff\u00bb use_theme_fonts=\u00bbyes\u00bb][vc_custom_heading text=\u00bbSoluciones a medida para el sector de Puertos y Terminales,<br \/>\na trav\u00e9s de nuestro equipo multidisciplinar de ingenieros.\u00bb font_container=\u00bbtag:h2|font_size:24PX|text_align:center|color:%23ffffff\u00bb use_theme_fonts=\u00bbyes\u00bb letter_spacing=\u00bb0&#8243;][\/vc_column][\/vc_row][vc_row content_placement=\u00bbmiddle\u00bb][vc_column][vc_empty_space height=\u00bb100px\u00bb][\/vc_column][\/vc_row][vc_row content_placement=\u00bbmiddle\u00bb][vc_column width=\u00bb1\/4&#8243;][vc_column_text]<\/p>\n<h3>Las competencias de Tmeic incluyen ingenier\u00eda mec\u00e1nica, el\u00e9ctrica, automatizaci\u00f3n e IT que, combinadas, dan una respuesta personalizada a los requisitos m\u00e1s exigentes de la industria Mar\u00edtima.<\/h3>\n<p>[\/vc_column_text][\/vc_column][vc_column width=\u00bb3\/4&#8243;][vc_single_image image=\u00bb8352&#8243; img_size=\u00bbfull\u00bb][\/vc_column][\/vc_row][vc_row el_id=\u00bbservices\u00bb][vc_column][vc_empty_space height=\u00bb70px\u00bb]<header class=\"section-title section-title-default align-center ra_section_title_69e62a59e9de7\" >\n\t<h2 class=\"title\">Nuestro proceso<\/h2><p class=\"subtitle \">As\u00ed es c\u00f3mo trabajamos<\/p>\n<\/header>[\/vc_column][\/vc_row][vc_row full_width=\u00bbstretch_row_content\u00bb][vc_column width=\u00bb1\/6&#8243;][\/vc_column][vc_column width=\u00bb1\/6&#8243;]<style>.ra_icon_box_69e62a59ea2f1 .icon-container{color:#f1563d;font-size:40px;}<\/style>\n<div class=\"icon-box icon-box-md ra_icon_box_69e62a59ea2f1\"  id=\"ra_icon_box_69e62a59ea2f1\">\n\n\t\t<span class=\"icon-container\"><\/span>\n\t\n\t<div class=\"contents\">\n\t\t\t\t<h3>Consultor\u00eda <span class=\"counter\">01<\/span><\/h3><\/h3>\t\t<p>Entendemos la consultor\u00eda como una gu\u00eda para completar el an\u00e1lisis del cliente desde un punto de vista tecnol\u00f3gico y de ingenier\u00eda.<\/p>\n\t\t\t\t\n\t<\/div>\n<\/div>\n[\/vc_column][vc_column width=\u00bb1\/6&#8243;]<style>.ra_icon_box_69e62a59ea58d .icon-container{color:#f1563d;font-size:40px;}<\/style>\n<div class=\"icon-box icon-box-md ra_icon_box_69e62a59ea58d\"  id=\"ra_icon_box_69e62a59ea58d\">\n\n\t\t<span class=\"icon-container\"><\/span>\n\t\n\t<div class=\"contents\">\n\t\t\t\t<h3>Soluciones est\u00e1ndar <span class=\"counter\">02<\/span><\/h3><\/h3>\t\t<p>Nuestro rango de productos ha sido probado y es modular y escalable para crear la perfecta soluci\u00f3n integrada para cada tipo de terminal.<\/p>\n\t\t\t\t\n\t<\/div>\n<\/div>\n[\/vc_column][vc_column width=\u00bb1\/6&#8243;]<style>.ra_icon_box_69e62a59ea7c1 .icon-container{color:#f1563d;font-size:40px;}<\/style>\n<div class=\"icon-box icon-box-md ra_icon_box_69e62a59ea7c1\"  id=\"ra_icon_box_69e62a59ea7c1\">\n\n\t\t<span class=\"icon-container\"><\/span>\n\t\n\t<div class=\"contents\">\n\t\t\t\t<h3>Ingenier\u00eda <span class=\"counter\">03<\/span><\/h3><\/h3>\t\t<p>Durante la fase de ingenier\u00eda de proyecto nuestros ingenieros definen la documentaci\u00f3n de la infraestructura para establecer los nuevos detalles del sistema.<\/p>\n\t\t\t\t\n\t<\/div>\n<\/div>\n[\/vc_column][vc_column width=\u00bb1\/6&#8243;]<style>.ra_icon_box_69e62a59ea9df .icon-container{color:#f1563d;font-size:40px;}<\/style>\n<div class=\"icon-box icon-box-md ra_icon_box_69e62a59ea9df\"  id=\"ra_icon_box_69e62a59ea9df\">\n\n\t\t<span class=\"icon-container\"><\/span>\n\t\n\t<div class=\"contents\">\n\t\t\t\t<h3>Suministro <span class=\"counter\">04<\/span><\/h3><\/h3>\t\t<p>Tras la fase de ingenier\u00eda, el hardware requerido se compila y se comprueba en nuestras instalaciones.<\/p>\n\t\t\t\t\n\t<\/div>\n<\/div>\n[\/vc_column][vc_column width=\u00bb1\/6&#8243;][\/vc_column][\/vc_row][vc_row full_width=\u00bbstretch_row_content\u00bb][vc_column width=\u00bb1\/6&#8243;][\/vc_column][vc_column width=\u00bb1\/6&#8243;]<style>.ra_icon_box_69e62a59eac01 .icon-container{color:#f1563d;font-size:40px;}<\/style>\n<div class=\"icon-box icon-box-md ra_icon_box_69e62a59eac01\"  id=\"ra_icon_box_69e62a59eac01\">\n\n\t\t<span class=\"icon-container\"><\/span>\n\t\n\t<div class=\"contents\">\n\t\t\t\t<h3>Fabricaci\u00f3n y ensamblaje <span class=\"counter\">05<\/span><\/h3><\/h3>\t\t<p>El \u00e1rea de ingenier\u00eda mec\u00e1nica dise\u00f1a modelos 3D a medida para ser fabricados. La fase final en nuestras instalaciones consiste en el pre-ensamblaje, configuraci\u00f3n y pruebas de hardware.<\/p>\n\t\t\t\t\n\t<\/div>\n<\/div>\n[\/vc_column][vc_column width=\u00bb1\/6&#8243;]<style>.ra_icon_box_69e62a59eae1c .icon-container{color:#f1563d;font-size:40px;}<\/style>\n<div class=\"icon-box icon-box-md ra_icon_box_69e62a59eae1c\"  id=\"ra_icon_box_69e62a59eae1c\">\n\n\t\t<span class=\"icon-container\"><\/span>\n\t\n\t<div class=\"contents\">\n\t\t\t\t<h3>Desarrollo de software <span class=\"counter\">06<\/span><\/h3><\/h3>\t\t<p>Cualquier dise\u00f1o software, ya sea est\u00e1ndar o hecho a medida , se prueba antes de su implementaci\u00f3n y lanzamiento.<\/p>\n\t\t\t\t\n\t<\/div>\n<\/div>\n[\/vc_column][vc_column width=\u00bb1\/6&#8243;]<style>.ra_icon_box_69e62a59eb03c .icon-container{color:#f1563d;font-size:40px;}<\/style>\n<div class=\"icon-box icon-box-md ra_icon_box_69e62a59eb03c\"  id=\"ra_icon_box_69e62a59eb03c\">\n\n\t\t<span class=\"icon-container\"><\/span>\n\t\n\t<div class=\"contents\">\n\t\t\t\t<h3>Pruebas y puesta en marcha <span class=\"counter\">07<\/span><\/h3><\/h3>\t\t<p>Planificamos un calendario estricto para ejecutar y coordinar en campo los trabajos de pruebas y puesta en marcha a fin de conseguir nuestros altos est\u00e1ndares de forma eficiente.<\/p>\n\t\t\t\t\n\t<\/div>\n<\/div>\n[\/vc_column][vc_column width=\u00bb1\/6&#8243;]<style>.ra_icon_box_69e62a59eb253 .icon-container{color:#f1563d;font-size:40px;}<\/style>\n<div class=\"icon-box icon-box-md ra_icon_box_69e62a59eb253\"  id=\"ra_icon_box_69e62a59eb253\">\n\n\t\t<span class=\"icon-container\"><\/span>\n\t\n\t<div class=\"contents\">\n\t\t\t\t<h3>Documentaci\u00f3n y formaci\u00f3n <span class=\"counter\">08<\/span><\/h3><\/h3>\t\t<p>El personal de la terminal se implica en sesiones espec\u00edficas de formaci\u00f3n para diferentes perfiles como mantenimiento, operaciones o IT. Tambi\u00e9n proporcionamos una extensa documentaci\u00f3n t\u00e9cnica de f\u00e1cil uso.<\/p>\n\t\t\t\t\n\t<\/div>\n<\/div>\n[\/vc_column][vc_column width=\u00bb1\/6&#8243;][\/vc_column][\/vc_row][vc_row][vc_column][vc_empty_space height=\u00bb100px\u00bb][\/vc_column][\/vc_row][vc_row full_width=\u00bbstretch_row\u00bb full_height=\u00bbyes\u00bb overlay_bg=\u00bbyes\u00bb css=\u00bb.vc_custom_1526981722292{padding-top: 50px !important;padding-bottom: 130px !important;background: #f1563d url(https:\/\/orbitaports.com\/wp-content\/uploads\/2018\/05\/night-port.jpg?id=8843) !important;background-position: center !important;background-repeat: no-repeat !important;background-size: cover !important;}\u00bb overlay_color=\u00bbrgba(241,86,61,0.96)\u00bb el_id=\u00bbtailor\u00bb][vc_column width=\u00bb1\/6&#8243;][\/vc_column][vc_column width=\u00bb2\/3&#8243;]<style>.ra_section_title_69e62a59eb466 h2{color:#ffffff;border-bottom-color:#ffffff;}.ra_section_title_69e62a59eb466 p.subtitle{color:#ffffff;}.ra_section_title_69e62a59eb466 p{color:#ffffff;}<\/style><header class=\"section-title section-title-default align-center bold-title ra_section_title_69e62a59eb466 vc_custom_1526980902537\" >\n\t<h2 class=\"title\">Soluciones a medida<\/h2><p class=\"subtitle \">Servicios personalizados<\/p>\n<\/header>[vc_column_text]<\/p>\n<p style=\"color: white;\">El enfoque global de TMEIC respecto a los procesos de las Terminales Mar\u00edtimas se extiende desde las operaciones de puertas y gr\u00faas hasta la gesti\u00f3n de contenedores en el dep\u00f3sito.<br \/>\nTecnolog\u00edas como RFID, GPS, Wi-Fi, control y monitorizaci\u00f3n de maquinaria por programaci\u00f3n de PLCs y sistemas SCADA est\u00e1n entre los servicios que proporcionamos a las terminales.<br \/>\nSomos Siemens Solution Partners certificados en Automatizaci\u00f3n, Comunicaciones, Interfaces HMI y Procesos Industriales. Estas competencias, junto con nuestra s\u00f3lida experiencia en ingenier\u00eda nos capacita para proporcionar servicios avanzados.<\/p>\n<p>[\/vc_column_text][vc_empty_space height=\u00bb60px\u00bb][\/vc_column][vc_column width=\u00bb1\/6&#8243;][\/vc_column][vc_column]<div class=\"tabs tabs-stacked-bubble tabs-stacked-bubble-invert row reset-nav-pill-styles ra_tabs_69e62a59ebc91\">\n\t<ul class=\"nav nav-pills nav-stacked col-md-3\" role=\"tablist\"><li role=\"presentation\" class=\"active\" ><a href=\"#1525849218079-409d83c1-a5fa\" aria-expanded=\"false\" aria-controls=\"1525849218079-409d83c1-a5fa\" role=\"tab\" data-toggle=\"tab\"><i class=\"icon-arrows_check\"><\/i>Soluciones RFID<\/a><\/li><li role=\"presentation\" ><a href=\"#1525849218126-897bca3c-78e6\" aria-expanded=\"false\" aria-controls=\"1525849218126-897bca3c-78e6\" role=\"tab\" data-toggle=\"tab\"><i class=\"icon-basic_key\"><\/i>Sistemas SCADA<\/a><\/li><li role=\"presentation\" ><a href=\"#1525851535999-21d185c4-6a07\" aria-expanded=\"false\" aria-controls=\"1525851535999-21d185c4-6a07\" role=\"tab\" data-toggle=\"tab\"><i class=\"icon-basic_pin1\"><\/i>Posicionamiento y Seguimiento de Activos<\/a><\/li><li role=\"presentation\" ><a href=\"#1525851578245-a61ee453-46f5\" aria-expanded=\"false\" aria-controls=\"1525851578245-a61ee453-46f5\" role=\"tab\" data-toggle=\"tab\"><i class=\"icon-arrows_squares\"><\/i>Middleware<\/a><\/li><li role=\"presentation\" ><a href=\"#1525851596508-6416e5b0-084b\" aria-expanded=\"false\" aria-controls=\"1525851596508-6416e5b0-084b\" role=\"tab\" data-toggle=\"tab\"><i class=\"icon-basic_server2\"><\/i>Integraci\u00f3n de sistemas<\/a><\/li><\/ul>\t<div class=\"tab-content col-md-9\"><div id=\"1525849218079-409d83c1-a5fa\" role=\"tabpanel\" class=\"tab-pane fade active in\"><p>[vc_row_inner content_placement=\u00bbmiddle\u00bb][vc_column_inner][vc_column_text]<span style=\"color: #ffffff;\">Las soluciones de Identificaci\u00f3n por Radiofrecuencia (RFID) para el seguimiento de las operaciones en cualquier lugar de la Terminal Mar\u00edtima son en algunos casos la mejor elecci\u00f3n en t\u00e9rminos de coste y eficiencia. Una tecnolog\u00eda demostrada, con m\u00faltiples fabricantes en el mercado y soluciones para cualquier configuraci\u00f3n de la Terminal, hacen de la tecnolog\u00eda RFID una respuesta fiable de ingenier\u00eda para numerosas situaciones complejas. En Tmeic somos expertos en soluciones RFID y colaboramos con los principales fabricantes del sector en esta tecnolog\u00eda. El dise\u00f1o del flujo de camiones dentro de la terminal es una de las soluciones RFID que ofrecemos con una s\u00f3lida capacidad de ingenier\u00eda.<\/span>[\/vc_column_text][\/vc_column_inner][\/vc_row_inner]<\/p>\n<\/div><div id=\"1525849218126-897bca3c-78e6\" role=\"tabpanel\" class=\"tab-pane fade\"><p>[vc_row_inner][vc_column_inner][vc_column_text]<span style=\"color: #ffffff;\">Los sistemas de Adquisici\u00f3n de Datos y Control de Supervisi\u00f3n (SCADA) forman parte integral del sector para el control y monitorizaci\u00f3n de procesos y equipos. Las capacidades de TMEIC en sectores cl\u00e1sicos, como la Automoci\u00f3n, Industria Qu\u00edmica o Alimentaci\u00f3n y Bebidas, se trasladan al sector de los Puertos y Terminales Mar\u00edtimas para ofrecer una monitorizaci\u00f3n avanzada, mantenimiento preventivo, gesti\u00f3n y eficiencia energ\u00e9tica, notificaci\u00f3n de incidencias y otras herramientas \u00fatiles para los departamentos de operaciones y mantenimiento de las Terminales Mar\u00edtimas. La maquinaria pesada, redes el\u00e9ctricas de baja y media tensi\u00f3n, suministro de agua y la prevenci\u00f3n de incendios son tan solo algunos de los sistemas de la Terminal que se pueden supervisar y controlar a distancia y que pueden aportar informaci\u00f3n esencial sobre su estado, alarmas e incidencias de funcionamiento rese\u00f1ables. TMEIC es un Especialista en Interfaces de Usuario certificado por Siemens y el \u00fanico especializado en el sector de los Puertos y Terminales Mar\u00edtimas. D\u00e9jenos ayudarle a mejorar su visi\u00f3n y control de los sistemas de su Terminal.<\/span>[\/vc_column_text][\/vc_column_inner][\/vc_row_inner]<\/p>\n<\/div><div id=\"1525851535999-21d185c4-6a07\" role=\"tabpanel\" class=\"tab-pane fade\"><p>[vc_row_inner][vc_column_inner][vc_column_text]<span style=\"color: #ffffff;\">Los Sistemas Globales de Posicionamiento Diferenciales (DGPS) o los Sistemas de Localizaci\u00f3n en Tiempo Real (RTLS) son algunas de las soluciones que pueden implantarse en los Equipos de Manipulaci\u00f3n de Contenedores en el espacio de la Terminal Mar\u00edtima. Los servicios de Posicionamiento y Seguimiento de activos de TMEIC analizan las posibilidades existentes para que el cliente disponga de la mejor opci\u00f3n de sistemas de detecci\u00f3n de la posici\u00f3n en los Equipos de Manipulaci\u00f3n de Contenedores. El sistema se implanta finalmente desde un punto de vista del proceso de ingenier\u00eda, seg\u00fan los requisitos de la terminal.<\/span>[\/vc_column_text][\/vc_column_inner][\/vc_row_inner]<\/p>\n<\/div><div id=\"1525851578245-a61ee453-46f5\" role=\"tabpanel\" class=\"tab-pane fade\"><p>[vc_row_inner][vc_column_inner][vc_column_text]<span style=\"color: #ffffff;\">Denominamos middleware al software empresarial situado entre un sistema operativo y las distintas aplicaciones que le prestan servicio desde m\u00faltiples servidores. La creaci\u00f3n de software con fines empresariales se encuentra entre las soluciones a medida ofrecidas por TMEIC, incluida la creaci\u00f3n de interfaces est\u00e1ndar para la comunicaci\u00f3n entre sistemas.<\/span>[\/vc_column_text][\/vc_column_inner][\/vc_row_inner]<\/p>\n<\/div><div id=\"1525851596508-6416e5b0-084b\" role=\"tabpanel\" class=\"tab-pane fade\"><p>[vc_row_inner][vc_column_inner][vc_column_text]<span style=\"color: #ffffff;\">La Integraci\u00f3n de Sistemas es uno de los principales servicios ofrecidos por TMEIC. La comunicaci\u00f3n entre m\u00e1quinas o la interconexi\u00f3n entre distintos sistemas, como un Sistema Operativo de la Terminal (TOS) y los sistemas operativos de las Puertas, garantizan que las distintas plataformas act\u00faen como una \u00fanica aplicaci\u00f3n coordinada. Las capacidades de TMEIC en programaci\u00f3n de Controladores L\u00f3gicos Programables (PLC) y creaci\u00f3n de sistemas inform\u00e1ticos nos permiten interconectar m\u00faltiples sistemas para que act\u00faen como una \u00fanica entidad funcional.<\/span>[\/vc_column_text][\/vc_column_inner][\/vc_row_inner]<\/p>\n<\/div><\/div>\t<\/div>\n[\/vc_column][\/vc_row][vc_row el_id=\u00bbsupport\u00bb][vc_column width=\u00bb1\/6&#8243;][\/vc_column][vc_column width=\u00bb2\/3&#8243;][vc_empty_space height=\u00bb120px\u00bb]<style>.ra_section_title_69e62a59ebe99 p.subtitle{color:#ffffff;}.ra_section_title_69e62a59ebe99 p{color:#ffffff;}<\/style><header class=\"section-title section-title-default align-center bold-title ra_section_title_69e62a59ebe99 vc_custom_1526981649032\" >\n\t<h2 class=\"title\">Soporte y Mantenimiento<\/h2><p class=\"subtitle \">Cuidado las 24 horas<\/p>\n<\/header>[vc_column_text]Durante las 24 horas los 365 d\u00edas del a\u00f1o tenemos activo un equipo multidisciplinar de t\u00e9cnicos de guardia de diferentes perfiles (automatizaci\u00f3n, el\u00e9ctrico, inform\u00e1tico y de visi\u00f3n artificial), que dan servicio ininterrumpido a nuestros clientes con contrato de mantenimiento.<\/p>\n<p>Ofrecemos diferentes tipos de Acuerdos de Servicio para adaptarnos a las necesidades de la Terminal.<\/p>\n<p>Nuestros t\u00e9cnicos de guardia forman parte activa del desarrollo de proyectos, teniendo de esa forma que estar totalmente actualizados en los est\u00e1ndares t\u00e9cnicos y avances tecnol\u00f3gicos, de esa forma garantizamos la m\u00e1xima eficiencia durante las intervenciones.<br \/>\nDado que desde TMEIC buscamos una relaci\u00f3n duradera con los clientes con una presencia continuada en los mismos, los mismos t\u00e9cnicos de guardia son involucrados en el desarrollo de los diferentes proyectos en casa del cliente, para que de esa forma conozcan de primera mano las instalaciones y el proceso a cubrir en el servicio de mantenimiento.[\/vc_column_text][vc_empty_space height=\u00bb120px\u00bb][\/vc_column][vc_column width=\u00bb1\/6&#8243;][\/vc_column][\/vc_row][vc_row full_width=\u00bbstretch_row_content_no_spaces\u00bb parallax=\u00bbcontent-moving\u00bb overlay_bg=\u00bbyes\u00bb css=\u00bb.vc_custom_1525077634993{background-image: url(https:\/\/orbitaports.com\/wp-content\/uploads\/2018\/04\/orbita-solutions-02.jpg?id=8353) !important;background-position: center;background-repeat: no-repeat !important;background-size: cover !important;}\u00bb overlay_color=\u00bbrgba(0,0,0,0.5)\u00bb][vc_column][vc_empty_space height=\u00bb120px\u00bb][vc_custom_heading text=\u00bbPARA CUALQUIER PREGUNTA,<br \/>\nNO DUDE EN CONSULTARNOS.\u00bb font_container=\u00bbtag:h4|text_align:center|color:%23ffffff\u00bb google_fonts=\u00bbfont_family:Montserrat%3A100%2C100italic%2C200%2C200italic%2C300%2C300italic%2Cregular%2Citalic%2C500%2C500italic%2C600%2C600italic%2C700%2C700italic%2C800%2C800italic%2C900%2C900italic|font_style:400%20regular%3A400%3Anormal\u00bb letter_spacing=\u00bb2px\u00bb][vc_empty_space height=\u00bb30px\u00bb][vc_btn title=\u00bb\u00a1Cont\u00e1ctenos!\u00bb style=\u00bbflat\u00bb shape=\u00bbsquare\u00bb color=\u00bbwhite\u00bb align=\u00bbcenter\u00bb i_align=\u00bbright\u00bb i_icon_fontawesome=\u00bbfa fa-angle-right\u00bb add_icon=\u00bbtrue\u00bb link=\u00bburl:https%3A%2F%2Ftmeicports.com%2Fes%2Fcontacto%2F|||\u00bb][vc_empty_space height=\u00bb120px\u00bb][\/vc_column][\/vc_row]<\/p>\n","protected":false},"excerpt":{"rendered":"<p>[vc_row full_width=\u00bbstretch_row_content_no_spaces\u00bb full_height=\u00bbyes\u00bb overlay_bg=\u00bbyes\u00bb css=\u00bb.vc_custom_1723116901088{background-image: url(https:\/\/tmeicports.com\/wp-content\/uploads\/2018\/04\/orbita-solutions.jpg?id=9336) !important;background-position: center !important;background-repeat: no-repeat !important;background-size: cover !important;}\u00bb overlay_color=\u00bbrgba(0,0,0,0.33)\u00bb][vc_column][vc_custom_heading text=\u00bbSERVICIOS\u00bb font_container=\u00bbtag:h1|font_size:60px|text_align:center|color:%23ffffff\u00bb use_theme_fonts=\u00bbyes\u00bb][vc_custom_heading text=\u00bbSoluciones a medida para el sector de Puertos y Terminales, a trav\u00e9s de nuestro equipo multidisciplinar de ingenieros.\u00bb font_container=\u00bbtag:h2|font_size:24PX|text_align:center|color:%23ffffff\u00bb use_theme_fonts=\u00bbyes\u00bb letter_spacing=\u00bb0&#8243;][\/vc_column][\/vc_row][vc_row content_placement=\u00bbmiddle\u00bb][vc_column][vc_empty_space height=\u00bb100px\u00bb][\/vc_column][\/vc_row][vc_row content_placement=\u00bbmiddle\u00bb][vc_column width=\u00bb1\/4&#8243;][vc_column_text] Las competencias de Tmeic incluyen ingenier\u00eda mec\u00e1nica, el\u00e9ctrica, automatizaci\u00f3n e IT que, combinadas, [&#8230;]<\/p>\n","protected":false},"author":1,"featured_media":0,"parent":0,"menu_order":0,"comment_status":"closed","ping_status":"closed","template":"","meta":{"footnotes":""},"_links":{"self":[{"href":"https:\/\/tmeicports.com\/es\/wp-json\/wp\/v2\/pages\/9332"}],"collection":[{"href":"https:\/\/tmeicports.com\/es\/wp-json\/wp\/v2\/pages"}],"about":[{"href":"https:\/\/tmeicports.com\/es\/wp-json\/wp\/v2\/types\/page"}],"author":[{"embeddable":true,"href":"https:\/\/tmeicports.com\/es\/wp-json\/wp\/v2\/users\/1"}],"replies":[{"embeddable":true,"href":"https:\/\/tmeicports.com\/es\/wp-json\/wp\/v2\/comments?post=9332"}],"version-history":[{"count":20,"href":"https:\/\/tmeicports.com\/es\/wp-json\/wp\/v2\/pages\/9332\/revisions"}],"predecessor-version":[{"id":11710,"href":"https:\/\/tmeicports.com\/es\/wp-json\/wp\/v2\/pages\/9332\/revisions\/11710"}],"wp:attachment":[{"href":"https:\/\/tmeicports.com\/es\/wp-json\/wp\/v2\/media?parent=9332"}],"curies":[{"name":"wp","href":"https:\/\/api.w.org\/{rel}","templated":true}]}}