{"id":9744,"date":"2018-05-21T11:27:15","date_gmt":"2018-05-21T11:27:15","guid":{"rendered":"http:\/\/orbitaports.com\/?page_id=9744"},"modified":"2024-08-08T10:58:30","modified_gmt":"2024-08-08T10:58:30","slug":"proyectos","status":"publish","type":"page","link":"https:\/\/tmeicports.com\/es\/proyectos\/","title":{"rendered":"Proyectos"},"content":{"rendered":"<p>[vc_row full_width=\u00bbstretch_row_content\u00bb css=\u00bb.vc_custom_1526458906024{padding-top: 20px !important;}\u00bb][vc_column][vc_empty_space height=\u00bb100px\u00bb]<style>.ra_portfolio_listing_69e64096cb4d9 .portfolio-item.hover-color .portfolio-content:before{background:rgba(0,0,0,0.66);}.ra_portfolio_listing_69e64096cb4d9 .items-loader .circular .path{stroke:#f13c46;}.ra_portfolio_listing_69e64096cb4d9 .grid-69e64096d3a52{margin-left:-10px;margin-right:-10px;}.ra_portfolio_listing_69e64096cb4d9 .grid-69e64096d3a52 .masonry-item{padding-left:10px;padding-right:10px;}.ra_portfolio_listing_69e64096cb4d9 .portfolio-item.grid{margin-bottom:20px;}.ra_portfolio_listing_69e64096cb4d9 .page-nav nav{margin-top:-20px;}.ra_portfolio_listing_69e64096cb4d9 .masonry-filters li:hover>span:first-child span:after, .ra_portfolio_listing_69e64096cb4d9 .masonry-filters li.active>span:first-child span:after{background-image:-webkit-linear-gradient(160deg,rgba(95, 30, 0, 0.8) 0%,rgba(255, 175, 73, 0.6) 100%);background-image:linear-gradient(160deg,rgba(95, 30, 0, 0.8) 0%,rgba(255, 175, 73, 0.6) 100%);background-size:auto auto;background-position:50% 50%;background-repeat:repeat;background-attachment:scroll;background-origin:border-box;background-clip:border-box;}<\/style><div class=\"portfolio-grid ra_portfolio_listing_69e64096cb4d9\" data-plugin-portfolio=\"true\"><div id=\"grid-69e64096d3a52\" class=\"row items-container grid-69e64096d3a52 \" data-stagger=\"true\"><div class=\"items-loader\"><svg class=\"circular\" viewBox=\"25 25 50 50\"><circle class=\"path\" cx=\"50\" cy=\"50\" r=\"20\" fill=\"none\" stroke-width=\"2\" stroke-miterlimit=\"10\"\/><\/svg><\/div><div class=\"col-md-4 col-sm-6 col-xs-12 masonry-item home-cases\">\r\n\t<article id=\"post-10006\" class=\"portfolio-item grid masonry hover-color style-hover buttons-naked  text-left text-light no post-10006 rella-portfolio type-rella-portfolio status-publish format-standard has-post-thumbnail hentry rella-portfolio-category-home-cases\">\r\n\t\t<div class=\"inner-wrapper  wpb_animate_when_almost_visible wpb_fadeIn fadeIn\">\r\n\t\t\t<div class=\"portfolio-inner\">\r\n\r\n\t\t\t\t<div class=\"portfolio-main-image\" >\r\n\t\t\t\t\t<figure><img loading=\"lazy\" decoding=\"async\" width=\"1920\" height=\"1080\" src=\"https:\/\/tmeicports.com\/wp-content\/uploads\/2018\/05\/customer-cases_-dct-gdansk-30x17.jpg\" class=\"attachment-rella-portfolio-three-col size-rella-portfolio-three-col progressive__img progressive--not-loaded\" alt=\"DCT Gdansk\" data-rjs=\"https:\/\/tmeicports.com\/wp-content\/uploads\/2018\/05\/customer-cases_-dct-gdansk.jpg\" srcset=\"\" data-progressive=\"https:\/\/tmeicports.com\/wp-content\/uploads\/2018\/05\/customer-cases_-dct-gdansk.jpg\" \/><\/figure>\t\t\t\t\t\t\t\t\t<\/div>\r\n\r\n\t\t\t\t<div class=\"portfolio-content\">\r\n\t\t\t\t\t\r\n\t\t\t\t\t\r\n\t\t\t\t\t\r\n\t\t\t\t\t\t\t\t\t\t\t\t\t\t\t\t\t\t\t\t\t\t\t\t\t\t\t\t\t\t\t\t\t\t\t\t\t\t\t\t\t\t\t\r\n\t\t\t\t\t\t\t\t\t\t\t<div class=\"title-wrapper\">\t\t\t\t\t\t\t<h2><a href=\"https:\/\/tmeicports.com\/es\/projects\/dct-gdansk\/\" rel=\"bookmark\">DCT Gdansk<\/a><\/h2>\t\t\t\t\t\t\t\t\t\t\t\t\t<\/div>\t\t\t\t\t\r\n\t\t\t\t\t\r\n\t\t\t\t\t\t    <div class=\"portfolio-summary\">\n\t        <p><p>Implementaci\u00f3n de un Sistema de Reserva de Veh\u00edculos en DCT Gdansk.<\/p>\n<\/p>\n\t    <\/div>\n\t\r\n\t\t\t\t\t\t\t\t\t\t\t\t\t\t\t\t\t\t\t\t\t\t\t\t\t\t\t\t\t\t\t\t\t\t\t\t\t\t\t\t\t\t\t\t\t\t\t\t\t\t\t\t\t\t\t\r\n\t\t\t\t\t\t\t\t\t\t\t<a class=\"portfolio-overlay-link\" href=\"https:\/\/tmeicports.com\/es\/projects\/dct-gdansk\/\"><\/a>\r\n\t\t\t\t\t\t\t\t\t\t\r\n\t\t\t\t<\/div>\r\n\r\n\t\t\t\t\r\n\t\t\t<\/div>\r\n\t\t<\/div>\r\n\t<\/article>\r\n<\/div>\r\n<div class=\"col-md-4 col-sm-6 col-xs-12 masonry-item home-cases\">\r\n\t<article id=\"post-10004\" class=\"portfolio-item grid masonry hover-color style-hover buttons-naked  text-left text-light no post-10004 rella-portfolio type-rella-portfolio status-publish format-standard has-post-thumbnail hentry rella-portfolio-category-home-cases\">\r\n\t\t<div class=\"inner-wrapper  wpb_animate_when_almost_visible wpb_fadeIn fadeIn\">\r\n\t\t\t<div class=\"portfolio-inner\">\r\n\r\n\t\t\t\t<div class=\"portfolio-main-image\" >\r\n\t\t\t\t\t<figure><img loading=\"lazy\" decoding=\"async\" width=\"1920\" height=\"1080\" src=\"https:\/\/tmeicports.com\/wp-content\/uploads\/2018\/05\/customer-cases_apm-quetzal-30x17.jpg\" class=\"attachment-rella-portfolio-three-col size-rella-portfolio-three-col progressive__img progressive--not-loaded\" alt=\"APM Terminals Quetzal\" data-rjs=\"https:\/\/tmeicports.com\/wp-content\/uploads\/2018\/05\/customer-cases_apm-quetzal.jpg\" srcset=\"\" data-progressive=\"https:\/\/tmeicports.com\/wp-content\/uploads\/2018\/05\/customer-cases_apm-quetzal.jpg\" \/><\/figure>\t\t\t\t\t\t\t\t\t<\/div>\r\n\r\n\t\t\t\t<div class=\"portfolio-content\">\r\n\t\t\t\t\t\r\n\t\t\t\t\t\r\n\t\t\t\t\t\r\n\t\t\t\t\t\t\t\t\t\t\t\t\t\t\t\t\t\t\t\t\t\t\t\t\t\t\t\t\t\t\t\t\t\t\t\t\t\t\t\t\t\t\t\r\n\t\t\t\t\t\t\t\t\t\t\t<div class=\"title-wrapper\">\t\t\t\t\t\t\t<h2><a href=\"https:\/\/tmeicports.com\/es\/projects\/apm-terminals-quetzal\/\" rel=\"bookmark\">APM Terminals Quetzal<\/a><\/h2>\t\t\t\t\t\t\t\t\t\t\t\t\t<\/div>\t\t\t\t\t\r\n\t\t\t\t\t\r\n\t\t\t\t\t\t    <div class=\"portfolio-summary\">\n\t        <p><p>Automatizaci\u00f3n de 5 carriles de acceso: entrada, salida, carril de pesaje y carril shuttle.<\/p>\n<\/p>\n\t    <\/div>\n\t\r\n\t\t\t\t\t\t\t\t\t\t\t\t\t\t\t\t\t\t\t\t\t\t\t\t\t\t\t\t\t\t\t\t\t\t\t\t\t\t\t\t\t\t\t\t\t\t\t\t\t\t\t\t\t\t\t\r\n\t\t\t\t\t\t\t\t\t\t\t<a class=\"portfolio-overlay-link\" href=\"https:\/\/tmeicports.com\/es\/projects\/apm-terminals-quetzal\/\"><\/a>\r\n\t\t\t\t\t\t\t\t\t\t\r\n\t\t\t\t<\/div>\r\n\r\n\t\t\t\t\r\n\t\t\t<\/div>\r\n\t\t<\/div>\r\n\t<\/article>\r\n<\/div>\r\n<div class=\"col-md-4 col-sm-6 col-xs-12 masonry-item home-cases\">\r\n\t<article id=\"post-10018\" class=\"portfolio-item grid masonry hover-color style-hover buttons-naked  text-left text-light no post-10018 rella-portfolio type-rella-portfolio status-publish format-standard has-post-thumbnail hentry rella-portfolio-category-home-cases\">\r\n\t\t<div class=\"inner-wrapper  wpb_animate_when_almost_visible wpb_fadeIn fadeIn\">\r\n\t\t\t<div class=\"portfolio-inner\">\r\n\r\n\t\t\t\t<div class=\"portfolio-main-image\" >\r\n\t\t\t\t\t<figure><img loading=\"lazy\" decoding=\"async\" width=\"1920\" height=\"1080\" src=\"https:\/\/tmeicports.com\/wp-content\/uploads\/2018\/05\/customer-cases_big-data-noatum-30x17.jpg\" class=\"attachment-rella-portfolio-three-col size-rella-portfolio-three-col progressive__img progressive--not-loaded\" alt=\"Noatum Terminal Valencia\" data-rjs=\"https:\/\/tmeicports.com\/wp-content\/uploads\/2018\/05\/customer-cases_big-data-noatum.jpg\" srcset=\"\" data-progressive=\"https:\/\/tmeicports.com\/wp-content\/uploads\/2018\/05\/customer-cases_big-data-noatum.jpg\" \/><\/figure>\t\t\t\t\t\t\t\t\t<\/div>\r\n\r\n\t\t\t\t<div class=\"portfolio-content\">\r\n\t\t\t\t\t\r\n\t\t\t\t\t\r\n\t\t\t\t\t\r\n\t\t\t\t\t\t\t\t\t\t\t\t\t\t\t\t\t\t\t\t\t\t\t\t\t\t\t\t\t\t\t\t\t\t\t\t\t\t\t\t\t\t\t\r\n\t\t\t\t\t\t\t\t\t\t\t<div class=\"title-wrapper\">\t\t\t\t\t\t\t<h2><a href=\"https:\/\/tmeicports.com\/es\/projects\/noatum-terminal-valencia\/\" rel=\"bookmark\">Noatum Terminal Valencia<\/a><\/h2>\t\t\t\t\t\t\t\t\t\t\t\t\t<\/div>\t\t\t\t\t\r\n\t\t\t\t\t\r\n\t\t\t\t\t\t    <div class=\"portfolio-summary\">\n\t        <p><p>Adquisici\u00f3n de Big Data de m\u00e1s de 160 equipos de manejo de contenedores.<\/p>\n<\/p>\n\t    <\/div>\n\t\r\n\t\t\t\t\t\t\t\t\t\t\t\t\t\t\t\t\t\t\t\t\t\t\t\t\t\t\t\t\t\t\t\t\t\t\t\t\t\t\t\t\t\t\t\t\t\t\t\t\t\t\t\t\t\t\t\r\n\t\t\t\t\t\t\t\t\t\t\t<a class=\"portfolio-overlay-link\" href=\"https:\/\/tmeicports.com\/es\/projects\/noatum-terminal-valencia\/\"><\/a>\r\n\t\t\t\t\t\t\t\t\t\t\r\n\t\t\t\t<\/div>\r\n\r\n\t\t\t\t\r\n\t\t\t<\/div>\r\n\t\t<\/div>\r\n\t<\/article>\r\n<\/div>\r\n<div class=\"col-md-4 col-sm-6 col-xs-12 masonry-item home-cases\">\r\n\t<article id=\"post-9742\" class=\"portfolio-item grid masonry hover-color style-hover buttons-naked  text-left text-light no post-9742 rella-portfolio type-rella-portfolio status-publish format-standard has-post-thumbnail hentry rella-portfolio-category-home-cases\">\r\n\t\t<div class=\"inner-wrapper  wpb_animate_when_almost_visible wpb_fadeIn fadeIn\">\r\n\t\t\t<div class=\"portfolio-inner\">\r\n\r\n\t\t\t\t<div class=\"portfolio-main-image\" >\r\n\t\t\t\t\t<figure><img loading=\"lazy\" decoding=\"async\" width=\"1367\" height=\"671\" src=\"https:\/\/tmeicports.com\/wp-content\/uploads\/2018\/04\/customer-cases_tcb-bcn-30x15.jpg\" class=\"attachment-rella-portfolio-three-col size-rella-portfolio-three-col progressive__img progressive--not-loaded\" alt=\"APM Terminals Barcelona\" data-rjs=\"https:\/\/tmeicports.com\/wp-content\/uploads\/2018\/04\/customer-cases_tcb-bcn.jpg\" srcset=\"\" data-progressive=\"https:\/\/tmeicports.com\/wp-content\/uploads\/2018\/04\/customer-cases_tcb-bcn.jpg\" \/><\/figure>\t\t\t\t\t\t\t\t\t<\/div>\r\n\r\n\t\t\t\t<div class=\"portfolio-content\">\r\n\t\t\t\t\t\r\n\t\t\t\t\t\r\n\t\t\t\t\t\r\n\t\t\t\t\t\t\t\t\t\t\t\t\t\t\t\t\t\t\t\t\t\t\t\t\t\t\t\t\t\t\t\t\t\t\t\t\t\t\t\t\t\t\t\r\n\t\t\t\t\t\t\t\t\t\t\t<div class=\"title-wrapper\">\t\t\t\t\t\t\t<h2><a href=\"https:\/\/tmeicports.com\/es\/projects\/apm-terminals-barcelona\/\" rel=\"bookmark\">APM Terminals Barcelona<\/a><\/h2>\t\t\t\t\t\t\t\t\t\t\t\t\t<\/div>\t\t\t\t\t\r\n\t\t\t\t\t\r\n\t\t\t\t\t\t    <div class=\"portfolio-summary\">\n\t        <p><p>Automatizaci\u00f3n de la puerta de entrada y salida de la Terminal de contenedores con 10 carriles.<\/p>\n<\/p>\n\t    <\/div>\n\t\r\n\t\t\t\t\t\t\t\t\t\t\t\t\t\t\t\t\t\t\t\t\t\t\t\t\t\t\t\t\t\t\t\t\t\t\t\t\t\t\t\t\t\t\t\t\t\t\t\t\t\t\t\t\t\t\t\r\n\t\t\t\t\t\t\t\t\t\t\t<a class=\"portfolio-overlay-link\" href=\"https:\/\/tmeicports.com\/es\/projects\/apm-terminals-barcelona\/\"><\/a>\r\n\t\t\t\t\t\t\t\t\t\t\r\n\t\t\t\t<\/div>\r\n\r\n\t\t\t\t\r\n\t\t\t<\/div>\r\n\t\t<\/div>\r\n\t<\/article>\r\n<\/div>\r\n<div class=\"col-md-4 col-sm-6 col-xs-12 masonry-item home-cases\">\r\n\t<article id=\"post-9998\" class=\"portfolio-item grid masonry hover-color style-hover buttons-naked  text-left text-light no post-9998 rella-portfolio type-rella-portfolio status-publish format-standard has-post-thumbnail hentry rella-portfolio-category-home-cases\">\r\n\t\t<div class=\"inner-wrapper  wpb_animate_when_almost_visible wpb_fadeIn fadeIn\">\r\n\t\t\t<div class=\"portfolio-inner\">\r\n\r\n\t\t\t\t<div class=\"portfolio-main-image\" >\r\n\t\t\t\t\t<figure><img loading=\"lazy\" decoding=\"async\" width=\"1920\" height=\"1080\" src=\"https:\/\/tmeicports.com\/wp-content\/uploads\/2018\/05\/customer-cases_boluda-terminal-30x17.jpg\" class=\"attachment-rella-portfolio-three-col size-rella-portfolio-three-col progressive__img progressive--not-loaded\" alt=\"Boluda Terminal Mar\u00edtima de Tenerife\" data-rjs=\"https:\/\/tmeicports.com\/wp-content\/uploads\/2018\/05\/customer-cases_boluda-terminal.jpg\" srcset=\"\" data-progressive=\"https:\/\/tmeicports.com\/wp-content\/uploads\/2018\/05\/customer-cases_boluda-terminal.jpg\" \/><\/figure>\t\t\t\t\t\t\t\t\t<\/div>\r\n\r\n\t\t\t\t<div class=\"portfolio-content\">\r\n\t\t\t\t\t\r\n\t\t\t\t\t\r\n\t\t\t\t\t\r\n\t\t\t\t\t\t\t\t\t\t\t\t\t\t\t\t\t\t\t\t\t\t\t\t\t\t\t\t\t\t\t\t\t\t\t\t\t\t\t\t\t\t\t\r\n\t\t\t\t\t\t\t\t\t\t\t<div class=\"title-wrapper\">\t\t\t\t\t\t\t<h2><a href=\"https:\/\/tmeicports.com\/es\/projects\/boluda-terminal-maritima-de-tenerife\/\" rel=\"bookmark\">Boluda Terminal Mar\u00edtima de Tenerife<\/a><\/h2>\t\t\t\t\t\t\t\t\t\t\t\t\t<\/div>\t\t\t\t\t\r\n\t\t\t\t\t\r\n\t\t\t\t\t\t    <div class=\"portfolio-summary\">\n\t        <p><p>Automatizaci\u00f3n de 4 carriles de acceso a la terminal: entrada, salida y carril de pesaje.<\/p>\n<\/p>\n\t    <\/div>\n\t\r\n\t\t\t\t\t\t\t\t\t\t\t\t\t\t\t\t\t\t\t\t\t\t\t\t\t\t\t\t\t\t\t\t\t\t\t\t\t\t\t\t\t\t\t\t\t\t\t\t\t\t\t\t\t\t\t\r\n\t\t\t\t\t\t\t\t\t\t\t<a class=\"portfolio-overlay-link\" href=\"https:\/\/tmeicports.com\/es\/projects\/boluda-terminal-maritima-de-tenerife\/\"><\/a>\r\n\t\t\t\t\t\t\t\t\t\t\r\n\t\t\t\t<\/div>\r\n\r\n\t\t\t\t\r\n\t\t\t<\/div>\r\n\t\t<\/div>\r\n\t<\/article>\r\n<\/div>\r\n<div class=\"col-md-4 col-sm-6 col-xs-12 masonry-item home-cases\">\r\n\t<article id=\"post-9340\" class=\"portfolio-item grid masonry hover-color style-hover buttons-naked  text-left text-light no post-9340 rella-portfolio type-rella-portfolio status-publish format-standard has-post-thumbnail hentry rella-portfolio-category-home-cases\">\r\n\t\t<div class=\"inner-wrapper  wpb_animate_when_almost_visible wpb_fadeIn fadeIn\">\r\n\t\t\t<div class=\"portfolio-inner\">\r\n\r\n\t\t\t\t<div class=\"portfolio-main-image\" >\r\n\t\t\t\t\t<figure><img loading=\"lazy\" decoding=\"async\" width=\"945\" height=\"671\" src=\"https:\/\/tmeicports.com\/wp-content\/uploads\/2018\/04\/apm-terminals-valencia-3-30x21.jpg\" class=\"attachment-rella-portfolio-three-col size-rella-portfolio-three-col progressive__img progressive--not-loaded\" alt=\"APM Terminals Valencia\" data-rjs=\"https:\/\/tmeicports.com\/wp-content\/uploads\/2018\/04\/apm-terminals-valencia-3.jpg\" srcset=\"\" data-progressive=\"https:\/\/tmeicports.com\/wp-content\/uploads\/2018\/04\/apm-terminals-valencia-3.jpg\" \/><\/figure>\t\t\t\t\t\t\t\t\t<\/div>\r\n\r\n\t\t\t\t<div class=\"portfolio-content\">\r\n\t\t\t\t\t\r\n\t\t\t\t\t\r\n\t\t\t\t\t\r\n\t\t\t\t\t\t\t\t\t\t\t\t\t\t\t\t\t\t\t\t\t\t\t\t\t\t\t\t\t\t\t\t\t\t\t\t\t\t\t\t\t\t\t\r\n\t\t\t\t\t\t\t\t\t\t\t<div class=\"title-wrapper\">\t\t\t\t\t\t\t<h2><a href=\"https:\/\/tmeicports.com\/es\/projects\/apm-terminals-valencia\/\" rel=\"bookmark\">APM Terminals Valencia<\/a><\/h2>\t\t\t\t\t\t\t\t\t\t\t\t\t<\/div>\t\t\t\t\t\r\n\t\t\t\t\t\r\n\t\t\t\t\t\t    <div class=\"portfolio-summary\">\n\t        <p><p>Automatizaci\u00f3n de la puerta de entrada y salida de la Terminal de contenedores con 8 carriles.<\/p>\n<\/p>\n\t    <\/div>\n\t\r\n\t\t\t\t\t\t\t\t\t\t\t\t\t\t\t\t\t\t\t\t\t\t\t\t\t\t\t\t\t\t\t\t\t\t\t\t\t\t\t\t\t\t\t\t\t\t\t\t\t\t\t\t\t\t\t\r\n\t\t\t\t\t\t\t\t\t\t\t<a class=\"portfolio-overlay-link\" href=\"https:\/\/tmeicports.com\/es\/projects\/apm-terminals-valencia\/\"><\/a>\r\n\t\t\t\t\t\t\t\t\t\t\r\n\t\t\t\t<\/div>\r\n\r\n\t\t\t\t\r\n\t\t\t<\/div>\r\n\t\t<\/div>\r\n\t<\/article>\r\n<\/div>\r\n<div class=\"col-md-4 col-sm-6 col-xs-12 masonry-item \">\r\n\t<article id=\"post-9715\" class=\"portfolio-item grid masonry hover-color style-hover buttons-naked  text-left text-light no post-9715 rella-portfolio type-rella-portfolio status-publish format-standard has-post-thumbnail hentry\">\r\n\t\t<div class=\"inner-wrapper  wpb_animate_when_almost_visible wpb_fadeIn fadeIn\">\r\n\t\t\t<div class=\"portfolio-inner\">\r\n\r\n\t\t\t\t<div class=\"portfolio-main-image\" >\r\n\t\t\t\t\t<figure><img loading=\"lazy\" decoding=\"async\" width=\"650\" height=\"671\" src=\"https:\/\/tmeicports.com\/wp-content\/uploads\/2018\/04\/grimaldi-terminal-valencia-2-29x30.jpg\" class=\"attachment-rella-portfolio-three-col size-rella-portfolio-three-col progressive__img progressive--not-loaded\" alt=\"Terminal de Grimaldi en Barcelona\" data-rjs=\"https:\/\/tmeicports.com\/wp-content\/uploads\/2018\/04\/grimaldi-terminal-valencia-2.jpg\" srcset=\"\" data-progressive=\"https:\/\/tmeicports.com\/wp-content\/uploads\/2018\/04\/grimaldi-terminal-valencia-2.jpg\" \/><\/figure>\t\t\t\t\t\t\t\t\t<\/div>\r\n\r\n\t\t\t\t<div class=\"portfolio-content\">\r\n\t\t\t\t\t\r\n\t\t\t\t\t\r\n\t\t\t\t\t\r\n\t\t\t\t\t\t\t\t\t\t\t\t\t\t\t\t\t\t\t\t\t\t\t\t\t\t\t\t\t\t\t\t\t\t\t\t\t\t\t\t\t\t\t\r\n\t\t\t\t\t\t\t\t\t\t\t<div class=\"title-wrapper\">\t\t\t\t\t\t\t<h2><a href=\"https:\/\/tmeicports.com\/es\/projects\/terminal-de-grimaldi-en-barcelona\/\" rel=\"bookmark\">Terminal de Grimaldi en Barcelona<\/a><\/h2>\t\t\t\t\t\t\t\t\t\t\t\t\t<\/div>\t\t\t\t\t\r\n\t\t\t\t\t\r\n\t\t\t\t\t\t    <div class=\"portfolio-summary\">\n\t        <p><p>Automatizaci\u00f3n dela puerta de entrada y salida de la Terminal de contenedores de 5 carriles.<\/p>\n<\/p>\n\t    <\/div>\n\t\r\n\t\t\t\t\t\t\t\t\t\t\t\t\t\t\t\t\t\t\t\t\t\t\t\t\t\t\t\t\t\t\t\t\t\t\t\t\t\t\t\t\t\t\t\t\t\t\t\t\t\t\t\t\t\t\t\r\n\t\t\t\t\t\t\t\t\t\t\t<a class=\"portfolio-overlay-link\" href=\"https:\/\/tmeicports.com\/es\/projects\/terminal-de-grimaldi-en-barcelona\/\"><\/a>\r\n\t\t\t\t\t\t\t\t\t\t\r\n\t\t\t\t<\/div>\r\n\r\n\t\t\t\t\r\n\t\t\t<\/div>\r\n\t\t<\/div>\r\n\t<\/article>\r\n<\/div>\r\n<div class=\"col-md-4 col-sm-6 col-xs-12 masonry-item \">\r\n\t<article id=\"post-9736\" class=\"portfolio-item grid masonry hover-color style-hover buttons-naked  text-left text-light no post-9736 rella-portfolio type-rella-portfolio status-publish format-standard has-post-thumbnail hentry\">\r\n\t\t<div class=\"inner-wrapper  wpb_animate_when_almost_visible wpb_fadeIn fadeIn\">\r\n\t\t\t<div class=\"portfolio-inner\">\r\n\r\n\t\t\t\t<div class=\"portfolio-main-image\" >\r\n\t\t\t\t\t<figure><img loading=\"lazy\" decoding=\"async\" width=\"516\" height=\"671\" src=\"https:\/\/tmeicports.com\/wp-content\/uploads\/2018\/04\/msc-valencia-2-23x30.jpg\" class=\"attachment-rella-portfolio-three-col size-rella-portfolio-three-col progressive__img progressive--not-loaded\" alt=\"MSC Valencia\" data-rjs=\"https:\/\/tmeicports.com\/wp-content\/uploads\/2018\/04\/msc-valencia-2.jpg\" srcset=\"\" data-progressive=\"https:\/\/tmeicports.com\/wp-content\/uploads\/2018\/04\/msc-valencia-2.jpg\" \/><\/figure>\t\t\t\t\t\t\t\t\t<\/div>\r\n\r\n\t\t\t\t<div class=\"portfolio-content\">\r\n\t\t\t\t\t\r\n\t\t\t\t\t\r\n\t\t\t\t\t\r\n\t\t\t\t\t\t\t\t\t\t\t\t\t\t\t\t\t\t\t\t\t\t\t\t\t\t\t\t\t\t\t\t\t\t\t\t\t\t\t\t\t\t\t\r\n\t\t\t\t\t\t\t\t\t\t\t<div class=\"title-wrapper\">\t\t\t\t\t\t\t<h2><a href=\"https:\/\/tmeicports.com\/es\/projects\/msc-valencia\/\" rel=\"bookmark\">MSC Valencia<\/a><\/h2>\t\t\t\t\t\t\t\t\t\t\t\t\t<\/div>\t\t\t\t\t\r\n\t\t\t\t\t\r\n\t\t\t\t\t\t    <div class=\"portfolio-summary\">\n\t        <p><p>Dise\u00f1o e instalaci\u00f3n de un sistema de gesti\u00f3n energ\u00e9tica de la Terminal.<\/p>\n<\/p>\n\t    <\/div>\n\t\r\n\t\t\t\t\t\t\t\t\t\t\t\t\t\t\t\t\t\t\t\t\t\t\t\t\t\t\t\t\t\t\t\t\t\t\t\t\t\t\t\t\t\t\t\t\t\t\t\t\t\t\t\t\t\t\t\r\n\t\t\t\t\t\t\t\t\t\t\t<a class=\"portfolio-overlay-link\" href=\"https:\/\/tmeicports.com\/es\/projects\/msc-valencia\/\"><\/a>\r\n\t\t\t\t\t\t\t\t\t\t\r\n\t\t\t\t<\/div>\r\n\r\n\t\t\t\t\r\n\t\t\t<\/div>\r\n\t\t<\/div>\r\n\t<\/article>\r\n<\/div>\r\n<div class=\"col-md-4 col-sm-6 col-xs-12 masonry-item \">\r\n\t<article id=\"post-9739\" class=\"portfolio-item grid masonry hover-color style-hover buttons-naked  text-left text-light no post-9739 rella-portfolio type-rella-portfolio status-publish format-standard has-post-thumbnail hentry\">\r\n\t\t<div class=\"inner-wrapper  wpb_animate_when_almost_visible wpb_fadeIn fadeIn\">\r\n\t\t\t<div class=\"portfolio-inner\">\r\n\r\n\t\t\t\t<div class=\"portfolio-main-image\" >\r\n\t\t\t\t\t<figure><img loading=\"lazy\" decoding=\"async\" width=\"1367\" height=\"671\" src=\"https:\/\/tmeicports.com\/wp-content\/uploads\/2018\/04\/customer-cases_port-authority-valencia-30x15.jpg\" class=\"attachment-rella-portfolio-three-col size-rella-portfolio-three-col progressive__img progressive--not-loaded\" alt=\"Autoridad Portuaria de Valencia\" data-rjs=\"https:\/\/tmeicports.com\/wp-content\/uploads\/2018\/04\/customer-cases_port-authority-valencia.jpg\" srcset=\"\" data-progressive=\"https:\/\/tmeicports.com\/wp-content\/uploads\/2018\/04\/customer-cases_port-authority-valencia.jpg\" \/><\/figure>\t\t\t\t\t\t\t\t\t<\/div>\r\n\r\n\t\t\t\t<div class=\"portfolio-content\">\r\n\t\t\t\t\t\r\n\t\t\t\t\t\r\n\t\t\t\t\t\r\n\t\t\t\t\t\t\t\t\t\t\t\t\t\t\t\t\t\t\t\t\t\t\t\t\t\t\t\t\t\t\t\t\t\t\t\t\t\t\t\t\t\t\t\r\n\t\t\t\t\t\t\t\t\t\t\t<div class=\"title-wrapper\">\t\t\t\t\t\t\t<h2><a href=\"https:\/\/tmeicports.com\/es\/projects\/autoridad-del-puerto-de-valencia\/\" rel=\"bookmark\">Autoridad Portuaria de Valencia<\/a><\/h2>\t\t\t\t\t\t\t\t\t\t\t\t\t<\/div>\t\t\t\t\t\r\n\t\t\t\t\t\r\n\t\t\t\t\t\t    <div class=\"portfolio-summary\">\n\t        <p><p>Automatizaci\u00f3n de accesos en el Puerto de Valencia con Integraci\u00f3n de Aduana y Megaports.<\/p>\n<\/p>\n\t    <\/div>\n\t\r\n\t\t\t\t\t\t\t\t\t\t\t\t\t\t\t\t\t\t\t\t\t\t\t\t\t\t\t\t\t\t\t\t\t\t\t\t\t\t\t\t\t\t\t\t\t\t\t\t\t\t\t\t\t\t\t\r\n\t\t\t\t\t\t\t\t\t\t\t<a class=\"portfolio-overlay-link\" href=\"https:\/\/tmeicports.com\/es\/projects\/autoridad-del-puerto-de-valencia\/\"><\/a>\r\n\t\t\t\t\t\t\t\t\t\t\r\n\t\t\t\t<\/div>\r\n\r\n\t\t\t\t\r\n\t\t\t<\/div>\r\n\t\t<\/div>\r\n\t<\/article>\r\n<\/div>\r\n<\/div><!-- \/#grid-69e64096d3a52 --><\/div>[\/vc_column][\/vc_row]<\/p>\n","protected":false},"excerpt":{"rendered":"<p>[vc_row full_width=\u00bbstretch_row_content\u00bb css=\u00bb.vc_custom_1526458906024{padding-top: 20px !important;}\u00bb][vc_column][vc_empty_space height=\u00bb100px\u00bb][\/vc_column][\/vc_row]<\/p>\n","protected":false},"author":1,"featured_media":0,"parent":0,"menu_order":0,"comment_status":"closed","ping_status":"closed","template":"","meta":{"footnotes":""},"_links":{"self":[{"href":"https:\/\/tmeicports.com\/es\/wp-json\/wp\/v2\/pages\/9744"}],"collection":[{"href":"https:\/\/tmeicports.com\/es\/wp-json\/wp\/v2\/pages"}],"about":[{"href":"https:\/\/tmeicports.com\/es\/wp-json\/wp\/v2\/types\/page"}],"author":[{"embeddable":true,"href":"https:\/\/tmeicports.com\/es\/wp-json\/wp\/v2\/users\/1"}],"replies":[{"embeddable":true,"href":"https:\/\/tmeicports.com\/es\/wp-json\/wp\/v2\/comments?post=9744"}],"version-history":[{"count":12,"href":"https:\/\/tmeicports.com\/es\/wp-json\/wp\/v2\/pages\/9744\/revisions"}],"predecessor-version":[{"id":10364,"href":"https:\/\/tmeicports.com\/es\/wp-json\/wp\/v2\/pages\/9744\/revisions\/10364"}],"wp:attachment":[{"href":"https:\/\/tmeicports.com\/es\/wp-json\/wp\/v2\/media?parent=9744"}],"curies":[{"name":"wp","href":"https:\/\/api.w.org\/{rel}","templated":true}]}}