{"id":9767,"date":"2018-05-21T13:24:08","date_gmt":"2018-05-21T13:24:08","guid":{"rendered":"http:\/\/orbitaports.com\/?page_id=9767"},"modified":"2024-08-08T11:21:22","modified_gmt":"2024-08-08T11:21:22","slug":"nosotros","status":"publish","type":"page","link":"https:\/\/tmeicports.com\/es\/nosotros\/","title":{"rendered":"Nosotros"},"content":{"rendered":"<p>[vc_row full_width=\u00bbstretch_row_content_no_spaces\u00bb full_height=\u00bbyes\u00bb overlay_bg=\u00bbyes\u00bb css=\u00bb.vc_custom_1723116045351{margin-bottom: 50px !important;background-image: url(https:\/\/tmeicports.com\/wp-content\/uploads\/2018\/04\/about-orbita.jpg?id=9687) !important;background-position: center !important;background-repeat: no-repeat !important;background-size: cover !important;}\u00bb overlay_color=\u00bbrgba(10,10,10,0.21)\u00bb][vc_column][vc_empty_space height=\u00bb150px\u00bb][vc_custom_heading text=\u00bbTMEIC PORT TECHNOLOGIES\u00bb font_container=\u00bbtag:h1|font_size:60px|text_align:center|color:%23ffffff|line_height:60px\u00bb use_theme_fonts=\u00bbyes\u00bb][vc_custom_heading text=\u00bbThe Terminal Automation Company\u00bb font_container=\u00bbtag:h4|text_align:center|color:%23ffffff\u00bb use_theme_fonts=\u00bbyes\u00bb][vc_empty_space height=\u00bb150px\u00bb][\/vc_column][\/vc_row][vc_row css=\u00bb.vc_custom_1496091162569{margin-bottom: 75px !important;}\u00bb][vc_column width=\u00bb1\/3&#8243;][vc_column_text]<\/p>\n<h3 style=\"text-align: left;\">QUI\u00c9NES SOMOS<\/h3>\n<p>[\/vc_column_text][\/vc_column][vc_column width=\u00bb2\/3&#8243;][vc_column_text]<\/p>\n<h6><span style=\"color: #999999;\"> TMEIC Port Technologies es una Empresa especializada en el dise\u00f1o de soluciones de ingenier\u00eda y sistemas de automatizaci\u00f3n para Puertos y Terminales Mar\u00edtimas. Tenemos m\u00e1s de 20 a\u00f1os en el sector y ofrecemos<\/span><span style=\"color: #999999;\">\u00a0servicios de automatizaci\u00f3n e ingenier\u00eda destinados a mejorar los procesos de nuestros clientes.<\/span><\/h6>\n<p>[\/vc_column_text][\/vc_column][\/vc_row][vc_row full_width=\u00bbstretch_row_content_no_spaces\u00bb equal_height=\u00bbyes\u00bb css=\u00bb.vc_custom_1496145014010{margin-bottom: 50px !important;}\u00bb][vc_column][vc_single_image image=\u00bb10268&#8243; img_size=\u00bbfull\u00bb alignment=\u00bbcenter\u00bb][\/vc_column][\/vc_row][vc_row css=\u00bb.vc_custom_1496144986071{margin-bottom: 70px !important;}\u00bb][vc_column width=\u00bb2\/3&#8243;][vc_column_text]<\/p>\n<h4 class=\"since\" style=\"text-align: left;\"><strong>TMEIC Port Technologies trabaja en el sector de los puertos y terminales mar\u00edtimas, aportando sus conocimientos t\u00e9cnicos y especializaci\u00f3n a sus clientes y colaborando con ellos.<\/strong><\/h4>\n<h4 class=\"since\" style=\"text-align: left;\"><strong>\u00a0Somos una referencia de confianza en el dise\u00f1o y puesta en servicio de soluciones de ingenier\u00eda de automatizaci\u00f3n para sus clientes.<\/strong><\/h4>\n<h4 class=\"since\" style=\"text-align: left;\"><strong>Nuestra cartera de soluciones est\u00e1ndar ofrece una gama completa de recursos para automatizar los procesos en las puertas, en el muelle y en el dep\u00f3sito de contenedores de las Terminales Mar\u00edtimas.<\/strong><\/h4>\n<p>La gama modular de productos de TMEIC ayuda a los clientes a alcanzar un nuevo nivel de eficiencia empresarial, automatizando el seguimiento y trazabilidad de los contenedores y camiones en los principales puntos de la Terminal: puertas, gr\u00faas STS o equipos de manipulaci\u00f3n de contenedores en el dep\u00f3sito. Esto supone una enorme mejora en el rendimiento de las puertas y gr\u00faas y permite una r\u00e1pida rentabilidad de la inversi\u00f3n.<\/p>\n<p>Las soluciones de ingenier\u00eda de TMEIC se sit\u00faan a la vanguardia del sector de la automatizaci\u00f3n y van desde la tecnolog\u00eda de visi\u00f3n artificial hasta la lectura l\u00e1ser, obtenci\u00f3n de im\u00e1genes en 3D y uso intensivo de programaci\u00f3n de PLC y t\u00e9cnicas de control.<\/p>\n<p>Estamos dispuestos a transmitir nuestros valores como una empresa de dise\u00f1o flexible, orientada al servicio, en la cual el cliente se sit\u00faa en primer lugar, el proceso es importante y, finalmente, se adapta el producto.[\/vc_column_text]<style>.ra_button_69e62aae3c6c4{color:rgba(0,0,0,0.7);border-color:rgba(2,2,2,0.7) !important;}.ra_button_69e62aae3c6c4.btn-underlined:after,.ra_button_69e62aae3c6c4.btn-underlined:before{border-color:rgba(2,2,2,0.7);}.ra_button_69e62aae3c6c4:focus,.ra_button_69e62aae3c6c4:hover{color:#000000 !important;border-color:#020202 !important;}.ra_button_69e62aae3c6c4.btn-underlined:after{border-color:#020202;}<\/style><a href=\"https:\/\/tmeicports.com\/es\/proyectos\/\" class=\"btn btn-underlined border-thin ra_button_69e62aae3c6c4\" >\n\t\t\t\t<span>\n\tNuestros proyectos\t<\/span>\n<\/a>\n[\/vc_column][vc_column width=\u00bb1\/3&#8243;][vc_single_image image=\u00bb9707&#8243; img_size=\u00bbfull\u00bb][\/vc_column][\/vc_row][vc_row full_width=\u00bbstretch_row\u00bb parallax=\u00bbcontent-moving\u00bb css=\u00bb.vc_custom_1525096110357{margin-bottom: 120px !important;border-right-width: 25px !important;border-left-width: 25px !important;padding-top: 150px !important;padding-bottom: 150px !important;background-image: url(https:\/\/orbitaports.com\/wp-content\/uploads\/2018\/04\/about-orbita-4.jpg?id=8399) !important;background-position: center;background-repeat: no-repeat !important;background-size: cover !important;border-left-color: #ffffff !important;border-left-style: solid !important;border-right-color: #ffffff !important;border-right-style: solid !important;}\u00bb][vc_column parallax=\u00bbyes\u00bb parallax_preset=\u00bbcustom\u00bb parallax_trigger=\u00bbonCenter\u00bb parallax_from=\u00bb\u00aby\u00ab: 0 ,\u00abopacity\u00ab: 1&#8243; parallax_to=\u00bb\u00aby\u00ab: -50 ,\u00abopacity\u00ab: 0&#8243; parallax_duration=\u00bb50%\u00bb parallax_offset=\u00bb150&#8243;]<style>.ra_section_title_69e62aae3ce09 h2{color:#ffffff;border-bottom-color:#ffffff;}<\/style><header class=\"section-title section-title-default section-title-resolve align-center ra_section_title_69e62aae3ce09 vc_custom_1527503594539\" >\n\t<h2 class=\"title\">Da el paso, y \u00fanete a nuestro equipo.<\/h2><style>.ra_button_69e62aae3dbcd{color:rgba(255,255,255,0.7);border-color:rgba(255,255,255,0.69) !important;}.ra_button_69e62aae3dbcd.btn-underlined:after,.ra_button_69e62aae3dbcd.btn-underlined:before{border-color:rgba(255,255,255,0.69);}.ra_button_69e62aae3dbcd:focus,.ra_button_69e62aae3dbcd:hover{color:#ffffff !important;border-color:#ffffff !important;}.ra_button_69e62aae3dbcd.btn-underlined:after{border-color:#ffffff;}<\/style><a href=\"https:\/\/orbitaports.com\/es\/empleo\/\" class=\"btn btn-underlined border-thin text-uppercase ra_button_69e62aae3dbcd\" >\n\t\t\t\t<span>\n\tTrabaja con nosotros\t<\/span>\n<\/a>\n<\/header>[\/vc_column][\/vc_row]<\/p>\n","protected":false},"excerpt":{"rendered":"<p>[vc_row full_width=\u00bbstretch_row_content_no_spaces\u00bb full_height=\u00bbyes\u00bb overlay_bg=\u00bbyes\u00bb css=\u00bb.vc_custom_1723116045351{margin-bottom: 50px !important;background-image: url(https:\/\/tmeicports.com\/wp-content\/uploads\/2018\/04\/about-orbita.jpg?id=9687) !important;background-position: center !important;background-repeat: no-repeat !important;background-size: cover !important;}\u00bb overlay_color=\u00bbrgba(10,10,10,0.21)\u00bb][vc_column][vc_empty_space height=\u00bb150px\u00bb][vc_custom_heading text=\u00bbTMEIC PORT TECHNOLOGIES\u00bb font_container=\u00bbtag:h1|font_size:60px|text_align:center|color:%23ffffff|line_height:60px\u00bb use_theme_fonts=\u00bbyes\u00bb][vc_custom_heading text=\u00bbThe Terminal Automation Company\u00bb font_container=\u00bbtag:h4|text_align:center|color:%23ffffff\u00bb use_theme_fonts=\u00bbyes\u00bb][vc_empty_space height=\u00bb150px\u00bb][\/vc_column][\/vc_row][vc_row css=\u00bb.vc_custom_1496091162569{margin-bottom: 75px !important;}\u00bb][vc_column width=\u00bb1\/3&#8243;][vc_column_text] QUI\u00c9NES SOMOS [\/vc_column_text][\/vc_column][vc_column width=\u00bb2\/3&#8243;][vc_column_text] TMEIC Port Technologies es una Empresa especializada en el dise\u00f1o de soluciones de ingenier\u00eda y sistemas de automatizaci\u00f3n [&#8230;]<\/p>\n","protected":false},"author":1,"featured_media":0,"parent":0,"menu_order":0,"comment_status":"closed","ping_status":"closed","template":"","meta":{"footnotes":""},"_links":{"self":[{"href":"https:\/\/tmeicports.com\/es\/wp-json\/wp\/v2\/pages\/9767"}],"collection":[{"href":"https:\/\/tmeicports.com\/es\/wp-json\/wp\/v2\/pages"}],"about":[{"href":"https:\/\/tmeicports.com\/es\/wp-json\/wp\/v2\/types\/page"}],"author":[{"embeddable":true,"href":"https:\/\/tmeicports.com\/es\/wp-json\/wp\/v2\/users\/1"}],"replies":[{"embeddable":true,"href":"https:\/\/tmeicports.com\/es\/wp-json\/wp\/v2\/comments?post=9767"}],"version-history":[{"count":24,"href":"https:\/\/tmeicports.com\/es\/wp-json\/wp\/v2\/pages\/9767\/revisions"}],"predecessor-version":[{"id":11615,"href":"https:\/\/tmeicports.com\/es\/wp-json\/wp\/v2\/pages\/9767\/revisions\/11615"}],"wp:attachment":[{"href":"https:\/\/tmeicports.com\/es\/wp-json\/wp\/v2\/media?parent=9767"}],"curies":[{"name":"wp","href":"https:\/\/api.w.org\/{rel}","templated":true}]}}