{"id":9774,"date":"2018-05-21T13:35:55","date_gmt":"2018-05-21T13:35:55","guid":{"rendered":"http:\/\/orbitaports.com\/?page_id=9774"},"modified":"2024-07-24T10:11:53","modified_gmt":"2024-07-24T10:11:53","slug":"contacto","status":"publish","type":"page","link":"https:\/\/tmeicports.com\/es\/contacto\/","title":{"rendered":"Contacto"},"content":{"rendered":"<p>[vc_row css=\u00bb.vc_custom_1492105454926{margin-bottom: 80px !important;}\u00bb][vc_column][vc_custom_heading text=\u00bbCont\u00e1ctanos\u00bb font_container=\u00bbtag:h1|font_size:60px|text_align:center|color:%23000000|line_height:1.667em\u00bb use_theme_fonts=\u00bbyes\u00bb css=\u00bb.vc_custom_1528280500888{margin-top: 0px !important;margin-bottom: 0px !important;}\u00bb][vc_row_inner][vc_column_inner align=\u00bbtext-center\u00bb css=\u00bb.vc_custom_1495797111684{margin-bottom: 70px !important;}\u00bb offset=\u00bbvc_col-md-offset-2 vc_col-md-8&#8243;][vc_column_text]<\/p>\n<h4><span style=\"color: #9d9d9d;\">Ll\u00e1manos al<a class=\"bar-fill-hover\" href=\"#\" target=\"\" rel=\"noopener\"><span style=\"color: #000000;\"> +34 961 117 483<\/span><\/a>, escr\u00edbenos a <span style=\"color: #000000;\"> <a class=\"bar-fill-hover\" style=\"color: #000000;\" target=\"\" rel=\"noopener\">info@tmeicports.com<\/a><\/span>,<\/span><br \/>\n<span style=\"color: #9d9d9d;\">encu\u00e9ntranos en <a class=\"bar-fill-hover\" href=\"#\" target=\"\" rel=\"noopener\"><span style=\"color: #000000;\">Av. Cortes Valencianas 15, 15 46015 Valencia. Espa\u00f1a<\/span><\/a><\/span><\/h4>\n<p>[\/vc_column_text][\/vc_column_inner][\/vc_row_inner][vc_row_inner][vc_column_inner width=\u00bb1\/3&#8243;]<style>.ra_content_box_69e617e7144ea h3{color: !important;font-size: !important;}.ra_content_box_69e617e7144ea .content-box-content p{color: !important;font-size: !important;}<\/style><div id=\"ra_content_box_69e617e7144ea\" class=\"content-box content-box-bordered ra_content_box_69e617e7144ea\">\n\n\t\t\n\t<div class=\"content-box-content\">\n\t\t<h3>Oficinas centrales<\/h3>\t\t\n\t\t\t\t<p>Para cualquier consulta<\/p>\n<h4><span class=\"bar-fill-hover\">+34 961 117 483<\/span><\/h4>\n\t\t\t\t\n\t<\/div>\n\n<\/div>[\/vc_column_inner][vc_column_inner width=\u00bb1\/3&#8243;]<style>.ra_content_box_69e617e714861 h3{color: !important;font-size: !important;}.ra_content_box_69e617e714861 .content-box-content p{color: !important;font-size: !important;}<\/style><div id=\"ra_content_box_69e617e714861\" class=\"content-box content-box-bordered ra_content_box_69e617e714861\">\n\n\t\t\n\t<div class=\"content-box-content\">\n\t\t<h3>Prensa<\/h3>\t\t\n\t\t\t\t<p>\u00bfQuieres escribirnos?<\/p>\n<h4><a class=\"bar-fill-hover\">marketing@tmeicports.com<\/a><\/h4>\n\t\t\t\t\n\t<\/div>\n\n<\/div>[\/vc_column_inner][vc_column_inner width=\u00bb1\/3&#8243;]<style>.ra_content_box_69e617e7149dd h3{color: !important;font-size: !important;}.ra_content_box_69e617e7149dd .content-box-content p{color: !important;font-size: !important;}<\/style><div id=\"ra_content_box_69e617e7149dd\" class=\"content-box content-box-bordered ra_content_box_69e617e7149dd\">\n\n\t\t\n\t<div class=\"content-box-content\">\n\t\t<h3>Empleo<\/h3>\t\t\n\t\t\t\t<p>\u00bfQuieres trabajar con nosotros?<\/p>\n<h4><a class=\"bar-fill-hover\">hr@tmeicports.com<\/a><\/h4>\n\t\t\t\t\n\t<\/div>\n\n<\/div>[\/vc_column_inner][\/vc_row_inner][\/vc_column][\/vc_row][vc_row][vc_column]<div class=\"tabs tabs-broad-border broad-border-alt center-list reset-nav-tab-styles ra_tabs_69e617e72022c\">\n\t<ul class=\"nav nav-tabs\" role=\"tablist\"><li role=\"presentation\" class=\"active\" ><a href=\"#1525362594054-eca6bac3-3227\" aria-expanded=\"false\" aria-controls=\"1525362594054-eca6bac3-3227\" role=\"tab\" data-toggle=\"tab\">Valencia<\/a><\/li><\/ul>\t<div class=\"tab-content\"><div id=\"1525362594054-eca6bac3-3227\" role=\"tabpanel\" class=\"tab-pane fade active in\"><p>[vc_row_inner equal_height=\u00bbyes\u00bb][vc_column_inner width=\u00bb1\/2&#8243; css=\u00bb.vc_custom_1721815898338{padding-top: 20px !important;padding-right: 13% !important;padding-bottom: 20px !important;padding-left: 13% !important;background-color: #f22000 !important;background-position: center !important;background-repeat: no-repeat !important;background-size: cover !important;}\u00bb][vc_custom_heading text=\u00bbOficinas Valencia\u00bb font_container=\u00bbtag:h4|text_align:left|color:%23ffffff\u00bb use_theme_fonts=\u00bbyes\u00bb el_class=\u00bbmb-30&#8243;]<style>.ra_icon_box_69e617e714f2a .icon-container{color:rgba(255,255,255,0.55);}.ra_icon_box_69e617e714f2a h3{color:rgba(255,255,255,0.55);}.ra_icon_box_69e617e714f2a .contents p{color:#ffffff;}<\/style>\n<div class=\"icon-box icon-box-ci icon-box-xsm icon-box-inline ra_icon_box_69e617e714f2a\"  id=\"ra_icon_box_69e617e714f2a\">\n\n\t\t<span class=\"icon-container\"><i class=\"fa fa-phone\"><\/i><\/span>\n\t<h3>Tel\u00e9fono<\/h3>\n\t<div class=\"contents\">\n\t\t\t\t\t\t<p>+34 961 117 483<\/p>\n\t\t\t\t\n\t<\/div>\n<\/div>\n<style>.ra_icon_box_69e617e7153b6 .icon-container{color:rgba(255,255,255,0.55);}.ra_icon_box_69e617e7153b6 h3{color:rgba(255,255,255,0.55);}.ra_icon_box_69e617e7153b6 .contents p{color:#ffffff;}<\/style>\n<div class=\"icon-box icon-box-ci icon-box-xsm icon-box-inline ra_icon_box_69e617e7153b6\"  id=\"ra_icon_box_69e617e7153b6\">\n\n\t\t<span class=\"icon-container\"><i class=\"fa fa-envelope-o\"><\/i><\/span>\n\t<h3>Email<\/h3>\n\t<div class=\"contents\">\n\t\t\t\t\t\t<p>info@tmeicports.com<\/p>\n\t\t\t\t\n\t<\/div>\n<\/div>\n<style>.ra_icon_box_69e617e71fc3b .icon-container{color:rgba(255,255,255,0.55);}.ra_icon_box_69e617e71fc3b h3{color:rgba(255,255,255,0.55);}.ra_icon_box_69e617e71fc3b .contents p{color:#ffffff;}<\/style>\n<div class=\"icon-box icon-box-ci icon-box-xsm icon-box-inline ra_icon_box_69e617e71fc3b\"  id=\"ra_icon_box_69e617e71fc3b\">\n\n\t\t<span class=\"icon-container\"><i class=\"fa fa-map-marker\"><\/i><\/span>\n\t<h3>Direcci\u00f3n<\/h3>\n\t<div class=\"contents\">\n\t\t\t\t\t\t<p>Av. Cortes Valencianas, 15<br \/>\n46015 Valencia, Spain<\/p>\n\t\t\t\t\n\t<\/div>\n<\/div>\n<style>.ra_social_icons_69e617e71ff08.social-icon a{color: !important;background-color: !important;}.ra_social_icons_69e617e71ff08.social-icon li{border-color: !important;}.ra_social_icons_69e617e71ff08.social-icon li a:hover{color: !important;}.ra_social_icons_69e617e71ff08.social-icon a:hover{background-color: !important;}<\/style><ul class=\"social-icon scheme-white sm ra_social_icons_69e617e71ff08\" id=ra_social_icons_69e617e71ff08>\n<li><a href=\"https:\/\/twitter.com\/tmeicports\" target=\"_blank\"><i class=\"fa fa-twitter\"><\/i><\/a><\/li><li><a href=\"https:\/\/www.linkedin.com\/company\/9996628\" target=\"_blank\"><i class=\"fa fa-linkedin\"><\/i><\/a><\/li><li><a href=\"https:\/\/www.youtube.com\/user\/OrbitaIngenieria\" target=\"_blank\"><i class=\"fa fa-youtube-play\"><\/i><\/a><\/li><\/ul>\n[vc_empty_space height=\u00bb20px\u00bb][\/vc_column_inner][vc_column_inner width=\u00bb1\/2&#8243;]<div class=\"cd-google-map contents-style2 ra_google_map_69e617e7200cf\" id=\"ra_google_map_69e617e7200cf\" style=\"height: 516px\">\n\n\t<div class=\"google-container\" data-plugin-map=\"true\" data-plugin-options='{\"style\":\"ultraLight\",\"address\":\"Av. Cortes Valencianas, 15 46015 Valencia. Spain\",\"marker\":\"https:\\\/\\\/tmeicports.com\\\/wp-content\\\/plugins\\\/infinite-addons\\\/assets\\\/img\\\/markers\\\/map-pin.svg\",\"markers\":null,\"map\":{\"zoom\":14,\"mapTypeId\":\"roadmap\",\"fullscreenControl\":true},\"marker_option\":\"html\",\"className\":\"map_marker\"}'><\/div>\n\n\t\n<\/div>\n[\/vc_column_inner][\/vc_row_inner]<\/p>\n<\/div><\/div>\t<\/div>\n[\/vc_column][\/vc_row][vc_row disable_element=\u00bbyes\u00bb css=\u00bb.vc_custom_1526314343284{margin-bottom: 70px !important;}\u00bb][vc_column][vc_empty_space height=\u00bb60px\u00bb][vc_row_inner][vc_column_inner width=\u00bb2\/3&#8243; offset=\u00bbvc_col-md-offset-2&#8243;]<header class=\"section-title section-title-default section-title-resolve align-center ra_section_title_69e617e7204fd\" >\n\t<h2 class=\"title\">Let&#039;s Talk<\/h2><p>Colonel gravity get thought fat smiling add but. Fonder hunted and put incom eolor sit amet, consetur set desire expect.<\/p>\n<\/header>[\/vc_column_inner][\/vc_row_inner]<div class=\"contact-form contact-default contact-default-alt3 ra_cf7_69e617e72094a\">\n\t\n<div class=\"wpcf7 no-js\" id=\"wpcf7-f3048-o1\" lang=\"en-US\" dir=\"ltr\">\n<div class=\"screen-reader-response\"><p role=\"status\" aria-live=\"polite\" aria-atomic=\"true\"><\/p> <ul><\/ul><\/div>\n<form action=\"\/es\/wp-json\/wp\/v2\/pages\/9774#wpcf7-f3048-o1\" method=\"post\" class=\"wpcf7-form init\" aria-label=\"Formulario de contacto\" novalidate=\"novalidate\" data-status=\"init\">\n<div style=\"display: none;\">\n<input type=\"hidden\" name=\"_wpcf7\" value=\"3048\" \/>\n<input type=\"hidden\" name=\"_wpcf7_version\" value=\"5.8.4\" \/>\n<input type=\"hidden\" name=\"_wpcf7_locale\" value=\"en_US\" \/>\n<input type=\"hidden\" name=\"_wpcf7_unit_tag\" value=\"wpcf7-f3048-o1\" \/>\n<input type=\"hidden\" name=\"_wpcf7_container_post\" value=\"0\" \/>\n<input type=\"hidden\" name=\"_wpcf7_posted_data_hash\" value=\"\" \/>\n<\/div>\n<div class=\"row\">\n\t<p class=\"col-md-3\"><span class=\"wpcf7-form-control-wrap\" data-name=\"text-824\"><input size=\"40\" class=\"wpcf7-form-control wpcf7-text\" id=\"name2\" aria-invalid=\"false\" value=\"\" type=\"text\" name=\"text-824\" \/><\/span><label for=\"name2\" data-content=\"Name\"><span>Name<\/span><\/label><i class=\"fa fa-user\"><\/i>\n\t<\/p>\n\t<p class=\"col-md-3\"><span class=\"wpcf7-form-control-wrap\" data-name=\"email-501\"><input size=\"40\" class=\"wpcf7-form-control wpcf7-email wpcf7-text wpcf7-validates-as-email\" id=\"email2\" aria-invalid=\"false\" value=\"\" type=\"email\" name=\"email-501\" \/><\/span><label for=\"email2\" data-content=\"Email\"><span>Email<\/span><\/label><i class=\"fa fa-envelope-o\"><\/i>\n\t<\/p>\n\t<p class=\"col-md-3\"><span class=\"wpcf7-form-control-wrap\" data-name=\"text-824\"><input size=\"40\" class=\"wpcf7-form-control wpcf7-text\" id=\"phone2\" aria-invalid=\"false\" value=\"\" type=\"text\" name=\"text-824\" \/><\/span><label for=\"phone2\" data-content=\"Phone\"><span>Phone<\/span><\/label><i class=\"fa fa-phone\"><\/i>\n\t<\/p>\n\t<p class=\"col-md-3\"><span class=\"wpcf7-form-control-wrap\" data-name=\"menu-709\"><select class=\"wpcf7-form-control wpcf7-select select-dropdown\" aria-invalid=\"false\" name=\"menu-709\"><option value=\"Budget\">Budget<\/option><option value=\"Questions\">Questions<\/option><option value=\"The Things\">The Things<\/option><option value=\"The other thing\">The other thing<\/option><\/select><\/span>\n\t<\/p>\n\t<p class=\"col-md-12\"><span class=\"wpcf7-form-control-wrap\" data-name=\"textarea-777\"><textarea cols=\"40\" rows=\"6\" class=\"wpcf7-form-control wpcf7-textarea\" id=\"message2\" aria-invalid=\"false\" name=\"textarea-777\"><\/textarea><\/span><label for=\"message2\" data-content=\"Message\"><span>Message<\/span><\/label><i class=\"fa fa-comment-o\"><\/i>\n\t<\/p>\n\t<p class=\"col-md-12 text-center\"><button class=\"full-width-submit wpcf7-form-control wpcf7-submit\" type=\"submit\">Send Message<\/button>\n\t<\/p>\n<\/div><p style=\"display: none !important;\"><label>&#916;<textarea name=\"_wpcf7_ak_hp_textarea\" cols=\"45\" rows=\"8\" maxlength=\"100\"><\/textarea><\/label><input type=\"hidden\" id=\"ak_js_1\" name=\"_wpcf7_ak_js\" value=\"156\"\/><script>document.getElementById( \"ak_js_1\" ).setAttribute( \"value\", ( new Date() ).getTime() );<\/script><\/p><input type='hidden' class='wpcf7-pum' value='{\"closepopup\":false,\"closedelay\":0,\"openpopup\":false,\"openpopup_id\":0}' \/><div class=\"wpcf7-response-output\" aria-hidden=\"true\"><\/div>\n<\/form>\n<\/div>\n<\/div>[\/vc_column][\/vc_row][vc_row full_width=\u00bbstretch_row\u00bb css=\u00bb.vc_custom_1481101809390{margin-bottom: 70px !important;}\u00bb][vc_column align=\u00bbtext-center\u00bb offset=\u00bbvc_col-md-offset-2 vc_col-md-8&#8243;][vc_empty_space height=\u00bb100px\u00bb][vc_column_text]<\/p>\n<h4><span style=\"color: #9d9d9d;\">S\u00edguenos en\u00a0<span style=\"color: #000000;\"><a class=\"bar-fill-hover\" style=\"color: #000000;\" href=\"https:\/\/x.com\/TmeicPorts\" target=\"_blank\" rel=\"noopener\">Twitter<\/a><\/span>, <span style=\"color: #000000;\"><a class=\"bar-fill-hover\" style=\"color: #000000;\" href=\"https:\/\/www.linkedin.com\/showcase\/orbita-ports&amp;terminals\" target=\"_blank\" rel=\"noopener\">LinkedIn<\/a><\/span>\u00a0y\u00a0<span style=\"color: #000000;\"><a class=\"bar-fill-hover\" style=\"color: #000000;\" href=\"https:\/\/www.youtube.com\/user\/OrbitaIngenieria\" target=\"_blank\" rel=\"noopener\">Youtube<\/a><\/span><\/span><\/h4>\n<p>[\/vc_column_text][\/vc_column][\/vc_row][vc_row][vc_column][vc_empty_space height=\u00bb100px\u00bb][\/vc_column][\/vc_row]<\/p>\n","protected":false},"excerpt":{"rendered":"<p>[vc_row css=\u00bb.vc_custom_1492105454926{margin-bottom: 80px !important;}\u00bb][vc_column][vc_custom_heading text=\u00bbCont\u00e1ctanos\u00bb font_container=\u00bbtag:h1|font_size:60px|text_align:center|color:%23000000|line_height:1.667em\u00bb use_theme_fonts=\u00bbyes\u00bb css=\u00bb.vc_custom_1528280500888{margin-top: 0px !important;margin-bottom: 0px !important;}\u00bb][vc_row_inner][vc_column_inner align=\u00bbtext-center\u00bb css=\u00bb.vc_custom_1495797111684{margin-bottom: 70px !important;}\u00bb offset=\u00bbvc_col-md-offset-2 vc_col-md-8&#8243;][vc_column_text] Ll\u00e1manos al +34 961 117 483, escr\u00edbenos a info@tmeicports.com, encu\u00e9ntranos en Av. Cortes Valencianas 15, 15 46015 Valencia. Espa\u00f1a [\/vc_column_text][\/vc_column_inner][\/vc_row_inner][vc_row_inner][vc_column_inner width=\u00bb1\/3&#8243;][\/vc_column_inner][vc_column_inner width=\u00bb1\/3&#8243;][\/vc_column_inner][vc_column_inner width=\u00bb1\/3&#8243;][\/vc_column_inner][\/vc_row_inner][\/vc_column][\/vc_row][vc_row][vc_column][\/vc_column][\/vc_row][vc_row disable_element=\u00bbyes\u00bb css=\u00bb.vc_custom_1526314343284{margin-bottom: 70px !important;}\u00bb][vc_column][vc_empty_space height=\u00bb60px\u00bb][vc_row_inner][vc_column_inner width=\u00bb2\/3&#8243; offset=\u00bbvc_col-md-offset-2&#8243;][\/vc_column_inner][\/vc_row_inner][\/vc_column][\/vc_row][vc_row full_width=\u00bbstretch_row\u00bb css=\u00bb.vc_custom_1481101809390{margin-bottom: 70px !important;}\u00bb][vc_column align=\u00bbtext-center\u00bb offset=\u00bbvc_col-md-offset-2 vc_col-md-8&#8243;][vc_empty_space [&#8230;]<\/p>\n","protected":false},"author":1,"featured_media":0,"parent":0,"menu_order":0,"comment_status":"closed","ping_status":"closed","template":"","meta":{"footnotes":""},"_links":{"self":[{"href":"https:\/\/tmeicports.com\/es\/wp-json\/wp\/v2\/pages\/9774"}],"collection":[{"href":"https:\/\/tmeicports.com\/es\/wp-json\/wp\/v2\/pages"}],"about":[{"href":"https:\/\/tmeicports.com\/es\/wp-json\/wp\/v2\/types\/page"}],"author":[{"embeddable":true,"href":"https:\/\/tmeicports.com\/es\/wp-json\/wp\/v2\/users\/1"}],"replies":[{"embeddable":true,"href":"https:\/\/tmeicports.com\/es\/wp-json\/wp\/v2\/comments?post=9774"}],"version-history":[{"count":25,"href":"https:\/\/tmeicports.com\/es\/wp-json\/wp\/v2\/pages\/9774\/revisions"}],"predecessor-version":[{"id":11579,"href":"https:\/\/tmeicports.com\/es\/wp-json\/wp\/v2\/pages\/9774\/revisions\/11579"}],"wp:attachment":[{"href":"https:\/\/tmeicports.com\/es\/wp-json\/wp\/v2\/media?parent=9774"}],"curies":[{"name":"wp","href":"https:\/\/api.w.org\/{rel}","templated":true}]}}